{"id":262,"date":"2008-10-15T10:51:13","date_gmt":"2008-10-15T14:51:13","guid":{"rendered":"http:\/\/blogs.sld.cu\/aaabdo\/acerca-de\/"},"modified":"2014-08-08T18:27:23","modified_gmt":"2014-08-08T18:27:23","slug":"acerca-de","status":"publish","type":"page","link":"https:\/\/blogs.sld.cu\/aaabdo\/acerca-de\/","title":{"rendered":"Informaci\u00f3n"},"content":{"rendered":"<h2>Ooops, something went wrong!<\/h2>\n<p>There is no such page.<\/p>\n<h3>Automatic Search:<\/h3>\n<ul>\n<li>\n<h2><a href=\"http:\/\/blogviejo.sld.cu\/aaabdo\/2013\/06\/22\/incidencia-y-consecuencias-de-la-traqueobronquitis-asociada-a-ventilacion-mecanica-en-unidades-de-cuidados-intensivos\/\">Incidencia y consecuencias de la traqueobronquitis asociada a ventilaci\u00f3n mec\u00e1nica en unidades de cuidados intensivos.<\/a><\/h2>\n<p>Revista Cubana de Medicina. 2013; 52(1): 14-24.<\/p>\n<p><a href=\"http:\/\/blogviejo.sld.cu\/aaabdo\/2013\/06\/22\/incidencia-y-consecuencias-de-la-traqueobronquitis-asociada-a-ventilacion-mecanica-en-unidades-de-cuidados-intensivos\/\">(more&#8230;)<\/a><\/li>\n<li>\n<h2><a href=\"http:\/\/blogviejo.sld.cu\/aaabdo\/2013\/06\/22\/incidencia-de-infeccion-relacionada-con-el-cuidado-sanitario-en-unidades-de-cuidados-intensivos-en-cuba\/\">Incidencia de infecci\u00f3n relacionada con el cuidado sanitario en unidades de cuidados intensivos en Cuba.<\/a><\/h2>\n<p>InvestMedicoquir 2013 (enero-junio); 5(1):4-24.<\/p>\n<p><a href=\"http:\/\/blogviejo.sld.cu\/aaabdo\/2013\/06\/22\/incidencia-de-infeccion-relacionada-con-el-cuidado-sanitario-en-unidades-de-cuidados-intensivos-en-cuba\/\">(more&#8230;)<\/a><\/li>\n<li>\n<h2><a href=\"http:\/\/blogviejo.sld.cu\/aaabdo\/2013\/03\/18\/medicina-intensiva-del-soporte-vital-extracorporeo-a-las-celulas-madre\/\">Medicina Intensiva: Del Soporte Vital Extracorp\u00f3reo a las C\u00e9lulas Madre.<\/a><\/h2>\n<p>Curso Precongreso URGRAV 2013. Cimeq. Programa cient\u00edfico<\/p>\n<p><a href=\"http:\/\/blogviejo.sld.cu\/aaabdo\/2013\/03\/18\/medicina-intensiva-del-soporte-vital-extracorporeo-a-las-celulas-madre\/\">(more&#8230;)<\/a><\/li>\n<li>\n<h2><a href=\"http:\/\/blogviejo.sld.cu\/aaabdo\/2013\/03\/18\/proyecto-disminucion-de-la-infeccion-nosocomial-en-unidades-de-cuidados-intensivos-proyecto-dinucis-segunda-fase-2012-incidencia-de-infeccion-relacionada-con-el-cuidado-sanitario-en-servicios-de-m\/\">Proyecto: Disminuci\u00f3n de la Infecci\u00f3n Nosocomial en Unidades de Cuidados Intensivos. Proyecto DINUCIs. Segunda fase 2012. Incidencia de Infecci\u00f3n Relacionada con el Cuidado Sanitario en Servicios de Medicina Intensiva.<\/a><\/h2>\n<p>Informe 2012. Autores: Grupo de Investigadores del Proyecto DINUCIs<\/p>\n<p><a href=\"http:\/\/blogviejo.sld.cu\/aaabdo\/2013\/03\/18\/proyecto-disminucion-de-la-infeccion-nosocomial-en-unidades-de-cuidados-intensivos-proyecto-dinucis-segunda-fase-2012-incidencia-de-infeccion-relacionada-con-el-cuidado-sanitario-en-servicios-de-m\/\">(more&#8230;)<\/a><\/li>\n<li>\n<h2><a href=\"http:\/\/blogviejo.sld.cu\/aaabdo\/2012\/09\/24\/continuous-venovenous-hemodiafiltration-in-patients-with-multiple-organ-dysfunction-syndrome-in-an-intensive-care-unit\/\">Continuous venovenous hemodiafiltration in patients with multiple organ dysfunction syndrome in an intensive care unit.<\/a><\/h2>\n<p>Abdo AA, Castellanos R, Rocha M, Hern\u00e1ndez E, Leal G, Su\u00e1rez J, Guti\u00e9rrez JA, G\u00f3mez F, Cueto A. MEDICC Rev. 2012 Jul;14(3):26-30.<\/p>\n<p><a href=\"http:\/\/blogviejo.sld.cu\/aaabdo\/2012\/09\/24\/continuous-venovenous-hemodiafiltration-in-patients-with-multiple-organ-dysfunction-syndrome-in-an-intensive-care-unit\/\">(more&#8230;)<\/a><\/li>\n<li>\n<h2><a href=\"http:\/\/blogviejo.sld.cu\/aaabdo\/2012\/09\/24\/level-of-awareness-of-personnel-in-hospital-services-related-to-the-donation-process-a-spanish-and-latin-american-multicenter-study\/\">Level of awareness of personnel in hospital services related to the donation process: A Spanish and Latin American multicenter study.<\/a><\/h2>\n<p>J Heart Lung Transplant. 2012 Aug;31(8):850-7.<\/p>\n<p><a href=\"http:\/\/blogviejo.sld.cu\/aaabdo\/2012\/09\/24\/level-of-awareness-of-personnel-in-hospital-services-related-to-the-donation-process-a-spanish-and-latin-american-multicenter-study\/\">(more&#8230;)<\/a><\/li>\n<li>\n<h2><a href=\"http:\/\/blogviejo.sld.cu\/aaabdo\/2012\/09\/24\/multivariate-analysis-of-the-factors-affecting-attitude-toward-living-liver-donation-among-workers-in-surgical-services-in-spanish-mexican-and-cuban-hospitals\/\">Multivariate Analysis of the Factors Affecting Attitude Toward Living Liver Donation among Workers in Surgical Services in Spanish, Mexican, and Cuban Hospitals.<\/a><\/h2>\n<p>Transplant Proc. 2012 Jul;44(6):1482-5.<\/p>\n<p><a href=\"http:\/\/blogviejo.sld.cu\/aaabdo\/2012\/09\/24\/multivariate-analysis-of-the-factors-affecting-attitude-toward-living-liver-donation-among-workers-in-surgical-services-in-spanish-mexican-and-cuban-hospitals\/\">(more&#8230;)<\/a><\/li>\n<li>\n<h2><a href=\"http:\/\/blogviejo.sld.cu\/aaabdo\/2012\/06\/08\/proyecto-disminucion-de-la-infeccion-nosocomial-en-unidades-de-cuidados-intensivos-proyecto-dinucis-primera-fase-incidencia-de-infeccion-relacionada-con-el-cuidado-sanitario-en-servicios-de-medici\/\">Proyecto: Disminuci\u00f3n de la Infecci\u00f3n Nosocomial en Unidades de Cuidados Intensivos. Proyecto DINUCIs. Primera fase: Incidencia de Infecci\u00f3n Relacionada con el Cuidado Sanitario en Servicios de Medicina Intensiva.<\/a><\/h2>\n<p>Informe 2011. Autores: Grupo de Investigadores del Proyecto DINUCIs<\/p>\n<p><a href=\"http:\/\/blogviejo.sld.cu\/aaabdo\/2012\/06\/08\/proyecto-disminucion-de-la-infeccion-nosocomial-en-unidades-de-cuidados-intensivos-proyecto-dinucis-primera-fase-incidencia-de-infeccion-relacionada-con-el-cuidado-sanitario-en-servicios-de-medici\/\">(more&#8230;)<\/a><\/li>\n<\/ul>\n","protected":false},"excerpt":{"rendered":"<p>Ooops, something went wrong! There is no such page. Automatic Search: Incidencia y consecuencias de la traqueobronquitis asociada a ventilaci\u00f3n mec\u00e1nica en unidades de cuidados intensivos. Revista Cubana de Medicina. 2013; 52(1): 14-24. (more&#8230;) Incidencia de infecci\u00f3n relacionada con el cuidado sanitario en unidades de cuidados intensivos en Cuba. InvestMedicoquir 2013 (enero-junio); 5(1):4-24. (more&#8230;) Medicina [&hellip;]<\/p>\n","protected":false},"author":170,"featured_media":0,"parent":0,"menu_order":0,"comment_status":"open","ping_status":"open","template":"","meta":[],"_links":{"self":[{"href":"https:\/\/blogs.sld.cu\/aaabdo\/wp-json\/wp\/v2\/pages\/262"}],"collection":[{"href":"https:\/\/blogs.sld.cu\/aaabdo\/wp-json\/wp\/v2\/pages"}],"about":[{"href":"https:\/\/blogs.sld.cu\/aaabdo\/wp-json\/wp\/v2\/types\/page"}],"author":[{"embeddable":true,"href":"https:\/\/blogs.sld.cu\/aaabdo\/wp-json\/wp\/v2\/users\/170"}],"replies":[{"embeddable":true,"href":"https:\/\/blogs.sld.cu\/aaabdo\/wp-json\/wp\/v2\/comments?post=262"}],"version-history":[{"count":2,"href":"https:\/\/blogs.sld.cu\/aaabdo\/wp-json\/wp\/v2\/pages\/262\/revisions"}],"predecessor-version":[{"id":325,"href":"https:\/\/blogs.sld.cu\/aaabdo\/wp-json\/wp\/v2\/pages\/262\/revisions\/325"}],"wp:attachment":[{"href":"https:\/\/blogs.sld.cu\/aaabdo\/wp-json\/wp\/v2\/media?parent=262"}],"curies":[{"name":"wp","href":"https:\/\/api.w.org\/{rel}","templated":true}]}}