{"id":113,"date":"2021-03-31T06:13:15","date_gmt":"2021-03-31T06:13:15","guid":{"rendered":"http:\/\/blogs.sld.cu\/alcoholismo\/?page_id=113"},"modified":"2021-12-05T17:54:03","modified_gmt":"2021-12-05T17:54:03","slug":"consejos-utiles","status":"publish","type":"page","link":"https:\/\/blogs.sld.cu\/alcoholismo\/consejos-utiles\/","title":{"rendered":"Consejos \u00fatiles"},"content":{"rendered":"<p><span style=\"font-family: verdana, geneva; font-size: 12pt;\"><span style=\"text-decoration: underline;\">C\u00f3mo <\/span><span style=\"text-decoration: underline;\">reducir las probabilidades de tener problemas relacionados con el consumo de alcohol.<\/span><\/span><\/p>\n<ul>\n<li><span style=\"font-family: verdana, geneva; font-size: 12pt;\">Cuando beba, h\u00e1galo con calma. H\u00e1galo de a peque\u00f1os sorbos. No beba m\u00e1s de un trago con alcohol por hora. Alterne \u201cespaciadores de tragos\u201d tragos sin alcohol, como agua, jugo, con tragos que contengan alcohol.<\/span><\/li>\n<li><span style=\"font-family: verdana, geneva; font-size: 12pt;\">No beba con el est\u00f3mago vac\u00edo, tenga algo de comida para que el alcohol sea absorbido m\u00e1s lentamente por su organismo<\/span><\/li>\n<li><span style=\"font-family: verdana, geneva; font-size: 12pt;\">Si ciertas personas o lugares lo llevan a beber a\u00fan cuando usted no desea hacerlo, trate de evitarlos. Esto se llama evitar los disparadores de consumo.<\/span><\/li>\n<li><span style=\"font-family: verdana, geneva; font-size: 12pt;\">Debe estar preparado para decir NO gracias, cuando le ofrezcan consumir bebidas sin usted desearlo. Cuanto m\u00e1s r\u00e1pidamente pueda decir no a estos ofrecimientos, menos propenso ser\u00e1 a ceder. Si vacila, se estar\u00e1 dando tiempo para pensar excusas para aceptar<\/span><\/li>\n<li><span style=\"font-family: verdana, geneva; font-size: 12pt;\">Si ya eres un bebedor, piensa en tus hijos, en tu familia, y en la verguenza que siente, en tener un padre que ha perdido el control de su vida. No los defraudes, no dejes que el alcohol, te venza y te lo lleve todo. Salud, dinero y amor. G\u00e1nale la partida t\u00fa a \u00e9l.<br \/>\n<\/span><\/li>\n<li><\/li>\n<\/ul>\n","protected":false},"excerpt":{"rendered":"<p>C\u00f3mo reducir las probabilidades de tener problemas relacionados con el consumo de alcohol. Cuando beba, h\u00e1galo con calma. H\u00e1galo de a peque\u00f1os sorbos. No beba m\u00e1s de un trago con alcohol por hora. Alterne \u201cespaciadores de tragos\u201d tragos sin alcohol, como agua, jugo, con tragos que contengan alcohol. No beba con el est\u00f3mago vac\u00edo, tenga [&hellip;]<\/p>\n","protected":false},"author":208,"featured_media":0,"parent":0,"menu_order":0,"comment_status":"open","ping_status":"open","template":"","meta":[],"_links":{"self":[{"href":"https:\/\/blogs.sld.cu\/alcoholismo\/wp-json\/wp\/v2\/pages\/113"}],"collection":[{"href":"https:\/\/blogs.sld.cu\/alcoholismo\/wp-json\/wp\/v2\/pages"}],"about":[{"href":"https:\/\/blogs.sld.cu\/alcoholismo\/wp-json\/wp\/v2\/types\/page"}],"author":[{"embeddable":true,"href":"https:\/\/blogs.sld.cu\/alcoholismo\/wp-json\/wp\/v2\/users\/208"}],"replies":[{"embeddable":true,"href":"https:\/\/blogs.sld.cu\/alcoholismo\/wp-json\/wp\/v2\/comments?post=113"}],"version-history":[{"count":5,"href":"https:\/\/blogs.sld.cu\/alcoholismo\/wp-json\/wp\/v2\/pages\/113\/revisions"}],"predecessor-version":[{"id":153,"href":"https:\/\/blogs.sld.cu\/alcoholismo\/wp-json\/wp\/v2\/pages\/113\/revisions\/153"}],"wp:attachment":[{"href":"https:\/\/blogs.sld.cu\/alcoholismo\/wp-json\/wp\/v2\/media?parent=113"}],"curies":[{"name":"wp","href":"https:\/\/api.w.org\/{rel}","templated":true}]}}