{"id":122,"date":"2021-11-22T21:34:38","date_gmt":"2021-11-22T21:34:38","guid":{"rendered":"https:\/\/blogs.sld.cu\/alcoholismo\/?page_id=122"},"modified":"2021-11-22T21:43:48","modified_gmt":"2021-11-22T21:43:48","slug":"dra-leannes-garcia-rosales","status":"publish","type":"page","link":"https:\/\/blogs.sld.cu\/alcoholismo\/dra-leannes-garcia-rosales\/","title":{"rendered":"Dra. Leannes Garcia Rosales"},"content":{"rendered":"<p><a href=\"http:\/\/blogs.sld.cu\/alcoholismo\/files\/2021\/11\/IMG-20211115-WA0043.jpg\"><img loading=\"lazy\" class=\"alignnone wp-image-123\" src=\"http:\/\/blogs.sld.cu\/alcoholismo\/files\/2021\/11\/IMG-20211115-WA0043.jpg\" alt=\"\" width=\"509\" height=\"477\" srcset=\"https:\/\/blogs.sld.cu\/alcoholismo\/files\/2021\/11\/IMG-20211115-WA0043.jpg 1080w, https:\/\/blogs.sld.cu\/alcoholismo\/files\/2021\/11\/IMG-20211115-WA0043-300x281.jpg 300w, https:\/\/blogs.sld.cu\/alcoholismo\/files\/2021\/11\/IMG-20211115-WA0043-1024x960.jpg 1024w, https:\/\/blogs.sld.cu\/alcoholismo\/files\/2021\/11\/IMG-20211115-WA0043-768x720.jpg 768w, https:\/\/blogs.sld.cu\/alcoholismo\/files\/2021\/11\/IMG-20211115-WA0043-250x234.jpg 250w\" sizes=\"(max-width: 509px) 100vw, 509px\" \/><\/a><\/p>\n<p>Especialista en MGI y Toxicolog\u00eda<\/p>\n<p>Master en Prevenci\u00f3n de adicciones<\/p>\n<p>toxicolog\u00eda@infomed.sld.cu<br \/>\nCentro Nacional de Toxicolog\u00eda | Calle 114 y Ave. 31, Marianao, La Habana, 11500, Cuba | Tel\u00e9fs: 72743265, 72601230, 72608751<\/p>\n","protected":false},"excerpt":{"rendered":"<p>Especialista en MGI y Toxicolog\u00eda Master en Prevenci\u00f3n de adicciones toxicolog\u00eda@infomed.sld.cu Centro Nacional de Toxicolog\u00eda | Calle 114 y Ave. 31, Marianao, La Habana, 11500, Cuba | Tel\u00e9fs: 72743265, 72601230, 72608751<\/p>\n","protected":false},"author":208,"featured_media":0,"parent":0,"menu_order":0,"comment_status":"closed","ping_status":"closed","template":"","meta":[],"_links":{"self":[{"href":"https:\/\/blogs.sld.cu\/alcoholismo\/wp-json\/wp\/v2\/pages\/122"}],"collection":[{"href":"https:\/\/blogs.sld.cu\/alcoholismo\/wp-json\/wp\/v2\/pages"}],"about":[{"href":"https:\/\/blogs.sld.cu\/alcoholismo\/wp-json\/wp\/v2\/types\/page"}],"author":[{"embeddable":true,"href":"https:\/\/blogs.sld.cu\/alcoholismo\/wp-json\/wp\/v2\/users\/208"}],"replies":[{"embeddable":true,"href":"https:\/\/blogs.sld.cu\/alcoholismo\/wp-json\/wp\/v2\/comments?post=122"}],"version-history":[{"count":1,"href":"https:\/\/blogs.sld.cu\/alcoholismo\/wp-json\/wp\/v2\/pages\/122\/revisions"}],"predecessor-version":[{"id":124,"href":"https:\/\/blogs.sld.cu\/alcoholismo\/wp-json\/wp\/v2\/pages\/122\/revisions\/124"}],"wp:attachment":[{"href":"https:\/\/blogs.sld.cu\/alcoholismo\/wp-json\/wp\/v2\/media?parent=122"}],"curies":[{"name":"wp","href":"https:\/\/api.w.org\/{rel}","templated":true}]}}