{"id":17,"date":"2021-03-16T04:46:47","date_gmt":"2021-03-16T04:46:47","guid":{"rendered":"http:\/\/blogs.sld.cu\/alcoholismo\/?page_id=17"},"modified":"2021-12-14T15:54:50","modified_gmt":"2021-12-14T15:54:50","slug":"acerca-de","status":"publish","type":"page","link":"https:\/\/blogs.sld.cu\/alcoholismo\/acerca-de\/","title":{"rendered":"Acerca de"},"content":{"rendered":"<div class=\"itemIntroText\">\n<p>El<strong> alcoholismo<\/strong> es una enfermedad provocada por el consumo descontrolado de alcohol. El alcohol es una bebida. socialmente compartida y aceptada en nuestro medio, pero que enferma en exceso y crea dependencia. <strong>sicol\u00f3gica<\/strong> y <strong>f\u00edsica<\/strong>. La sicol\u00f3gica aparece primero, lleva tiempo en funci\u00f3n de muchos factores, ; mientras que la f\u00edsica se siente cuando el organismo le demanda su consumo.<\/p>\n<\/div>\n<div class=\"itemFullText\">\n<p>El objetivo fundamental de este sitio, es llevar un mensaje a los que nos visiten de las desventajas que trae para sus vidas esta <strong>adicci\u00f3n<\/strong>, desde el punto de vista de la salud, mental y f\u00edsica, pero tambi\u00e9n desde el punto de vista de la familia, ya que las actitudes de las personas, cambian al consumir alcohol. La editora del sitio es la Dra<strong>.Leannes Garcia Rosales\u00a0<\/strong> y la coeditora la <a title=\"Dra. Yamilet Garc\u00eda Gonz\u00e1lez\" href=\"http:\/\/blogs.sld.cu\/tabaquismo\/dra-yamilet-garcia-gonzalez\/\">Dra. Yamilet Garc\u00eda Gonz\u00e1lez,<\/a> ambas especialistas del Centro Nacional de Toxicolog\u00eda.<\/p>\n<\/div>\n","protected":false},"excerpt":{"rendered":"<p>El alcoholismo es una enfermedad provocada por el consumo descontrolado de alcohol. El alcohol es una bebida. socialmente compartida y aceptada en nuestro medio, pero que enferma en exceso y crea dependencia. sicol\u00f3gica y f\u00edsica. La sicol\u00f3gica aparece primero, lleva tiempo en funci\u00f3n de muchos factores, ; mientras que la f\u00edsica se siente cuando el [&hellip;]<\/p>\n","protected":false},"author":208,"featured_media":0,"parent":0,"menu_order":0,"comment_status":"open","ping_status":"open","template":"","meta":[],"_links":{"self":[{"href":"https:\/\/blogs.sld.cu\/alcoholismo\/wp-json\/wp\/v2\/pages\/17"}],"collection":[{"href":"https:\/\/blogs.sld.cu\/alcoholismo\/wp-json\/wp\/v2\/pages"}],"about":[{"href":"https:\/\/blogs.sld.cu\/alcoholismo\/wp-json\/wp\/v2\/types\/page"}],"author":[{"embeddable":true,"href":"https:\/\/blogs.sld.cu\/alcoholismo\/wp-json\/wp\/v2\/users\/208"}],"replies":[{"embeddable":true,"href":"https:\/\/blogs.sld.cu\/alcoholismo\/wp-json\/wp\/v2\/comments?post=17"}],"version-history":[{"count":4,"href":"https:\/\/blogs.sld.cu\/alcoholismo\/wp-json\/wp\/v2\/pages\/17\/revisions"}],"predecessor-version":[{"id":168,"href":"https:\/\/blogs.sld.cu\/alcoholismo\/wp-json\/wp\/v2\/pages\/17\/revisions\/168"}],"wp:attachment":[{"href":"https:\/\/blogs.sld.cu\/alcoholismo\/wp-json\/wp\/v2\/media?parent=17"}],"curies":[{"name":"wp","href":"https:\/\/api.w.org\/{rel}","templated":true}]}}