{"id":21,"date":"2021-03-16T04:49:05","date_gmt":"2021-03-16T04:49:05","guid":{"rendered":"http:\/\/blogs.sld.cu\/alcoholismo\/?page_id=21"},"modified":"2022-08-30T12:56:58","modified_gmt":"2022-08-30T12:56:58","slug":"causassintomas","status":"publish","type":"page","link":"https:\/\/blogs.sld.cu\/alcoholismo\/causassintomas\/","title":{"rendered":"Causas\/S\u00edntomas"},"content":{"rendered":"<h2>Causas<\/h2>\n<p><span class=\"ILfuVd\"><span class=\"hgKElc\">El <b>metabolismo del alcohol<\/b> es un proceso complejo que implica absorci\u00f3n, distribuci\u00f3n y eliminaci\u00f3n; en el h\u00edgado se metaboliza m\u00e1s del 90% del <b>alcohol<\/b> en el organismo, se convierte en acetaldeh\u00eddo mediante la acci\u00f3n de las enzimas <b>alcohol<\/b> deshidrogenasa (ADH), citocromo P540-2E1 (CYP2E1).<br \/>\n<\/span><\/span><\/p>\n<p>Los s\u00edntomas est\u00e1n en dependencia del grado de alcohol, el tipo de bebida y el alimento ingerido por la persona y va desde la alegr\u00eda y la euforia, hasta la p\u00e9rdida del conocimiento.<\/p>\n<p>Los factores gen\u00e9ticos, psicol\u00f3gicos, sociales y ambientales pueden influir sobre la manera en que el alcohol afecta tu organismo y tu conducta. Hay teor\u00edas que sugieren que en algunas personas el alcohol tiene un impacto diferente y m\u00e1s fuerte que puede causar trastornos relacionados con el consumo de alcohol.<\/p>\n<p>Con el paso del tiempo, tomar demasiado alcohol puede cambiar el funcionamiento normal de algunas \u00e1reas del cerebro asociadas con la experiencia de placer, el razonamiento y la capacidad de controlar tu conducta. Eso podr\u00eda ocasionar un fuerte deseo de tomar alcohol para intentar recuperar los sentimientos positivos o disminuir los negativos.<\/p>\n<p>El trastorno por consumo de alcohol puede ser leve, moderado o grave, seg\u00fan la cantidad de s\u00edntomas que presente el paciente.<\/p>\n<p>Entre los signos y s\u00edntomas pueden encontrarse los siguientes:<\/p>\n<ul>\n<li>Incapacidad para limitar la cantidad de alcohol que consumes<\/li>\n<li>Deseo o intentos fallidos de reducir la cantidad de alcohol que consumes<\/li>\n<li>P\u00e9rdida de mucho tiempo bebiendo u obteniendo el alcohol, o recuper\u00e1ndote de su consumo<\/li>\n<li>Deseo fuerte o necesidad de beber alcohol.<\/li>\n<li>Incumplimiento de obligaciones importantes en el trabajo, la escuela o el hogar debido al consumo excesivo y reiterado de alcohol.<\/li>\n<li>Consumo continuo de alcohol incluso cuando sabes que esto causa problemas f\u00edsicos, sociales o interpersonales.<\/li>\n<li>Abandono o reducci\u00f3n de actividades sociales o laborales y pasatiempos.<\/li>\n<li>Consumo de alcohol en situaciones donde no es seguro, como al conducir o nadar<\/li>\n<li>Desarrollo de tolerancia al alcohol, de manera que necesitas m\u00e1s cantidad para sentir su efecto o tienes un efecto reducido por la misma cantidad<\/li>\n<li>Presencia de s\u00edntomas de abstinencia, como n\u00e1useas, sudoraci\u00f3n y temblores, cuando no bebes, o beber para evitar estos s\u00edntomas<\/li>\n<\/ul>\n<p>El trastorno por consumo de alcohol puede incluir per\u00edodos de intoxicaci\u00f3n por alcohol y s\u00edntomas de abstinencia.<\/p>\n<ul>\n<li>La <strong>intoxicaci\u00f3n por alcohol<\/strong> se genera a medida que aumenta la cantidad de alcohol en el torrente sangu\u00edneo. Mayor la concentraci\u00f3n de alcohol en sangre, mayor el deterioro en tu organismo. La intoxicaci\u00f3n por alcohol causa problemas de conducta y cambios mentales. Estos pueden incluir comportamiento inadecuado, estados de \u00e1nimo inestables, alteraci\u00f3n de la capacidad de juicio, dificultad para hablar, problemas de atenci\u00f3n o memoria y mala coordinaci\u00f3n. Tambi\u00e9n puedes tener per\u00edodos denominados \u201capagones\u201d, donde no recuerdas los hechos. Los niveles muy altos de alcohol en sangre pueden provocar un coma o incluso la muerte.<\/li>\n<li>La <strong>abstinencia al alcohol<\/strong> puede suceder cuando el consumo de alcohol ha sido intenso y prolongado y luego se suspende o reduce considerablemente. Puede suceder en el plazo de varias horas o hasta cuatro o cinco d\u00edas despu\u00e9s. Los signos y s\u00edntomas consisten en sudoraci\u00f3n, aceleraci\u00f3n de los latidos del coraz\u00f3n, temblores en las manos, problemas para dormir, n\u00e1useas y v\u00f3mitos, alucinaciones, inquietud y nerviosismo, ansiedad y, a veces, convulsiones. Los s\u00edntomas pueden ser lo suficientemente graves como para afectar tu desempe\u00f1o en el trabajo o en situaciones sociales.<\/li>\n<\/ul>\n","protected":false},"excerpt":{"rendered":"<p>Causas El metabolismo del alcohol es un proceso complejo que implica absorci\u00f3n, distribuci\u00f3n y eliminaci\u00f3n; en el h\u00edgado se metaboliza m\u00e1s del 90% del alcohol en el organismo, se convierte en acetaldeh\u00eddo mediante la acci\u00f3n de las enzimas alcohol deshidrogenasa (ADH), citocromo P540-2E1 (CYP2E1). Los s\u00edntomas est\u00e1n en dependencia del grado de alcohol, el tipo [&hellip;]<\/p>\n","protected":false},"author":208,"featured_media":0,"parent":0,"menu_order":0,"comment_status":"open","ping_status":"open","template":"","meta":[],"_links":{"self":[{"href":"https:\/\/blogs.sld.cu\/alcoholismo\/wp-json\/wp\/v2\/pages\/21"}],"collection":[{"href":"https:\/\/blogs.sld.cu\/alcoholismo\/wp-json\/wp\/v2\/pages"}],"about":[{"href":"https:\/\/blogs.sld.cu\/alcoholismo\/wp-json\/wp\/v2\/types\/page"}],"author":[{"embeddable":true,"href":"https:\/\/blogs.sld.cu\/alcoholismo\/wp-json\/wp\/v2\/users\/208"}],"replies":[{"embeddable":true,"href":"https:\/\/blogs.sld.cu\/alcoholismo\/wp-json\/wp\/v2\/comments?post=21"}],"version-history":[{"count":7,"href":"https:\/\/blogs.sld.cu\/alcoholismo\/wp-json\/wp\/v2\/pages\/21\/revisions"}],"predecessor-version":[{"id":160,"href":"https:\/\/blogs.sld.cu\/alcoholismo\/wp-json\/wp\/v2\/pages\/21\/revisions\/160"}],"wp:attachment":[{"href":"https:\/\/blogs.sld.cu\/alcoholismo\/wp-json\/wp\/v2\/media?parent=21"}],"curies":[{"name":"wp","href":"https:\/\/api.w.org\/{rel}","templated":true}]}}