{"id":23,"date":"2021-03-16T04:50:51","date_gmt":"2021-03-16T04:50:51","guid":{"rendered":"http:\/\/blogs.sld.cu\/alcoholismo\/?page_id=23"},"modified":"2021-12-05T18:26:36","modified_gmt":"2021-12-05T18:26:36","slug":"diagnosticotratamiento","status":"publish","type":"page","link":"https:\/\/blogs.sld.cu\/alcoholismo\/diagnosticotratamiento\/","title":{"rendered":"Diagn\u00f3stico\/Tratamiento"},"content":{"rendered":"<p><span id=\"page21R_mcid219\" class=\"markedContent\"><span dir=\"ltr\" role=\"presentation\">El diagn\u00f3stico de alcoholismo supone la elaboraci\u00f3n de una correcta entrevista con el paciente (anamnesis), <\/span><\/span><span id=\"page21R_mcid220\" class=\"markedContent\"><br role=\"presentation\" \/><span dir=\"ltr\" role=\"presentation\">junto con la correcta exploraci\u00f3n cl\u00ednica. Es necesario realizar la valoraci\u00f3n de la cantidad <\/span><\/span><span id=\"page21R_mcid221\" class=\"markedContent\"><br role=\"presentation\" \/><span dir=\"ltr\" role=\"presentation\">y frecuencia de la ingesta alcoh\u00f3lica. Puede ser \u00fatil el uso de cuestionarios diagn\u00f3sticos. <\/span><\/span><span id=\"page21R_mcid222\" class=\"markedContent\"><br role=\"presentation\" \/>\u00a0que reflejen:<\/span><span id=\"page21R_mcid230\" class=\"markedContent\"><span dir=\"ltr\" role=\"presentation\">trastornos conductuales, repercusiones familiares, sociales y legales). <\/span><\/span><\/p>\n<p><span id=\"page21R_mcid230\" class=\"markedContent\"><span dir=\"ltr\" role=\"presentation\">En la exploraci\u00f3n f\u00edsica <\/span><\/span><span id=\"page21R_mcid231\" class=\"markedContent\"><br role=\"presentation\" \/><span dir=\"ltr\" role=\"presentation\">se buscar\u00e1n alteraciones som\u00e1ticas y otros datos, inespec\u00edficos pero orientativos sobre el abuso <\/span><\/span><span id=\"page21R_mcid232\" class=\"markedContent\"><br role=\"presentation\" \/><span dir=\"ltr\" role=\"presentation\">de alcohol, y signos cl\u00ednicos que evidencien las consecuencias del consumo et\u00edlico. <\/span><\/span><span id=\"page21R_mcid233\" class=\"markedContent\"><br role=\"presentation\" \/><span dir=\"ltr\" role=\"presentation\">Los registros del consumo de alcohol aportar\u00e1n datos sobre la duraci\u00f3n, frecuencia y <\/span><\/span><span id=\"page21R_mcid234\" class=\"markedContent\"><br role=\"presentation\" \/><span dir=\"ltr\" role=\"presentation\">cantidad de la ingesta de cada consumici\u00f3n. Son muy recomendables aunque poco registrados <\/span><\/span><span id=\"page21R_mcid235\" class=\"markedContent\"><br role=\"presentation\" \/><span dir=\"ltr\" role=\"presentation\">en Atenci\u00f3n Primaria, donde el consejo terap\u00e9utico sobre la reducci\u00f3n de un consumo de alcohol.<br \/>\n<\/span><\/span><\/p>\n<p>El m\u00e9dico de la familia, conoce a su comunidad y a sus pacientes.y en la exploraci\u00f3n f\u00ecsica debe buscar marcadores biol\u00f3gicos,<\/p>\n<p><strong>La dependencia del alcoho<\/strong>l, es una enfermedad que cuando se instaura en un individuo, le afecta no solo a \u00e9l, sino a la familia\u00a0 completa tambi\u00e9n. Es una enfermedad desgastante que hace perder al paciente relaciones, afectos e incluso el trabajo. Por lo que afecta en todos los \u00e1mbitos de la vida de una persona, motivando tambi\u00e9n, el rechazo social.Tristemente, no se ve, como la enfermedad que es, y la persona llega a un grado de denigrac\u00ed\u00f3n total, antes de que su organismo sufra los resultados de la ingesti\u00f3n excesiva del etanol o alcohol et\u00edlico.Sobre todo afecta a los ni\u00f1os, que ven las consecuencias y la verguenza de tener un padre al que todos llaman <strong>&#8220;el borracho&#8221;. El tratamiento del alcoholismo<\/strong> conlleva tratamiento individualizado, cl\u00ednico, psicol\u00f2gico, y terapia grupal y familiar. El paciente debe ser consciente de que es un enfermo, que dwbe ser tratado para desvincularse de la dependencia al alcohol.<\/p>\n","protected":false},"excerpt":{"rendered":"<p>El diagn\u00f3stico de alcoholismo supone la elaboraci\u00f3n de una correcta entrevista con el paciente (anamnesis), junto con la correcta exploraci\u00f3n cl\u00ednica. Es necesario realizar la valoraci\u00f3n de la cantidad y frecuencia de la ingesta alcoh\u00f3lica. Puede ser \u00fatil el uso de cuestionarios diagn\u00f3sticos. \u00a0que reflejen:trastornos conductuales, repercusiones familiares, sociales y legales). En la exploraci\u00f3n f\u00edsica [&hellip;]<\/p>\n","protected":false},"author":208,"featured_media":0,"parent":0,"menu_order":0,"comment_status":"closed","ping_status":"open","template":"","meta":[],"_links":{"self":[{"href":"https:\/\/blogs.sld.cu\/alcoholismo\/wp-json\/wp\/v2\/pages\/23"}],"collection":[{"href":"https:\/\/blogs.sld.cu\/alcoholismo\/wp-json\/wp\/v2\/pages"}],"about":[{"href":"https:\/\/blogs.sld.cu\/alcoholismo\/wp-json\/wp\/v2\/types\/page"}],"author":[{"embeddable":true,"href":"https:\/\/blogs.sld.cu\/alcoholismo\/wp-json\/wp\/v2\/users\/208"}],"replies":[{"embeddable":true,"href":"https:\/\/blogs.sld.cu\/alcoholismo\/wp-json\/wp\/v2\/comments?post=23"}],"version-history":[{"count":8,"href":"https:\/\/blogs.sld.cu\/alcoholismo\/wp-json\/wp\/v2\/pages\/23\/revisions"}],"predecessor-version":[{"id":158,"href":"https:\/\/blogs.sld.cu\/alcoholismo\/wp-json\/wp\/v2\/pages\/23\/revisions\/158"}],"wp:attachment":[{"href":"https:\/\/blogs.sld.cu\/alcoholismo\/wp-json\/wp\/v2\/media?parent=23"}],"curies":[{"name":"wp","href":"https:\/\/api.w.org\/{rel}","templated":true}]}}