{"id":37,"date":"2021-03-16T13:35:25","date_gmt":"2021-03-16T13:35:25","guid":{"rendered":"http:\/\/blogs.sld.cu\/alcoholismo\/?page_id=37"},"modified":"2021-12-05T18:34:47","modified_gmt":"2021-12-05T18:34:47","slug":"preguntas-frecuentes","status":"publish","type":"page","link":"https:\/\/blogs.sld.cu\/alcoholismo\/preguntas-frecuentes\/","title":{"rendered":"Preguntas frecuentes"},"content":{"rendered":"<p><a href=\"http:\/\/blogs.sld.cu\/alcoholismo\/files\/2021\/11\/Dr.C.-Ricardo-Gonzalez-Menendezjpg.jpg\"><img loading=\"lazy\" class=\"wp-image-128 alignleft\" src=\"http:\/\/blogs.sld.cu\/alcoholismo\/files\/2021\/11\/Dr.C.-Ricardo-Gonzalez-Menendezjpg.jpg\" alt=\"\" width=\"349\" height=\"282\" \/><\/a>Aunque lamentablemente ya no est\u00e1 con nosotros. El Doctor en Ciencias <strong>Ricardo Gonz\u00e1lez Men\u00e9ndez,<\/strong> reconocido nacional e internacionalmente como un experto en adicciones, nos brinda 20 respuestas sobre el alcoholismo que, de seguro, nuestros visitantes agradecer\u00e1n por el saber y el magisterio que encierran las ideas que el cient\u00edfico cubano comparti\u00f3 con Granma y con el periodista<strong> Jos\u00e9 A. de la Os<\/strong>a, en una entrevista.<\/p>\n<p>El Doctor en Ciencias Ricardo Gonz\u00e1lez Men\u00e9ndez, reconocido nacional e internacionalmente como un experto en adicciones, es Profesor Titular de Psiquiatr\u00eda de la Facultad de Ciencias M\u00e9dicas Enrique Cabrera y Consultante del Servicio de Adicciones del Hospital Psiqui\u00e1trico de La Habana Doctor Eduardo B. Ordaz. Tambi\u00e9n es Acad\u00e9mico de M\u00e9rito y presidente de la Comisi\u00f3n Nacional de \u00c9tica M\u00e9dica.<\/p>\n<p>Doctor en Ciencias Ricardo Gonz\u00e1lez Men\u00e9ndez.<\/p>\n<p>o 20 respuestas sobre alcoholismo que, de seguro, nuestros lectores agradecer\u00e1n por el saber y el magisterio que encierran las ideas que el cient\u00edfico cubano comparti\u00f3 con Granma.<\/p>\n<p><strong>1. \u00bfQu\u00e9 es el alcoholismo?<\/strong><\/p>\n<p>Es una enfermedad cr\u00f3nica \u2014aunque rehabilitable\u2014 y la m\u00e1s frecuente y da\u00f1ina de todas las drogadicciones conocidas, pues los comportamientos bajo la influencia del alcohol, tanto en pacientes alcoh\u00f3licos como en quienes lo consumen en forma no social, alcanzan como problema de salud mundial igual rango que el c\u00e1ncer y las enfermedades cardiovasculares, principales causas de muerte.<\/p>\n<p><strong>2. \u00bfEs tambi\u00e9n un vicio?<\/strong><\/p>\n<p>No, es una enfermedad, incluida en todas las clasificaciones internacionales y ajena al vicio, la inmoralidad o a las tendencias delictivas, ya que hasta el mejor de los seres humanos corre el riesgo de padecerla pues no respeta edad, sexo, color de la piel, escolaridad, estado civil, procedencia cultural, desarrollo pol\u00edtico-ideol\u00f3gico ni creencias religiosas.<\/p>\n<p>3. <strong>\u00bfEs un problema social, y tambi\u00e9n de salud en Cuba?<\/strong><\/p>\n<p>En las \u00faltimas dos d\u00e9cadas ha alcanzado ambas categor\u00edas.<\/p>\n<p>4<strong>. \u00bfQu\u00e9 consumo, y de qu\u00e9 bebidas, podr\u00eda considerarse lo normal?<\/strong><\/p>\n<p>Lo normal es que el alcohol no se incorpore al estilo de vida, evitar a toda costa la embriaguez, no pasar de uno a dos tragos por ocasi\u00f3n de consumo, ni alcanzar los fines de semana el catastr\u00f3fico consumo en bingo (cinco o m\u00e1s tragos en el hombre y cuatro o m\u00e1s tragos en la mujer por sesi\u00f3n de consumo). Es decir, lo normal o social es un consumo que no supere las normas culturales y que no da\u00f1e al consumidor ni a quienes le circundan, ni afecte su econom\u00eda ni su libertad para decidir cu\u00e1ndo y hasta cu\u00e1nto debe beber.<\/p>\n<p>5<strong>. \u00bfEn qu\u00e9 momento se puede considerar que una persona es alcoh\u00f3lica?<\/strong><\/p>\n<p>Cuando el alcohol \u201cse impone\u201d en el estilo de vida, se violan las normas sociales de consumo, se determinan da\u00f1os biol\u00f3gicos, psicol\u00f3gicos o sociales; se pierde la libertad de decidir y se mantiene el consumo pese a da\u00f1os evidentes o intentos personales por dejarlo. Tambi\u00e9n cuando familiares y amigos advierten que a \u201cmano limpia\u201d se ha perdido la pelea y se necesita ayuda m\u00e9dica.<\/p>\n<p>6. <strong>\u00bfEs una adicci\u00f3n \u201caprendida\u201d o existe alguna predisposici\u00f3n gen\u00e9tica o de otro orden que contribuya a convertirnos en alcoh\u00f3licos?<\/strong><\/p>\n<p>Nadie nace alcoh\u00f3lico ni con propensi\u00f3n a beber. Eso \u201cse aprende\u201d. La herencia s\u00ed puede aumentar la vulnerabilidad ante los efectos del alcohol y acelerar la instalaci\u00f3n del alcoholismo o contribuir a la aparici\u00f3n de otras enfermedades que predispongan al consumo, como la depresi\u00f3n o la ansiedad, y entonces se habla de herencia indirecta.<\/p>\n<p>7. <strong>\u00bfSe conocen los mecanismos por los cuales se desarrolla esta dependencia?<\/strong><\/p>\n<p>Como tel\u00f3n de fondo imitaci\u00f3n, b\u00fasqueda de aceptaci\u00f3n, repetici\u00f3n, excesos o intentos fallidos de enfrentar el estr\u00e9s o divertirse. Hay tambi\u00e9n mecanismos cerebrales que contribuyen a ello.<\/p>\n<p>8<strong>. Situados literalmente en el borde de ese abismo (convertirnos en alcoh\u00f3licos), \u00bfes consciente la persona de la situaci\u00f3n en que se encuentra?<\/strong><\/p>\n<p>Desde que se pasa de bebedor social a bebedor de riesgo (excesos y embriaguez cada vez m\u00e1s intensos y frecuentes) se reciben muchos consejos, pero el mecanismo de negaci\u00f3n hace que no sean aceptados, aunque cuando empiezan las lagunas de memoria y se aprecia que el alcohol \u201cva tomando las riendas\u201d, pero sobre todo cuando fallan los intentos por controlarse \u201ca mano limpia\u201d (sin las \u201carmas\u201d del tratamiento), se va instalando la conciencia de que hay un problema y debe buscarse ayuda.<\/p>\n<p>9.<strong> \u00bfQu\u00e9 da\u00f1os fundamentales a la salud, avalados cient\u00edficamente, origina esta dependencia a corto y m\u00e1s largo plazos?<\/strong><\/p>\n<p>Los da\u00f1os corporales (cirrosis, infartos cardiacos y cerebrales, del\u00edrium tremens, afectaci\u00f3n renal y sexual) se suman a los psicol\u00f3gicos sociales y espirituales (insensibilidad humana transitoria). El uso no social de alcohol se vincula a 60 enfermedades, y en nuestro continente dicho consumo es el primero de los 26 factores de riesgo para enfermar que valora la Organizaci\u00f3n Panamericana de la Salud. Luego es m\u00e1s peligroso que el fumar, la hipertensi\u00f3n arterial, el colesterol malo alto, la obesidad, entre otros.<\/p>\n<p>10.<strong> \u00bfEs mito o realidad que un consumo moderado mejora el funcionamiento del coraz\u00f3n?<\/strong><\/p>\n<p>Es ciencia constituida, pero la cantidad para lograr efectos positivos es de un cuarto de copa de vino tinto una vez al d\u00eda, siempre que no sea un menor de 18 a\u00f1os, un paciente alcoh\u00f3lico o epil\u00e9ptico o una gestante, que no deben tomar ni una gota. Claro que, salvo las excepciones se\u00f1aladas, quien beba m\u00e1s de esa cantidad en forma moderada no tendr\u00e1 da\u00f1os, pero ya no tendr\u00e1 efectos positivos.<\/p>\n<p>1<strong>1. \u00bfY en cuanto a que contribuye a incrementar la actividad sexual en el hombre?<\/strong><\/p>\n<p>Hace m\u00e1s de 400 a\u00f1os que William Shakespeare en su tragedia Macbeth escribi\u00f3: \u201cEl alcohol provoca el deseo, pero afecta la ejecuci\u00f3n\u201d. No es por gusto que la primera pregunta de un sex\u00f3logo ante un \u201cfracaso sexual\u201d es: \u00bfhab\u00eda usted ingerido bebidas alcoh\u00f3licas? A largo plazo se requerir\u00e1 de la rehabilitaci\u00f3n para recuperar el vigor sexual.<\/p>\n<p>12. \u00bf<strong>El consumo de alcohol est\u00e1 contraindicado cuando estamos tomando alg\u00fan tipo de medicamento?<\/strong><\/p>\n<p>El alcohol, el tabaco y otras drogas con frecuencia reducen el efecto de muchos medicamentos y en algunos casos pueden determinar reacciones graves, como ocurre con antibi\u00f3ticos sulfas y f\u00e1rmacos antidiab\u00e9ticos. Lo m\u00e1s recomendable es consultar al m\u00e9dico para evitar problemas.<\/p>\n<p><strong>13. \u00bfY durante el embarazo, la lactancia ?<\/strong><\/p>\n<p>Hay un llamado muy emotivo y correcto de cient\u00edficos de habla inglesa a las madres en esas condiciones: \u201cPor el bienestar de su beb\u00e9 no pruebe ni una gota de alcohol\u201d. Es peor que el tabaco, que ya es decir. Los riesgos son incalculables y para toda la vida. Es igual a la ruleta rusa. Si lo sabe, no lo haga, por favor.<\/p>\n<p>14. \u00bfHay servicios asistenciales y especialistas encargados de ofrecer atenci\u00f3n a estos pacientes?<\/p>\n<p>Nuestro sistema de Salud P\u00fablica sigue un programa promocional de salud, preventivo y rehabilitatorio totalmente gratuito y en constante desarrollo, cuyas primeras v\u00edas de contacto son el m\u00e9dico y la enfermera de la familia, el policl\u00ednico y el centro comunitario de salud mental, que asumen la orientaci\u00f3n y terapia integral de los pacientes con el respaldo, seg\u00fan la evoluci\u00f3n, de servicios hospitalarios y centros especializados, y despu\u00e9s est\u00e1n los grupos de autoayuda GAMA, del Ministerio de Salud P\u00fablica, y otros igualmente prestigiosos y valiosos como Alcoh\u00f3licos An\u00f3nimos.<\/p>\n<p><strong>15. \u00bfQu\u00e9 s\u00edntomas podr\u00edan darnos una alerta de que estamos marchando rumbo a la adicci\u00f3n?<\/strong><\/p>\n<p>En efecto, se trata de un proceso en el que el consumo de alcohol deja de ser social y tanto los excesos como la relevancia del t\u00f3xico van ganando preeminencia en el estilo de vida. Se piensa en una salida y surge la preocupaci\u00f3n por garantizar el suministro de alcohol. Los familiares y amigos comienzan a alertar, cada vez se requiere m\u00e1s cantidad de bebida y la econom\u00eda empieza a da\u00f1arse; molestan los se\u00f1alamientos y comienza alg\u00fan grado de culpa, hay resacas intensas y se fracasa en alg\u00fan intento (desarmado) de suprimir el consumo.<\/p>\n<p>16. <strong>\u00bfEn qu\u00e9 consiste el tratamiento?<\/strong><\/p>\n<p>La esencia es un estudio cl\u00ednico integral, vitaminoterapia, la psicoterapia de grupo, orientaci\u00f3n familiar y el seguimiento en grupos de autoayuda.<\/p>\n<p>17. \u00bf<strong>Es curable el alcoholismo?<\/strong><\/p>\n<p>Es rehabilitable, pues de regresar al consumo la reca\u00edda es inevitable, como ocurri\u00f3 con dos pacientes nuestros luego de 22 y 23 a\u00f1os de abstinencia total. La explicaci\u00f3n est\u00e1 en la huella o memoria celular de ser un adicto que queda impresa en el ADN hasta 10 mil a\u00f1os despu\u00e9s de fallecer. Pero bien entendido que la rehabilitaci\u00f3n resuelve para siempre los problemas y cada vez es el rehabilitado mejor persona hasta llegar a ser un ciudadano ejemplar.<\/p>\n<p>18.<strong> \u00bfConcluido el tratamiento los pacientes no pueden volver a beber siquiera moderadamente?<\/strong><\/p>\n<p>\u00a1Jam\u00e1s! Y en ninguna cantidad de alcohol ni droga sustituta que transforme la conducta.<\/p>\n<p>19<strong>. \u00bfC\u00f3mo ayudar a un familiar o amigo que sufra de esta adicci\u00f3n?<\/strong><\/p>\n<p>Persuadirlo en momentos de sobriedad para que reciba ayuda m\u00e9dica y no olvidar el pensamiento persa de \u201cqui\u00e9reme cuando menos lo merezco porque es cuando m\u00e1s lo necesito\u201d.<\/p>\n<p><strong>20. \u00bfQu\u00e9 comentario final nos dejar\u00eda?<\/strong><\/p>\n<p>En 40 a\u00f1os he atendido en total a unos 4 mil pacientes alcoh\u00f3licos o con otras adicciones procedentes de diversos pa\u00edses, provincias y municipios y solo recuerdo a tres que desafortunadamente hab\u00edan nacido para revolcarse en el esti\u00e9rcol por su mala calidad humana. Los restantes han sido iguales o mucho mejores que yo, y cuando se rehabilitan se convierten en personas respetables y muchas veces admirables por sus condiciones humanas.<\/p>\n<p>La Habana, viernes 20 de septiembre de 2013. A\u00f1o 17 \/ N\u00famero 263<\/p>\n<p>Revistas tem\u00e1ticas<\/p>\n<p>Hospital Psiqui\u00e1trico de La Habana<br \/>\nRevista Adicciones<br \/>\nRevista Espa\u00f1ola de Drogodependencias<br \/>\nRevista Psicoactiva<br \/>\nRevista Salud y Adicciones<br \/>\nSociodrogalcohol news<\/p>\n<p>Sitios de inter\u00e9s<\/p>\n<p>Biblioteca Dag Hammarskj\u00f6ld. Oficina de las Naciones Unidas<br \/>\nBlog de alcoholismo<br \/>\nlasdrogas.info<br \/>\nOrganizaci\u00f3n Mundial de la Salud. Abuso de sustancias<br \/>\nSistema de informaci\u00f3n biblioteca de las Naciones Unidas<br \/>\nSocidrogalcohol<\/p>\n<p>Mensaje Secretario ONU<br \/>\nEn la pandemia, la ciencia es la protagonista, y la confianza en ella es la lecci\u00f3n que hemos aprendido: necesitamos de ambas para vencer al virus.<\/p>\n<p>ver m\u00e1s&#8230;<br \/>\nResumen investigaciones<\/p>\n<p>1ra. edici\u00f3n Maestr\u00eda Prevenci\u00f3n del Uso Indebido de Drogas.<br \/>\n2da. edici\u00f3n Maestr\u00eda Prevenci\u00f3n del Uso Indebido de Drogas.<br \/>\n3ra. edici\u00f3n Maestr\u00eda Prevenci\u00f3n del Uso Indebido de Drogas.<\/p>\n<p>L\u00ednea Confidencial Antidrogas<br \/>\nRSS CEDRO Al Dia<br \/>\nRSS Pr\u00f3ximos eventos<br \/>\nServicio de Infomed<\/p>\n<p>Infomed pone a disposici\u00f3n de sus usuarios informaci\u00f3n relacionada con la tem\u00e1tica de adicciones, la cual usted podr\u00e1 consultar accediendo a:<\/p>\n<p>Sitios recomendados<br \/>\nOtros enlaces<\/p>\n<p>Cencomed<br \/>\nLista distribuci\u00f3n Red acad\u00e9mica sobre adicciones (Reacadic)<br \/>\nUniversidad de Ciencias M\u00e9dicas de La Habana<br \/>\nUniversidad Virtual de Salud<\/p>\n<p>Meta<\/p>\n","protected":false},"excerpt":{"rendered":"<p>Aunque lamentablemente ya no est\u00e1 con nosotros. El Doctor en Ciencias Ricardo Gonz\u00e1lez Men\u00e9ndez, reconocido nacional e internacionalmente como un experto en adicciones, nos brinda 20 respuestas sobre el alcoholismo que, de seguro, nuestros visitantes agradecer\u00e1n por el saber y el magisterio que encierran las ideas que el cient\u00edfico cubano comparti\u00f3 con Granma y con [&hellip;]<\/p>\n","protected":false},"author":208,"featured_media":0,"parent":0,"menu_order":0,"comment_status":"closed","ping_status":"open","template":"","meta":[],"_links":{"self":[{"href":"https:\/\/blogs.sld.cu\/alcoholismo\/wp-json\/wp\/v2\/pages\/37"}],"collection":[{"href":"https:\/\/blogs.sld.cu\/alcoholismo\/wp-json\/wp\/v2\/pages"}],"about":[{"href":"https:\/\/blogs.sld.cu\/alcoholismo\/wp-json\/wp\/v2\/types\/page"}],"author":[{"embeddable":true,"href":"https:\/\/blogs.sld.cu\/alcoholismo\/wp-json\/wp\/v2\/users\/208"}],"replies":[{"embeddable":true,"href":"https:\/\/blogs.sld.cu\/alcoholismo\/wp-json\/wp\/v2\/comments?post=37"}],"version-history":[{"count":6,"href":"https:\/\/blogs.sld.cu\/alcoholismo\/wp-json\/wp\/v2\/pages\/37\/revisions"}],"predecessor-version":[{"id":131,"href":"https:\/\/blogs.sld.cu\/alcoholismo\/wp-json\/wp\/v2\/pages\/37\/revisions\/131"}],"wp:attachment":[{"href":"https:\/\/blogs.sld.cu\/alcoholismo\/wp-json\/wp\/v2\/media?parent=37"}],"curies":[{"name":"wp","href":"https:\/\/api.w.org\/{rel}","templated":true}]}}