{"id":221,"date":"2014-02-14T15:35:36","date_gmt":"2014-02-14T15:35:36","guid":{"rendered":"http:\/\/blogs.sld.cu\/alejandro\/?page_id=221"},"modified":"2014-02-14T15:35:36","modified_gmt":"2014-02-14T15:35:36","slug":"la-prospectiva-la-innovacion-y-el-comercio","status":"publish","type":"page","link":"https:\/\/blogs.sld.cu\/alejandro\/la-prospectiva-la-innovacion-y-el-comercio\/","title":{"rendered":"La prospectiva, la innovaci\u00f3n y el comercio"},"content":{"rendered":"<p>En las lecciones anteriores vimos que las tendencias se refieren a la naturaleza, las causas, la velocidad y el impacto potencial de una tendencia en desarrollo. Y los pasos en el an\u00e1lisis de tendencias.<br \/>\n1. Encontrar las tendencias.<br \/>\n2. Identifcar las causas que la provocan.<br \/>\n3. Deterinar con que velocidad se desarrollara.<br \/>\n4. Preve las consecuencias de su impacto.<\/p>\n<p>Tambi\u00e9n mencionamos a los actores sociales<br \/>\nLos cuales se definen como grupos o conglomerados humanos que se asocian, consciente o inconscientemente, para defender sus propios intereses desplegando el grado de poder que cada uno posee.<\/p>\n<p>Las tendencias (sociales, econ\u00f3micas, etc.) existen porque han sido el fruto de estrategias desplegadas por Actores Sociales. Y si las rupturas a estas tendencias no han logrado hacerlas cambiar su rumbo, ha sido porque el poder de estos actores sociales no sido suficientemente fuerte para aniquilarlas.<\/p>\n<p>Hay que tener en cuenta que el an\u00e1lisis prospectivo no solo busca detectar grandes &#8220;rupturas&#8221; en los procesos (sean estos tecnol\u00f3gicos, de cambios en la demanda o de impacto de nuevos competidores) sino ejemplificar cu\u00e1les aparecen como los caminos m\u00e1s adecuados para mutaciones incrementales, es decir, peque\u00f1as innovaciones.<\/p>\n<p>Prospectiva e innovaci\u00f3n<br \/>\nExisten cuatro formas diferentes de clasificaci\u00f3n de las innovaciones en lo que respecta al impacto que imponen.<br \/>\n1. En primer t\u00e9rmino aparecen las innovaciones progresivas o incrementales (caracter\u00edsticas de las actuales industrias automotrices).<br \/>\n2. En segundo t\u00e9rmino la innovaci\u00f3n radical (cuya ejemplificaci\u00f3n podr\u00eda ser la aparici\u00f3n de las ruedas de caucho).<br \/>\n3. En tercer t\u00e9rmino, los sistemas tecnol\u00f3gicos (cuyo paradigma podr\u00eda ser la red el\u00e9ctrica).<br \/>\n4. Por \u00faltimo las Revoluciones Tecnol\u00f3gicas, cuyo ejemplo m\u00e1s actual podr\u00eda resumirse en la PC, ya que impacta en todas las esferas de la sociedad, transversalmente, y no s\u00f3lo en un sector espec\u00edfico.<\/p>\n<p>Por lo que el an\u00e1lisis prospectivo no solo busca detectar grandes &#8220;rupturas&#8221; en los procesos (sean estos tecnol\u00f3gicos, de cambios en la demanda o de impacto de nuevos competidores) sino ejemplificar cu\u00e1les aparecen como los caminos m\u00e1s adecuados para mutaciones incrementales, es decir, peque\u00f1as innovaciones.<\/p>\n<p>Por otra parte la llamada sociedad de riesgo o de incertidumbre imprime un nuevo sesgo a la planificaci\u00f3n cl\u00e1sica de los negocios. Las empresas, cualquiera sea su tama\u00f1o deben estar preparadas para el cambio y de alguna manera preverlo o generarlo a partir de la innovaci\u00f3n.<\/p>\n<p>A diferencia de las invenciones o los descubrimientos cient\u00edficos, las innovaciones para ser tales requieren la aceptaci\u00f3n del mercado. Seg\u00fan Schumpeter asumen cinco formas diferentes:<br \/>\n\u2022 La introducci\u00f3n de un nuevo producto o el mejoramiento de la calidad de un producto.<br \/>\n\u2022 Un nuevo proceso de producci\u00f3n.<br \/>\n\u2022 La apertura de un nuevo mercado.<br \/>\n\u2022 El desarrollo de una nueva fuente de insumo.<br \/>\n\u2022 Cambios en la organizaci\u00f3n industrial.<\/p>\n<p>Hay que tener en cuenta que la tecnolog\u00eda ya no se ejercita como un proceso aut\u00f3nomo ingenieril sino que depende cada vez m\u00e1s de las habilidades o capacidades cognitivas y de procedimientos que provienen de la ciencia<\/p>\n<p>Y como resaltan muchos autores: La prospectiva tecnol\u00f3gica, encargada de focalizar la influencia de la investigaci\u00f3n cient\u00edfica en la producci\u00f3n, la distribuci\u00f3n y el consumo de productos aparece como decisiva para aquellas sociedades que pretenden salir de una econom\u00eda carente de valor agregado o limitada en la incorporaci\u00f3n a las nuevas formas de la econom\u00eda, m\u00e1s vinculadas al conocimiento y a los servicios.<\/p>\n<p>Muchos afirman que la nueva econom\u00eda es una econom\u00eda de conocimiento la informaci\u00f3n y la tecnolog\u00eda se convierten en parte de productos (dise\u00f1os, tarjetas de cr\u00e9dito) y el capital m\u00e1s importante que una organizaci\u00f3n posee es el capital intelectual (aplicable). Por lo que es necesario contar con alternativas acerca de necesidades futuras de consumo puede implicar acceder prioritariamente como proveedor en una cadena productiva. Interpretar necesidades futuras (o potenciales) de clientes implica de alguna manera preparar estrategias de anticipaci\u00f3n.<\/p>\n<p>La prospectiva y la investigaci\u00f3n de mercado<\/p>\n<p>Las ofertas y las demandas de productos y servicios dependen cada vez m\u00e1s de escenificaciones futuras al segmentarse crecientemente los mercados y plantearse la necesidad de impactar en los requerimientos de consumidores cada vez m\u00e1s diferenciados y exigentes. . La particularizaci\u00f3n del mercado conlleva a que la producci\u00f3n masiva sea sustituida por la producci\u00f3n orientada a clientes. Estos \u00faltimos se encuentran cada vez m\u00e1s informados y socializados en cu\u00e1les son los componentes y las caracter\u00edsticas de los procesos de producci\u00f3n y distribuci\u00f3n<\/p>\n<p>La reducci\u00f3n del espacio que se separaba a los consumidores y productores implica prever las demandas espec\u00edficas y agregadas de clientes y proveedores cada vez m\u00e1s estrechamente ligados al proceso de producci\u00f3n. Conocer la din\u00e1mica futura de este &#8220;acercamiento&#8221; y las orientaciones o tendencias que asumir\u00e1n dichos actores exige contar con escenarios de futuro alternativos y con capacidades &#8220;prospectivas&#8221; para llevar a cabo reingenier\u00edas capaces de adaptarse a las especificaciones cada vez m\u00e1s exclusivas.<\/p>\n<p>Las herramientas prospectivas, adem\u00e1s, pueden permitir a las peque\u00f1as empresas adecuarse al dinamismo de los mercados globalizados. Captar dichas demandas supone una flexibilidad que las grandes corporaciones se ven incapacitadas de adoptar. Detectar necesidades futuros puede brindar los beneficios de ser los &#8220;primeros en llegar&#8221; y ampliar los mercados<\/p>\n<p>La estipulaci\u00f3n de escenarios predispone a activar determinados recursos ante la aparici\u00f3n de rupturas, emergencias o cambios en las l\u00f3gicas de los mercados.<\/p>\n<p style=\"margin-top: 0in; margin-right: .5in; margin-bottom: .0001pt; margin-left: .5in; text-align: center;\" align=\"center\">\u00a0<strong><span style=\"font-size: 11.0pt; font-family: 'Arial','sans-serif';\" lang=\"ES-TRAD\">Estudios prospectivos acordes a las necesidades empresarias<\/span><\/strong><\/p>\n<p style=\"margin-top: 0in; margin-right: .5in; margin-bottom: .0001pt; margin-left: .5in; text-align: center;\" align=\"center\"><strong><span style=\"font-size: 11.0pt; font-family: 'Arial','sans-serif';\" lang=\"ES-TRAD\">De las empresas insertas en la nueva econom\u00eda<\/span><\/strong><\/p>\n<p style=\"margin-top: 0in; margin-right: .5in; margin-bottom: .0001pt; margin-left: .5in;\"><span style=\"font-size: 11.0pt; font-family: 'Arial','sans-serif';\" lang=\"ES-TRAD\">\u00a0<\/span><\/p>\n<table class=\"MsoNormalTable\" style=\"width: 90.0%; mso-cellspacing: 0in; margin-left: .5in; border: outset black 1.0pt; mso-border-alt: outset black .75pt; mso-padding-alt: 3.0pt 3.0pt 3.0pt 3.0pt;\" width=\"90%\" border=\"1\" cellspacing=\"0\" cellpadding=\"0\">\n<tbody>\n<tr style=\"mso-yfti-irow: 0; mso-yfti-firstrow: yes; height: 27.75pt;\">\n<td style=\"width: 33.0%; border: inset black 1.0pt; mso-border-alt: inset black .75pt; padding: 3.0pt 3.0pt 3.0pt 3.0pt; height: 27.75pt;\" width=\"33%\">\n<p style=\"margin: 0in; margin-bottom: .0001pt; text-align: center;\" align=\"center\"><strong><span style=\"font-size: 11.0pt; font-family: 'Arial','sans-serif';\" lang=\"ES-TRAD\">Empresa Tradicional<\/span><\/strong><\/p>\n<\/td>\n<td style=\"width: 33.0%; border: inset black 1.0pt; mso-border-alt: inset black .75pt; padding: 3.0pt 3.0pt 3.0pt 3.0pt; height: 27.75pt;\" width=\"33%\">\n<p style=\"margin: 0in; margin-bottom: .0001pt; text-align: center;\" align=\"center\"><strong><span style=\"font-size: 11.0pt; font-family: 'Arial','sans-serif';\" lang=\"ES-TRAD\">Empresa de la Nueva Econom\u00eda<\/span><\/strong><\/p>\n<\/td>\n<td style=\"width: 33.0%; border: inset black 1.0pt; mso-border-alt: inset black .75pt; padding: 3.0pt 3.0pt 3.0pt 3.0pt; height: 27.75pt;\" width=\"33%\">\n<p style=\"margin: 0in; margin-bottom: .0001pt; text-align: center;\" align=\"center\"><strong><span style=\"font-size: 11.0pt; font-family: 'Arial','sans-serif';\" lang=\"ES-TRAD\">Prospectivas vinculadas<\/span><\/strong><\/p>\n<\/td>\n<\/tr>\n<tr style=\"mso-yfti-irow: 1; height: 39.4pt;\">\n<td style=\"width: 33.0%; border: inset black 1.0pt; mso-border-alt: inset black .75pt; padding: 3.0pt 3.0pt 3.0pt 3.0pt; height: 39.4pt;\" width=\"33%\">\n<p style=\"margin: 0in; margin-bottom: .0001pt;\"><span style=\"font-size: 11.0pt; font-family: 'Arial','sans-serif';\" lang=\"ES-TRAD\">Productos y servicios de masas<\/span><\/p>\n<\/td>\n<td style=\"width: 33.0%; border: inset black 1.0pt; mso-border-alt: inset black .75pt; padding: 3.0pt 3.0pt 3.0pt 3.0pt; height: 39.4pt;\" width=\"33%\">\n<p style=\"margin: 0in; margin-bottom: .0001pt;\"><span style=\"font-size: 11.0pt; font-family: 'Arial','sans-serif';\" lang=\"ES-TRAD\">Productos y servicios especializados<\/span><\/p>\n<\/td>\n<td style=\"width: 33.0%; border: inset black 1.0pt; mso-border-alt: inset black .75pt; padding: 3.0pt 3.0pt 3.0pt 3.0pt; height: 39.4pt;\" width=\"33%\">\n<p style=\"margin: 0in; margin-bottom: .0001pt;\"><span style=\"font-size: 11.0pt; font-family: 'Arial','sans-serif';\" lang=\"ES-TRAD\">Investigaci\u00f3n de mercado orientadas a demandas futuras<\/span><\/p>\n<\/td>\n<\/tr>\n<tr style=\"mso-yfti-irow: 2; height: 28.5pt;\">\n<td style=\"width: 33.0%; border: inset black 1.0pt; mso-border-alt: inset black .75pt; padding: 3.0pt 3.0pt 3.0pt 3.0pt; height: 28.5pt;\" width=\"33%\">\n<p style=\"margin: 0in; margin-bottom: .0001pt;\"><span style=\"font-size: 11.0pt; font-family: 'Arial','sans-serif';\" lang=\"ES-TRAD\">La competitividad es por escala, costo y calidad<\/span><\/p>\n<\/td>\n<td style=\"width: 33.0%; border: inset black 1.0pt; mso-border-alt: inset black .75pt; padding: 3.0pt 3.0pt 3.0pt 3.0pt; height: 28.5pt;\" width=\"33%\">\n<p style=\"margin: 0in; margin-bottom: .0001pt;\"><span style=\"font-size: 11.0pt; font-family: 'Arial','sans-serif';\" lang=\"ES-TRAD\">Se compite por diferenciaci\u00f3n en productos y servicios<\/span><\/p>\n<\/td>\n<td style=\"width: 33.0%; border: inset black 1.0pt; mso-border-alt: inset black .75pt; padding: 3.0pt 3.0pt 3.0pt 3.0pt; height: 28.5pt;\" width=\"33%\">\n<p style=\"margin: 0in; margin-bottom: .0001pt;\"><span style=\"font-size: 11.0pt; font-family: 'Arial','sans-serif';\" lang=\"ES-TRAD\">Prospectivas sobre impacto de diferenciales futuros<\/span><\/p>\n<\/td>\n<\/tr>\n<tr style=\"mso-yfti-irow: 3; height: 41.25pt;\">\n<td style=\"width: 33.0%; border: inset black 1.0pt; mso-border-alt: inset black .75pt; padding: 3.0pt 3.0pt 3.0pt 3.0pt; height: 41.25pt;\" width=\"33%\">\n<p style=\"margin: 0in; margin-bottom: .0001pt;\"><span style=\"font-size: 11.0pt; font-family: 'Arial','sans-serif';\" lang=\"ES-TRAD\">Poco gasto en I+D<\/span><\/p>\n<\/td>\n<td style=\"width: 33.0%; border: inset black 1.0pt; mso-border-alt: inset black .75pt; padding: 3.0pt 3.0pt 3.0pt 3.0pt; height: 41.25pt;\" width=\"33%\">\n<p style=\"margin: 0in; margin-bottom: .0001pt;\"><span style=\"font-size: 11.0pt; font-family: 'Arial','sans-serif';\" lang=\"ES-TRAD\">Alto gasto en I+D<\/span><\/p>\n<\/td>\n<td style=\"width: 33.0%; border: inset black 1.0pt; mso-border-alt: inset black .75pt; padding: 3.0pt 3.0pt 3.0pt 3.0pt; height: 41.25pt;\" width=\"33%\">\n<p style=\"margin: 0in; margin-bottom: .0001pt;\"><span style=\"font-size: 11.0pt; font-family: 'Arial','sans-serif';\" lang=\"ES-TRAD\">Escenarios futuros sobre aplicaci\u00f3n de conocimiento cient\u00edfico y tecnol\u00f3gico.<\/span><\/p>\n<\/td>\n<\/tr>\n<tr style=\"mso-yfti-irow: 4; mso-yfti-lastrow: yes; height: 39.8pt;\">\n<td style=\"width: 33.0%; border: inset black 1.0pt; mso-border-alt: inset black .75pt; padding: 3.0pt 3.0pt 3.0pt 3.0pt; height: 39.8pt;\" width=\"33%\">\n<p style=\"margin: 0in; margin-bottom: .0001pt;\"><span style=\"font-size: 11.0pt; font-family: 'Arial','sans-serif';\" lang=\"ES-TRAD\">Recursos humanos de calificaci\u00f3n media<\/span><\/p>\n<\/td>\n<td style=\"width: 33.0%; border: inset black 1.0pt; mso-border-alt: inset black .75pt; padding: 3.0pt 3.0pt 3.0pt 3.0pt; height: 39.8pt;\" width=\"33%\">\n<p style=\"margin: 0in; margin-bottom: .0001pt;\"><span style=\"font-size: 11.0pt; font-family: 'Arial','sans-serif';\" lang=\"ES-TRAD\">Recursos humanos de alta calificaci\u00f3n<\/span><\/p>\n<\/td>\n<td style=\"width: 33.0%; border: inset black 1.0pt; mso-border-alt: inset black .75pt; padding: 3.0pt 3.0pt 3.0pt 3.0pt; height: 39.8pt;\" width=\"33%\">\n<p style=\"margin: 0in; margin-bottom: .0001pt;\"><span style=\"font-size: 11.0pt; font-family: 'Arial','sans-serif';\" lang=\"ES-TRAD\">Prospectivas sobre <span style=\"mso-bidi-font-weight: bold;\">necesidades de conocimiento futuro<strong>.<\/strong><\/span><\/span><\/p>\n<\/td>\n<\/tr>\n<\/tbody>\n<\/table>\n<p><strong>La prospectiva en el comercio internacional<\/strong><\/p>\n<p>Aqu\u00ed todos los expertos coinciden en la importancia de la prospectiva en los estudios para la toma de decisiones en el comercio y afirman:<\/p>\n<p>La prospectiva aparece como una herramienta indicada en aquellos \u00e1mbitos en que la contingencia y la incertidumbre son m\u00e1s elocuentes y evidentes. Uno de esos \u00e1mbitos, en donde la competitividad y la obsolescencia de productos, tendencias, gustos y modas aparecen como m\u00e1s indudables, es el comercio internacional. En este espacio la construcci\u00f3n de escenarios se vincula con la denominada &#8220;inteligencia o competitividad estrat\u00e9gica&#8221;, disciplina que busca adelantarse a las potenciales demandas de los mercados y a las irrupciones de nuevos productos, sistemas, modas o innovaciones. Las grandes corporaciones internacionales suelen realizar ejercicios prospectivos orientados tanto a los mercados dom\u00e9sticos como a la exportaci\u00f3n o instalaci\u00f3n en nuevas plazas.<\/p>\n<p>A la vez que resaltan su importancia cuando dicen:<br \/>\nLos ejercicios prospectivos son usuales en el mundo de las exportaciones justamente porque la captaci\u00f3n de mercados es un proceso que requiere de inversiones de largo plazo que deben estar sostenidas en escenarios concretos y realizables. Las operaciones de &#8220;lobby&#8221; que se ejecutan en los pa\u00edses receptores de mercanc\u00edas son muchas veces sostenedoras de los escenarios emplazados como realizables. Tanto el comercio como las finanzas internaciones se basan en supuestos de continuidades y rupturas que se pretenden utilizar como herramientas aptas para achicar riesgos, reducir p\u00e9rdidas y maximizar beneficios. Todas actividades que requieren algo m\u00e1s que sentido com\u00fan y reflejos.<\/p>\n<p>Un ejercicio prospectivo, se supone, permite develar cu\u00e1nto de voluntarismo y cu\u00e1nto de proyecto realizable tiene dicha intencionalidad. Toda decisi\u00f3n estrat\u00e9gica supone un peligro y una oportunidad: dada una escenificaci\u00f3n de futuro coherente con las tendencias estructurales y las acciones de los actores, de ello depende una opci\u00f3n exitosa.<\/p>\n<p>&nbsp;<\/p>\n","protected":false},"excerpt":{"rendered":"<p>En las lecciones anteriores vimos que las tendencias se refieren a la naturaleza, las causas, la velocidad y el impacto potencial de una tendencia en desarrollo. Y los pasos en el an\u00e1lisis de tendencias. 1. Encontrar las tendencias. 2. Identifcar las causas que la provocan. 3. Deterinar con que velocidad se desarrollara. 4. Preve las [&hellip;]<\/p>\n","protected":false},"author":109,"featured_media":0,"parent":0,"menu_order":0,"comment_status":"open","ping_status":"closed","template":"","meta":[],"_links":{"self":[{"href":"https:\/\/blogs.sld.cu\/alejandro\/wp-json\/wp\/v2\/pages\/221"}],"collection":[{"href":"https:\/\/blogs.sld.cu\/alejandro\/wp-json\/wp\/v2\/pages"}],"about":[{"href":"https:\/\/blogs.sld.cu\/alejandro\/wp-json\/wp\/v2\/types\/page"}],"author":[{"embeddable":true,"href":"https:\/\/blogs.sld.cu\/alejandro\/wp-json\/wp\/v2\/users\/109"}],"replies":[{"embeddable":true,"href":"https:\/\/blogs.sld.cu\/alejandro\/wp-json\/wp\/v2\/comments?post=221"}],"version-history":[{"count":1,"href":"https:\/\/blogs.sld.cu\/alejandro\/wp-json\/wp\/v2\/pages\/221\/revisions"}],"predecessor-version":[{"id":222,"href":"https:\/\/blogs.sld.cu\/alejandro\/wp-json\/wp\/v2\/pages\/221\/revisions\/222"}],"wp:attachment":[{"href":"https:\/\/blogs.sld.cu\/alejandro\/wp-json\/wp\/v2\/media?parent=221"}],"curies":[{"name":"wp","href":"https:\/\/api.w.org\/{rel}","templated":true}]}}