{"id":396,"date":"2014-11-26T13:27:39","date_gmt":"2014-11-26T17:27:39","guid":{"rendered":"http:\/\/blogs.sld.cu\/alejandro\/?page_id=396"},"modified":"2014-11-26T16:27:08","modified_gmt":"2014-11-26T20:27:08","slug":"quien-soy-2","status":"publish","type":"page","link":"https:\/\/blogs.sld.cu\/alejandro\/quien-soy-2\/","title":{"rendered":"Quien soy"},"content":{"rendered":"<p><strong>Alejandro Madruga Gonz\u00e1lez<\/strong><\/p>\n<p>Licenciado en Cibern\u00e9tica Matem\u00e1tica por la Universidad de la Habana, profesor de Inteligencia Artificial y M\u00e1ster en Bio\u00e9tica. Trabaja como especialista en Ciencias Inform\u00e1ticas en Infomed. Investigador, escritor y divulgador de la ciencia. Diplomado en Comercio Exterior.<\/p>\n<p>Trabaja en el \u00e1rea de la Inteligencia Artificial desde 1985, donde ha desarrollado varias aplicaciones destac\u00e1ndose el sistema experto para la selecci\u00f3n de soluciones tecnol\u00f3gicas, premio nacional de las BTJ.<\/p>\n<p>Fundador del taller literario Oscar Hurtado y de la revista i+Real en la que public\u00f3 varios de sus cuentos de Ciencia ficci\u00f3n. Se destaca preferentemente en el ensayo y la divulgaci\u00f3n cient\u00edfica, pero su obra incluye la narrativa de ciencia ficci\u00f3n y la poes\u00eda. Sus narraciones \u201cCasa muerta\u201d y \u201cCazadores de im\u00e1genes\u201d han sido muy referenciadas en Internet.<\/p>\n<p>Ha impartido cursos sobre inteligencia artificial, sistemas expertos y programaci\u00f3n en prolog para las empresas del Frente de Proyectos. Ha dado conferencias en eventos nacionales e internacionales y ha sido miembro de tribunales para seleccionar los trabajos en la tem\u00e1tica de inteligencia artificial.<\/p>\n<p><strong>Publicaciones<\/strong><\/p>\n<ul>\n<li>\u201c\u00bfPosthumanidad o posthumanismo?\u201d, (<a title=\"Ensayo\" href=\"http:\/\/www.ecured.cu\/index.php\/Ensayo\">ensayo<\/a>) colecci\u00f3n Pensar en Cuba, <a title=\"Modernidad Posmodernidad\" href=\"http:\/\/www.ecured.cu\/index.php\/Modernidad_Posmodernidad\">Modernidad Posmodernidad<\/a>, <a title=\"Editorial Ciencias Sociales\" href=\"http:\/\/www.ecured.cu\/index.php\/Editorial_Ciencias_Sociales\">Editorial Ciencias Sociales<\/a>. 1997<\/li>\n<li>\u201cHablemos de Cibern\u00e9tica\u201d. Revista Juventud T\u00e9cnica No. 274 a\u00f1o 1996.<\/li>\n<li>\u201c\u00bfSer\u00e1n nuestros nietos robots?\u201d Revista Juventud T\u00e9cnica No.275 a\u00f1o 1996.<\/li>\n<li>\u201cLa Inteligencia Artificial. Una luz en la naturaleza\u201d Revista GIGA No. 3 a\u00f1o 1998<\/li>\n<li>\u201cLey robot\u201d. (<a title=\"Cuento\" href=\"http:\/\/www.ecured.cu\/index.php\/Cuento\">cuento<\/a>) Revista Juventud T\u00e9cnica No.274 a\u00f1o 1996<\/li>\n<li>\u201cCasa Muerta\u201d. (<a title=\"Cuento\" href=\"http:\/\/www.ecured.cu\/index.php\/Cuento\">cuento<\/a>) <a title=\"Antolog\u00eda de ciencia ficci\u00f3n\" href=\"http:\/\/www.ecured.cu\/index.php\/Antolog%C3%ADa_de_ciencia_ficci%C3%B3n\">Antolog\u00eda de ciencia ficci\u00f3n<\/a> cubana: Polvo en el Viento, (Argentina 1999).<\/li>\n<li>\u201cInteligencia Artificial, el futuro del hombre\u201d, Editorial Amazon. 2013<\/li>\n<li>\u201cZaida, cuentos de ciencia ficci\u00f3n\u201d, Editorial Amazon. 2013<\/li>\n<li>\u201cCosmovisi\u00f3n po\u00e9tica\u201d, Editorial Amazon. 2013<\/li>\n<li>\u201cCrisis en el siglo XXI: Desaf\u00edos contempor\u00e1neos\u201d, Editorial Amazon. 2014<\/li>\n<\/ul>\n","protected":false},"excerpt":{"rendered":"<p>Alejandro Madruga Gonz\u00e1lez Licenciado en Cibern\u00e9tica Matem\u00e1tica por la Universidad de la Habana, profesor de Inteligencia Artificial y M\u00e1ster en Bio\u00e9tica. Trabaja como especialista en Ciencias Inform\u00e1ticas en Infomed. Investigador, escritor y divulgador de la ciencia. Diplomado en Comercio Exterior. Trabaja en el \u00e1rea de la Inteligencia Artificial desde 1985, donde ha desarrollado varias aplicaciones [&hellip;]<\/p>\n","protected":false},"author":109,"featured_media":0,"parent":0,"menu_order":0,"comment_status":"open","ping_status":"closed","template":"","meta":[],"_links":{"self":[{"href":"https:\/\/blogs.sld.cu\/alejandro\/wp-json\/wp\/v2\/pages\/396"}],"collection":[{"href":"https:\/\/blogs.sld.cu\/alejandro\/wp-json\/wp\/v2\/pages"}],"about":[{"href":"https:\/\/blogs.sld.cu\/alejandro\/wp-json\/wp\/v2\/types\/page"}],"author":[{"embeddable":true,"href":"https:\/\/blogs.sld.cu\/alejandro\/wp-json\/wp\/v2\/users\/109"}],"replies":[{"embeddable":true,"href":"https:\/\/blogs.sld.cu\/alejandro\/wp-json\/wp\/v2\/comments?post=396"}],"version-history":[{"count":3,"href":"https:\/\/blogs.sld.cu\/alejandro\/wp-json\/wp\/v2\/pages\/396\/revisions"}],"predecessor-version":[{"id":400,"href":"https:\/\/blogs.sld.cu\/alejandro\/wp-json\/wp\/v2\/pages\/396\/revisions\/400"}],"wp:attachment":[{"href":"https:\/\/blogs.sld.cu\/alejandro\/wp-json\/wp\/v2\/media?parent=396"}],"curies":[{"name":"wp","href":"https:\/\/api.w.org\/{rel}","templated":true}]}}