{"id":40,"date":"2012-12-11T18:32:10","date_gmt":"2012-12-11T18:32:10","guid":{"rendered":"http:\/\/blogviejo.sld.cu\/alejandromadruga\/?page_id=40"},"modified":"2019-07-23T10:38:05","modified_gmt":"2019-07-23T14:38:05","slug":"quien-soy","status":"publish","type":"page","link":"https:\/\/blogs.sld.cu\/alejandro\/quien-soy\/","title":{"rendered":"Proyecto"},"content":{"rendered":"<p><strong>El sitio tiene como proposito<\/strong><\/p>\n<ul>\n<li>Reorganizar la infomed 2.0 como red social colaborativa<\/li>\n<li>Utilizar internet como un medio de ampliaci\u00f3n de la inteligencia y la sabidur\u00eda humana de forma natural a trav\u00e9s de los medios sociales de comunicaci\u00f3n, las comunidades virtuales, el software libre y el desarrollo de aplicaciones cada vez mas inteligentes y colaborativas.<\/li>\n<li>Estudiar las acciones individuales y colectivas para convertir internet en un cerebro global participativo con actores sociales que utilizan las tecnolog\u00edas de la informaci\u00f3n con fines proactivos.<\/li>\n<li>Desarrollar aplicaciones cada vez m\u00e1s inteligentes, creando comunidades virtuales para el trabajo colaborativo.<\/li>\n<li>Desarrollar herramientas, t\u00e9cnicas y procesos para aumentar capacidades de crear, colaborar e innovar de forma cada vez m\u00e1s inteligente.<\/li>\n<li>Analizar las posibilidades para el trabajo colaborativa y la creaci\u00f3n de una inteligencia colectiva partiendo de la sinergia entre la Web 2.0 y la Web 3.0<\/li>\n<li>Estudiar el pensamiento de Potter cada vez toma m\u00e1s vigencia y la\u00a0 necesidad de un enfoque cibern\u00e9tico de la b\u00fasqueda constante de la sabidur\u00eda.<\/li>\n<li>Aprender a manejarse con los nuevos conocimientos y con las nuevas tecnologias que estan emergiendo y las consecuencias que se avecinan ante el poder creciente de las grandes transnacionales de las TIC como Facebook, Microsoft y Google.<\/li>\n<\/ul>\n<p>&nbsp;<\/p>\n","protected":false},"excerpt":{"rendered":"<p>El sitio tiene como proposito Reorganizar la infomed 2.0 como red social colaborativa Utilizar internet como un medio de ampliaci\u00f3n de la inteligencia y la sabidur\u00eda humana de forma natural a trav\u00e9s de los medios sociales de comunicaci\u00f3n, las comunidades virtuales, el software libre y el desarrollo de aplicaciones cada vez mas inteligentes y colaborativas. [&hellip;]<\/p>\n","protected":false},"author":111,"featured_media":0,"parent":0,"menu_order":0,"comment_status":"closed","ping_status":"closed","template":"","meta":[],"_links":{"self":[{"href":"https:\/\/blogs.sld.cu\/alejandro\/wp-json\/wp\/v2\/pages\/40"}],"collection":[{"href":"https:\/\/blogs.sld.cu\/alejandro\/wp-json\/wp\/v2\/pages"}],"about":[{"href":"https:\/\/blogs.sld.cu\/alejandro\/wp-json\/wp\/v2\/types\/page"}],"author":[{"embeddable":true,"href":"https:\/\/blogs.sld.cu\/alejandro\/wp-json\/wp\/v2\/users\/111"}],"replies":[{"embeddable":true,"href":"https:\/\/blogs.sld.cu\/alejandro\/wp-json\/wp\/v2\/comments?post=40"}],"version-history":[{"count":21,"href":"https:\/\/blogs.sld.cu\/alejandro\/wp-json\/wp\/v2\/pages\/40\/revisions"}],"predecessor-version":[{"id":568,"href":"https:\/\/blogs.sld.cu\/alejandro\/wp-json\/wp\/v2\/pages\/40\/revisions\/568"}],"wp:attachment":[{"href":"https:\/\/blogs.sld.cu\/alejandro\/wp-json\/wp\/v2\/media?parent=40"}],"curies":[{"name":"wp","href":"https:\/\/api.w.org\/{rel}","templated":true}]}}