{"id":533,"date":"2016-12-29T12:33:00","date_gmt":"2016-12-29T16:33:00","guid":{"rendered":"http:\/\/blogs.sld.cu\/alejandro\/?page_id=533"},"modified":"2016-12-29T12:33:00","modified_gmt":"2016-12-29T16:33:00","slug":"descargas","status":"publish","type":"page","link":"https:\/\/blogs.sld.cu\/alejandro\/descargas\/","title":{"rendered":"Descargas"},"content":{"rendered":"<h2 class=\"entry-title\"><a href=\"https:\/\/cibersociedad.wordpress.com\/2014\/12\/05\/los-siete-saberes-necesarios-para-la-educacion-del-futuro-edgar-morin\/\" rel=\"bookmark\">\u201cLos siete saberes necesarios para la educaci\u00f3n del futuro\u201d. Edgar\u00a0Morin<\/a><\/h2>\n<div class=\"entry-content\">\n<p><a href=\"https:\/\/cibernetica.files.wordpress.com\/2014\/10\/7_saberes.jpg\"><img loading=\"lazy\" class=\"  wp-image-1101 alignleft\" src=\"https:\/\/cibernetica.files.wordpress.com\/2014\/10\/7_saberes.jpg?w=235&amp;h=235\" alt=\"7_saberes\" width=\"235\" height=\"235\" \/><\/a><\/p>\n<p>Cuando miramos hacia el futuro, vemos numerosas incer tidumbres sobre lo que ser\u00e1 el mundo de nuest ros hijos, de nuest ros nietos y de los hijos de nuestros nietos. Pero al menos, de algo podemos estar seguros : si queremos que la Tierra pueda satisfacer las necesidades de los seres humanos que la habitan, entonces la sociedad humana deber\u00e1 transformarse. As\u00ed, el mundo de ma\u00f1ana deber\u00e1 ser fundamentalmente diferente del que conocemos hoy, en el crep\u00fasculo del siglo XX y del milenio&#8230;\u00a0 Prefacio del director general de la UNESCO<\/p>\n<p>Descargar: <a href=\"https:\/\/blogs.sld.cu\/alejandro\/files\/2016\/12\/63-Los-7-saberes-Morin.pdf\">Los 7 saberes &#8211; Morin<\/a><\/p>\n<\/div>\n","protected":false},"excerpt":{"rendered":"<p>\u201cLos siete saberes necesarios para la educaci\u00f3n del futuro\u201d. Edgar\u00a0Morin Cuando miramos hacia el futuro, vemos numerosas incer tidumbres sobre lo que ser\u00e1 el mundo de nuest ros hijos, de nuest ros nietos y de los hijos de nuestros nietos. Pero al menos, de algo podemos estar seguros : si queremos que la Tierra pueda [&hellip;]<\/p>\n","protected":false},"author":109,"featured_media":0,"parent":0,"menu_order":0,"comment_status":"closed","ping_status":"closed","template":"","meta":[],"_links":{"self":[{"href":"https:\/\/blogs.sld.cu\/alejandro\/wp-json\/wp\/v2\/pages\/533"}],"collection":[{"href":"https:\/\/blogs.sld.cu\/alejandro\/wp-json\/wp\/v2\/pages"}],"about":[{"href":"https:\/\/blogs.sld.cu\/alejandro\/wp-json\/wp\/v2\/types\/page"}],"author":[{"embeddable":true,"href":"https:\/\/blogs.sld.cu\/alejandro\/wp-json\/wp\/v2\/users\/109"}],"replies":[{"embeddable":true,"href":"https:\/\/blogs.sld.cu\/alejandro\/wp-json\/wp\/v2\/comments?post=533"}],"version-history":[{"count":2,"href":"https:\/\/blogs.sld.cu\/alejandro\/wp-json\/wp\/v2\/pages\/533\/revisions"}],"predecessor-version":[{"id":538,"href":"https:\/\/blogs.sld.cu\/alejandro\/wp-json\/wp\/v2\/pages\/533\/revisions\/538"}],"wp:attachment":[{"href":"https:\/\/blogs.sld.cu\/alejandro\/wp-json\/wp\/v2\/media?parent=533"}],"curies":[{"name":"wp","href":"https:\/\/api.w.org\/{rel}","templated":true}]}}