{"id":10,"date":"2021-01-23T06:45:20","date_gmt":"2021-01-23T06:45:20","guid":{"rendered":"http:\/\/blogs.sld.cu\/alzheimer\/?page_id=10"},"modified":"2021-11-20T00:35:40","modified_gmt":"2021-11-20T00:35:40","slug":"alzheimer","status":"publish","type":"page","link":"https:\/\/blogs.sld.cu\/alzheimer\/alzheimer\/","title":{"rendered":"Enfermedad de Alzheimer"},"content":{"rendered":"<div>\n<p>La enfermedad de Alzheimer es la forma m\u00e1s com\u00fan de demencia entre las personas mayores. La demencia es un trastorno cerebral que afecta gravemente la capacidad de una persona de llevar a cabo sus actividades diarias.<\/p>\n<p>El Alzh\u00e9imer comienza lentamente. Primero afecta las partes del cerebro que controlan el pensamiento, la memoria y el lenguaje. Las personas con el mal pueden tener dificultades para recordar cosas que ocurrieron en forma reciente o los nombres de personas que conocen. Un problema relacionado, el deterioro cognitivo leve, causa m\u00e1s problemas de memoria que los normales en personas de la misma edad. Muchos, pero no toda la gente con deterioro cognitivo leve, desarrollar\u00e1n Alzheimer.<\/p>\n<p>Con el tiempo, los s\u00edntomas del Alzh\u00e9imer empeoran. Las personas pueden no reconocer a sus familiares. Pueden tener dificultades para hablar, leer o escribir. Pueden olvidar c\u00f3mo cepillarse los dientes o peinarse el cabello. M\u00e1s adelante, pueden volverse ansiosos o agresivos o deambular lejos de su casa. Finalmente, necesitan cuidados totales. Esto puede ser muy estresante para los familiares que deben encargarse de sus cuidados.<\/p>\n<p>El Alzh\u00e9imer suele comenzar despu\u00e9s de los 60 a\u00f1os. El riesgo aumenta a medida que la persona envejece. El riesgo es mayor si hay personas en la familia que tuvieron la enfermedad.<\/p>\n<p>Ning\u00fan tratamiento puede detener la enfermedad. Sin embargo, algunos f\u00e1rmacos pueden ayudar a impedir por un tiempo limitado que los s\u00edntomas empeoren.<\/p>\n<p><a href=\"https:\/\/blogs.sld.cu\/alzheimer\/fases-de-la-enfermedad-de-alzheimer\/\" target=\"_blank\" rel=\"noopener\"><strong>Fases de la enfermedad de Alzheimer<\/strong><\/a><\/p>\n<p><strong>\u00bfC\u00f3mo escribir en espa\u00f1ol la palabra Alzh\u00e9imer?<\/strong><img loading=\"lazy\" class=\"\" src=\"http:\/\/www.alzheimer.sld.cu\/sites\/www.alzheimer.sld.cu\/files\/icon_advices.png\" alt=\"\" width=\"24\" height=\"24\" align=\"left\" border=\"0\" hspace=\"6\" vspace=\"6\" \/><\/p>\n<p>Seg\u00fan el Diccionario panhisp\u00e1nico de dudas, en las expresiones enfermedad de Alzheimer o mal de Alzheimer debe respetarse la graf\u00eda del apellido del neur\u00f3logo alem\u00e1n que investig\u00f3 esta dolencia y escribirlo con may\u00fascula inicial y sin tilde. Por el contrario, si se emplea este t\u00e9rmino aisladamente para referirse a dicha enfermedad, se convierte en un sustantivo com\u00fan, por lo que ha de escribirse con min\u00fascula inicial y con tilde: alzh\u00e9imer. D\u00eda Mundial del Alzh\u00e9imer se escribe con iniciales may\u00fasculas (D\u00eda, Mundial y Alzh\u00e9imer), pues as\u00ed es como la norma se\u00f1ala que debe hacerse con los sustantivos y adjetivos que forman parte del nombre de festividades, ya sean civiles, militares o religiosas, y con acento, por referirse en este caso a la enfermedad.<\/p>\n<p>Fuente:\u00a0 <a href=\"http:\/\/lema.rae.es\/dpd\/\" target=\"1\" rel=\"noopener\">Real\u00a0Academia\u00a0Espa\u00f1ola.\u00a0Diccionario Panhisp\u00e1nico de dudas <\/a>&#8211; Primera edici\u00f3n (octubre 2005)<br \/>\nFund\u00e9u BBVA.<\/p>\n<\/div>\n","protected":false},"excerpt":{"rendered":"<p>La enfermedad de Alzheimer es la forma m\u00e1s com\u00fan de demencia entre las personas mayores. La demencia es un trastorno cerebral que afecta gravemente la capacidad de una persona de llevar a cabo sus actividades diarias. El Alzh\u00e9imer comienza lentamente. Primero afecta las partes del cerebro que controlan el pensamiento, la memoria y el lenguaje. [&hellip;]<\/p>\n","protected":false},"author":208,"featured_media":0,"parent":0,"menu_order":0,"comment_status":"closed","ping_status":"closed","template":"","meta":[],"_links":{"self":[{"href":"https:\/\/blogs.sld.cu\/alzheimer\/wp-json\/wp\/v2\/pages\/10"}],"collection":[{"href":"https:\/\/blogs.sld.cu\/alzheimer\/wp-json\/wp\/v2\/pages"}],"about":[{"href":"https:\/\/blogs.sld.cu\/alzheimer\/wp-json\/wp\/v2\/types\/page"}],"author":[{"embeddable":true,"href":"https:\/\/blogs.sld.cu\/alzheimer\/wp-json\/wp\/v2\/users\/208"}],"replies":[{"embeddable":true,"href":"https:\/\/blogs.sld.cu\/alzheimer\/wp-json\/wp\/v2\/comments?post=10"}],"version-history":[{"count":6,"href":"https:\/\/blogs.sld.cu\/alzheimer\/wp-json\/wp\/v2\/pages\/10\/revisions"}],"predecessor-version":[{"id":110,"href":"https:\/\/blogs.sld.cu\/alzheimer\/wp-json\/wp\/v2\/pages\/10\/revisions\/110"}],"wp:attachment":[{"href":"https:\/\/blogs.sld.cu\/alzheimer\/wp-json\/wp\/v2\/media?parent=10"}],"curies":[{"name":"wp","href":"https:\/\/api.w.org\/{rel}","templated":true}]}}