{"id":106,"date":"2021-11-20T00:30:11","date_gmt":"2021-11-20T00:30:11","guid":{"rendered":"https:\/\/blogs.sld.cu\/alzheimer\/?page_id=106"},"modified":"2021-11-20T00:30:11","modified_gmt":"2021-11-20T00:30:11","slug":"fases-de-la-enfermedad-de-alzheimer","status":"publish","type":"page","link":"https:\/\/blogs.sld.cu\/alzheimer\/fases-de-la-enfermedad-de-alzheimer\/","title":{"rendered":"Fases de la Enfermedad de Alzheimer"},"content":{"rendered":"<p class=\"itemTitle\"><strong>Fases del Alzh\u00e9imer<\/strong><\/p>\n<p>Se estima que un enfermo tiene un promedio de 10 a 12 a\u00f1os de vida despu\u00e9s del diagn\u00f3stico.<\/p>\n<p>Se describen 3 fases o grados que sirven a los m\u00e9dicos para definir el estado del enfermo en el marco de la evoluci\u00f3n: las fases ligera, moderada y severa.<\/p>\n<p>Estas fases sirven al m\u00e9dico para definir el estado del enfermo en el marco de la evoluci\u00f3n de la enfermedad. El diagn\u00f3stico precisa que es una enfermedad de Alzheimer &#8220;probable&#8221; en fase ligera o moderada, a veces severa cuando el diagnostico se realiza tarde.<\/p>\n<p>Sirven para seleccionar el o los medicamentos, por ejemplo, los inhibidores de la colinestera se utilizan a las fases ligeras a moderadas, as\u00ed como para la evaluaci\u00f3n de la p\u00e9rdida de autonom\u00eda.<\/p>\n<p><strong>Fase Ligera<\/strong><\/p>\n<p>\u2013 Memoria<\/p>\n<p>El enfermo olvida sus citas, las llamadas telef\u00f3nicas, el nombre de las personas (relaciones o amigos), los objetos familiares. Tiene dificultades para seguir una conversaci\u00f3n, se equivoca en sus cuentas, no paga las facturas.<\/p>\n<p>\u2013 Comportamiento<\/p>\n<p>Est\u00e1 sujeto a bruscos cambios de humor. Monta en c\u00f3lera cuando se percata de que ha perdido el control sobre \u00a0los elementos que le rodean. Tiene tendencia a aislarse en un entorno familiar que conoce bien: sale menos y no quiere ver a sus amigos.<\/p>\n<p>\u2013 Lenguaje y comprensi\u00f3n<\/p>\n<p>Aunque el enfermo contin\u00fae razonando y comunic\u00e1ndose bien con los otros, tiene, sin embargo, problemas para encontrar las palabras precisas; sus frases son m\u00e1s cortas; mezcla ideas que no tienen relaci\u00f3n directa entre s\u00ed.<\/p>\n<p>\u2013 Coordinaci\u00f3n de gestos espont\u00e1neos y movimientos corporales<\/p>\n<p>En esta fase, el enfermo todav\u00eda est\u00e1 bien. No se pierde y a\u00fan puede conducir, se viste solo y come bien.<\/p>\n<p>\u2013 Actividades de la vida diaria<\/p>\n<p>Es capaz de realizarlas sin demasiados problemas, incluso sus actividades profesionales. De hecho, todav\u00eda no est\u00e1 afectado m\u00e1s que por p\u00e9rdida de memoria.<\/p>\n<p><strong>Fase Moderada<\/strong><\/p>\n<p>\u2013 Memoria<\/p>\n<p>La memoria se altera progresivamente.El enfermo olvida los sucesos recientes. No se acuerda de lo que acaba de comer; acusa a sus amigos de abandonarlo porque no vienen a visitarlo. No puede asimilar o comprender los hechos nuevos: un matrimonio o el fallecimiento de un pariente. Sin embargo, el recuerdo de hechos lejanos persiste aunque los sit\u00fae mal en el tiempo en que transcurrieron: el enfermo pide noticias de su madre fallecida recientemente o menciona a personas a las que no ha visto desde hace a\u00f1os.<\/p>\n<p>\u2013 Comportamiento<\/p>\n<p>Este es el momento de las reacciones agresivas, desproporcionadas respecto al motivo que las ha desencadenado. Puede acusarle a Vd. de robarle si no encuentra su monedero; grita e incluso se vuelve agresivo si se insiste para que se ba\u00f1e. Cuanto m\u00e1s depende de otros m\u00e1s se irrita. Su fatiga aumenta y no hace nada sin que se le estimule.Experimenta miedos injustificados; un ruido, una cortina que se mueve o una luz pueden desencadenarlos.Camina durante horas de un lado a otro. Se levanta durante la noche y prepara su maleta para volver a casa<\/p>\n<p>\u2013 Lenguaje y comprensi\u00f3n<\/p>\n<p>El conjunto de la comunicaci\u00f3n con los dem\u00e1s se hace m\u00e1s dif\u00edcil: habla menos, su vocabulario se empobrece, repite siempre las mismas palabras o las mismas frases durante horas. Cuando responde a las preguntas lo hace lentamente, buscando las palabras; no acaba las frases.<\/p>\n<p>\u2013 Coordinaci\u00f3n de gestos<\/p>\n<p>Sus gestos son imprecisos: se abrocha mal los botones, sostiene mal su tenedor o su cuchillo. Pierde el equilibrio. Se golpea con facilidad y las ca\u00eddas son frecuentes. Se mueve lentamente y necesita que lo ayuden para ir a su habitaci\u00f3n o al ba\u00f1o. Pueden aparecer movimientos anormales como temblores, contracturas musculares o convulsiones.<\/p>\n<p>\u2013 Actividades de la vida diaria<\/p>\n<p>Su creciente confusi\u00f3n hace que le resulte cada vez m\u00e1s dif\u00edcil enfrentarse a la vida diaria. No es capaz de elegir:<\/p>\n<ul>\n<li>entre sus ropas, pues se viste sin importarle como, y sin tener en cuenta la estaci\u00f3n o los convencionalismos sociales;<\/li>\n<li>entre los platos que ponen en la mesa;<\/li>\n<li>entre las etapas habituales de su ba\u00f1o o ducha: \u00bfcu\u00e1ndo quitarse la ropa?,\u00bfcu\u00e1ndo enjabonarse?, \u00bfcu\u00e1ndo secarse?<\/li>\n<li style=\"list-style-type: none;\"><\/li>\n<\/ul>\n<p>Por otro lado pierde su autonom\u00eda ya que no puede conducir, ni viajar en metro o en autob\u00fas sin compa\u00f1\u00eda. Se pierde incluso en un trayecto que le es familiar.<\/p>\n<p>Puede dedicarse a actividades peligrosas para si mismo y para los dem\u00e1s como abrir la llave del gas sin encenderlo, u olvidar su cigarrillo y prender fuego por accidente.<\/p>\n<p>Es decir, el enfermo ha de ser vigilado las 24 horas del d\u00eda, lo que significa que sus familiares deben prestarle atenci\u00f3n constante.<\/p>\n<p><strong>Fase Severa<\/strong><\/p>\n<p>\u2013 Memoria<\/p>\n<p>El enfermo olvida los hechos recientes y pasados. No reconoce a su c\u00f3nyuge o a sus hijos. Sin embargo, conserva la memoria emocional. Se da cuenta de la persona que le cuida, le ayuda y le quiere. Este hecho debe estar siempre presente en la mente de quien se ocupa de \u00e9l.<\/p>\n<p>\u2013 Comportamiento<\/p>\n<p>Su humor es imprevisible: grita, llora, se agita. No reacciona coherentemente ante una situaci\u00f3n, ni comprende una explicaci\u00f3n.<\/p>\n<p>\u2013 Lenguaje y comprensi\u00f3n<\/p>\n<p>El enfermo balbucea, repite palabras sin pies ni cabeza, y solo utiliza correctamente algunas palabras concretas. No comprende lo que se le dice.<\/p>\n<p>\u2013 Coordinaci\u00f3n de los gestos<\/p>\n<p>No controla sus gestos. No sabe levantarse, sentarse o andar. Le cuesta trabajo tragar. No controla los esf\u00ednteres y aparece incontinencia.<\/p>\n<p>\u2013 Actividades de la vida diariaHan desaparecido totalmente. Con gran frecuencia permanece en la cama, lo que conduce a la aparici\u00f3n de llagas en los puntos de presi\u00f3n e infecciones respiratorias.<\/p>\n<p>La muerte sobreviene generalmente debido a una enfermedad asociada (c\u00e1ncer, accidente card\u00edaco o vascular cerebral), a veces como consecuencia de permanecer encamado (infecciones de las llagas, infecciones respiratorias y o urinarias\u2026).<\/p>\n<p>&nbsp;<\/p>\n","protected":false},"excerpt":{"rendered":"<p>Fases del Alzh\u00e9imer Se estima que un enfermo tiene un promedio de 10 a 12 a\u00f1os de vida despu\u00e9s del diagn\u00f3stico. Se describen 3 fases o grados que sirven a los m\u00e9dicos para definir el estado del enfermo en el marco de la evoluci\u00f3n: las fases ligera, moderada y severa. Estas fases sirven al m\u00e9dico [&hellip;]<\/p>\n","protected":false},"author":123,"featured_media":0,"parent":0,"menu_order":0,"comment_status":"closed","ping_status":"closed","template":"","meta":[],"_links":{"self":[{"href":"https:\/\/blogs.sld.cu\/alzheimer\/wp-json\/wp\/v2\/pages\/106"}],"collection":[{"href":"https:\/\/blogs.sld.cu\/alzheimer\/wp-json\/wp\/v2\/pages"}],"about":[{"href":"https:\/\/blogs.sld.cu\/alzheimer\/wp-json\/wp\/v2\/types\/page"}],"author":[{"embeddable":true,"href":"https:\/\/blogs.sld.cu\/alzheimer\/wp-json\/wp\/v2\/users\/123"}],"replies":[{"embeddable":true,"href":"https:\/\/blogs.sld.cu\/alzheimer\/wp-json\/wp\/v2\/comments?post=106"}],"version-history":[{"count":1,"href":"https:\/\/blogs.sld.cu\/alzheimer\/wp-json\/wp\/v2\/pages\/106\/revisions"}],"predecessor-version":[{"id":107,"href":"https:\/\/blogs.sld.cu\/alzheimer\/wp-json\/wp\/v2\/pages\/106\/revisions\/107"}],"wp:attachment":[{"href":"https:\/\/blogs.sld.cu\/alzheimer\/wp-json\/wp\/v2\/media?parent=106"}],"curies":[{"name":"wp","href":"https:\/\/api.w.org\/{rel}","templated":true}]}}