{"id":121,"date":"2021-11-20T20:32:50","date_gmt":"2021-11-20T20:32:50","guid":{"rendered":"https:\/\/blogs.sld.cu\/alzheimer\/?page_id=121"},"modified":"2021-11-20T20:35:28","modified_gmt":"2021-11-20T20:35:28","slug":"tratamiento","status":"publish","type":"page","link":"https:\/\/blogs.sld.cu\/alzheimer\/tratamiento\/","title":{"rendered":"Tratamiento"},"content":{"rendered":"<p>El tratamiento de los s\u00edntomas de la enfermedad de Alzheimer puede brindar a las personas bienestar, dignidad e independencia durante un per\u00edodo m\u00e1s largo de tiempo y tambi\u00e9n puede alentar y ayudar a las personas encargadas de atenderlos.<\/p>\n<p>La mayor\u00eda de los medicamentos funcionan mejor para las personas en las etapas iniciales o medias de la enfermedad de Alzheimer. Es importante entender que ninguno de estos medicamentos detiene la enfermedad misma.<\/p>\n<p>Para comprender c\u00f3mo funcionan los f\u00e1rmacos para la enfermedad de Alzheimer, primero debe comprender la red de comunicaci\u00f3n del cerebro. En el cerebro, las neuronas se conectan y se comunican formando sinapsis, donde peque\u00f1as explosiones de sustancias qu\u00edmicas llamadas neurotransmisores transportan informaci\u00f3n de una c\u00e9lula a otra. El Alzheimer interrumpe el proceso y finalmente destruye la sinapsis y mata las neuronas, da\u00f1ando la red de comunicaci\u00f3n del cerebro.<\/p>\n<p><span style=\"color: #0062ad;\"><strong>Tratamiento de los s\u00edntomas de grado leve a moderado<\/strong><\/span><\/p>\n<p>Los medicamentos llamados inhibidores de colinesterasa son recetados para el tratamiento de los s\u00edntomas de grado leve a moderado de la enfermedad de Alzheimer. Estos medicamentos pueden ayudar a reducir algunos s\u00edntomas y ayudar a controlar algunos s\u00edntomas relacionados al comportamiento. Los medicamentos son: Razadyne<sup>\u00ae<\/sup> (galantamina), Exelon<sup>\u00ae<\/sup> (rivastigmina) y Aricept<sup>\u00ae<\/sup> (donepezilo).<\/p>\n<p>Los cient\u00edficos todav\u00eda no entienden completamente c\u00f3mo los inhibidores de colinesterasa funcionan para tratar la enfermedad de Alzheimer, pero las investigaciones indican que \u00e9stos previenen la descomposici\u00f3n de la acetilcolina, un compuesto qu\u00edmico del cerebro que se cree es importante para la memoria y el proceso de pensar. A medida que la enfermedad de Alzheimer progresa, el cerebro produce menos y menos acetilcolina y por lo tanto, con el tiempo, los inhibidores de colinesterasa pueden perder su efecto.<\/p>\n<p>No hay ning\u00fan estudio publicado que compare directamente estos medicamentos. Debido a que funcionan de una manera similar, no es probable que cambiar de uno de estos medicamentos a otro produzca resultados significativamente diferentes. Sin embargo, una persona que padezca de la enfermedad de Alzheimer puede responder mejor a un medicamento que a otro.<\/p>\n<p><span style=\"color: #0062ad;\"><strong>Tratamiento de los s\u00edntomas de grado moderado a severo<\/strong><\/span><\/p>\n<p>Un medicamento conocido como Namenda\u00ae (memantina), un antagonista del N-metil D-aspartato (NMDA), es recetado para el tratamiento de los s\u00edntomas de grado moderado a severo de la enfermedad de Alzheimer. El efecto principal de este medicamento es disminuir los s\u00edntomas, lo que podr\u00eda permitir a algunas personas mantener ciertas funciones diarias un poco m\u00e1s de lo que lo har\u00edan sin el medicamento. Por ejemplo, Namenda\u00ae puede ayudar a una persona en las etapas avanzadas de la enfermedad a mantener su capacidad de ir al ba\u00f1o independientemente por varios meses m\u00e1s, un beneficio tanto para la persona con Alzheimer como para las personas encargadas de atenderlos.<\/p>\n<p>Otros medicamentos tales como Aricept<sup>\u00ae<\/sup>, el parche de Exelon<sup>\u00ae<\/sup> y Namzaric<sup>\u00ae<\/sup>, una combinaci\u00f3n de Namenda<sup>\u00ae<\/sup> y Aricept<sup>\u00ae<\/sup>, tambi\u00e9n se emplean en el tratamiento de la enfermedad de Alzheimer de grado moderado a severo.<\/p>\n<p>Se cree que Namenda<sup>\u00ae<\/sup> funciona regulando el glutamato, un importante compuesto qu\u00edmico en el cerebro. Cuando es producido en cantidades excesivas, el glutamato puede conducir a la muerte de c\u00e9lulas del cerebro. Debido a que los antagonistas del NMDA funcionan de manera distinta a la de los inhibidores de colinesterasa, los dos tipos de medicamentos pueden ser recetados en combinaci\u00f3n.<\/p>\n<p><span style=\"color: #0062ad;\"><strong>Dosis y efectos secundarios<\/strong><\/span><\/p>\n<p>Los doctores usualmente empiezan recetando a los pacientes una dosis baja del medicamento y la van aumentando gradualmente dependiendo de c\u00f3mo un paciente tolera el medicamento. Hay alguna evidencia que ciertas personas pueden beneficiarse de dosis m\u00e1s altas de inhibidores de colinesterasa. Sin embargo, cuanto m\u00e1s alta la dosis, m\u00e1s alta tambi\u00e9n es la probabilidad de tener efectos secundarios. Las dosis recomendadas de los medicamentos recetados para tratar los s\u00edntomas de la enfermedad de Alzheimer y los posibles efectos secundarios de estos medicamentos est\u00e1n resumidos en el cuadro a continuaci\u00f3n.<\/p>\n<p>Los pacientes deben ser supervisados cuando empiezan a tomar un medicamento. Notifique inmediatamente cualquier s\u00edntoma extra\u00f1o al doctor que le recet\u00f3 el medicamento. Es importante seguir las instrucciones del doctor cuando se toma cualquier medicamento, inclusive vitaminas y suplementos fabricados a base de hierbas. Adem\u00e1s, informe al doctor antes de agregar o cambiar cualquier medicamento.<\/p>\n<p>&nbsp;<\/p>\n","protected":false},"excerpt":{"rendered":"<p>El tratamiento de los s\u00edntomas de la enfermedad de Alzheimer puede brindar a las personas bienestar, dignidad e independencia durante un per\u00edodo m\u00e1s largo de tiempo y tambi\u00e9n puede alentar y ayudar a las personas encargadas de atenderlos. La mayor\u00eda de los medicamentos funcionan mejor para las personas en las etapas iniciales o medias de [&hellip;]<\/p>\n","protected":false},"author":123,"featured_media":0,"parent":0,"menu_order":0,"comment_status":"closed","ping_status":"closed","template":"","meta":[],"_links":{"self":[{"href":"https:\/\/blogs.sld.cu\/alzheimer\/wp-json\/wp\/v2\/pages\/121"}],"collection":[{"href":"https:\/\/blogs.sld.cu\/alzheimer\/wp-json\/wp\/v2\/pages"}],"about":[{"href":"https:\/\/blogs.sld.cu\/alzheimer\/wp-json\/wp\/v2\/types\/page"}],"author":[{"embeddable":true,"href":"https:\/\/blogs.sld.cu\/alzheimer\/wp-json\/wp\/v2\/users\/123"}],"replies":[{"embeddable":true,"href":"https:\/\/blogs.sld.cu\/alzheimer\/wp-json\/wp\/v2\/comments?post=121"}],"version-history":[{"count":3,"href":"https:\/\/blogs.sld.cu\/alzheimer\/wp-json\/wp\/v2\/pages\/121\/revisions"}],"predecessor-version":[{"id":129,"href":"https:\/\/blogs.sld.cu\/alzheimer\/wp-json\/wp\/v2\/pages\/121\/revisions\/129"}],"wp:attachment":[{"href":"https:\/\/blogs.sld.cu\/alzheimer\/wp-json\/wp\/v2\/media?parent=121"}],"curies":[{"name":"wp","href":"https:\/\/api.w.org\/{rel}","templated":true}]}}