{"id":122,"date":"2021-11-20T20:28:51","date_gmt":"2021-11-20T20:28:51","guid":{"rendered":"https:\/\/blogs.sld.cu\/alzheimer\/?page_id=122"},"modified":"2021-11-20T20:29:45","modified_gmt":"2021-11-20T20:29:45","slug":"evaluacion-del-riesgo-de-desarrollar-enfermedad-de-alzheimer","status":"publish","type":"page","link":"https:\/\/blogs.sld.cu\/alzheimer\/evaluacion-del-riesgo-de-desarrollar-enfermedad-de-alzheimer\/","title":{"rendered":"Evaluaci\u00f3n del riesgo de desarrollar enfermedad de Alzheimer"},"content":{"rendered":"<div class=\"content_inset clearfix\">\n<p>Las familias tienen muchas cosas en com\u00fan, incluidos sus genes, entorno y estilo de vida. En conjunto, estas cosas pueden ofrecer pistas sobre afecciones, como la enfermedad de Alzheimer de inicio tard\u00edo y temprano (precoz), que puede ser un rasgo de familia.<\/p>\n<p><span style=\"color: #0062ad;\"><strong>Alzheimer de inicio tard\u00edo<\/strong><\/span><\/p>\n<p>A\u00fan no existe una prueba para predecir si alguien tendr\u00e1 Alzheimer de inicio tard\u00edo, donde los s\u00edntomas se hacen evidentes a mediados de la sexta d\u00e9cada de vida. Si alguien est\u00e1 preocupado por los cambios en su memoria u otros problemas para pensar, debe hablar con un m\u00e9dico.<\/p>\n<p>Un m\u00e9dico puede pedirle al paciente que prepare un historial de salud familiar. Un historial de salud familiar puede ayudar a una persona a saber si la enfermedad de Alzheimer es un rasgo de familia. El historial enumera datos de salud sobre una persona y sus parientes cercanos. Es un registro escrito de:<\/p>\n<ul>\n<li>Las condiciones de salud de una familia<\/li>\n<li>Los h\u00e1bitos de estilo de vida como fumar y hacer ejercicio<\/li>\n<li>D\u00f3nde y c\u00f3mo crecieron los miembros de la familia<\/li>\n<\/ul>\n<p>Un historial de salud familiar puede mostrar patrones de enfermedad y factores de riesgo. Trate de incluir datos sobre la salud de tres generaciones: abuelos, padres e hijos.<\/p>\n<p>Las personas no pueden cambiar los genes que heredan de sus padres, pero pueden cambiar cosas como la dieta, la actividad f\u00edsica y la atenci\u00f3n m\u00e9dica para prevenir enfermedades que pueden ser un rasgo de familia.<\/p>\n<aside class=\"textbox textbox-orange textbox-90\"><span style=\"color: #0062ad;\"><strong>Pasos para mantener la salud cognitiva<\/strong><\/span><\/aside>\n<aside><\/aside>\n<aside class=\"textbox textbox-orange textbox-90\">Un m\u00e9dico puede sugerir pasos para mantenerse saludable y observar cambios en la memoria y el pensamiento. Los pasos incluyen:<\/p>\n<ul>\n<li>Hacer ejercicio regularmente<\/li>\n<li>Comer una dieta saludable rica en frutas y verduras<\/li>\n<li>Pasar tiempo con la familia y los amigos<\/li>\n<li>Mantener la mente activa<\/li>\n<li>Controlar la diabetes tipo 2<\/li>\n<li>Mantener la presi\u00f3n arterial y el colesterol en niveles saludables<\/li>\n<li>Mantener un peso corporal saludable<\/li>\n<li>Dejar de fumar<\/li>\n<li>Obtener ayuda para la depresi\u00f3n<\/li>\n<li>Evitar beber mucho alcohol<\/li>\n<li>Dormir lo suficiente<\/li>\n<\/ul>\n<\/aside>\n<p><span style=\"color: #0062ad;\"><strong>Alzheimer de inicio temprano<\/strong><\/span><\/p>\n<p>Existe una prueba para saber si una persona tiene los cambios gen\u00e9ticos que causan la enfermedad de Alzheimer familiar, o FAD (por sus siglas en ingl\u00e9s), que se produce entre los 30 y 65 a\u00f1os aproximadamente.<\/p>\n<p>Si alguien tiene antecedentes familiares de FAD, debe consultar con un m\u00e9dico para hacerse la prueba.<\/p>\n<p>Un m\u00e9dico podr\u00eda sugerir reunirse primero con un asesor gen\u00e9tico. Este tipo de asesor ayuda a las personas a informarse sobre el riesgo de contraer enfermedades gen\u00e9ticas. Tambi\u00e9n ayuda a las personas a tomar decisiones sobre las pruebas gen\u00e9ticas que pueden hacerse y qu\u00e9 hacer con los resultados obtenidos.<\/p>\n<\/div>\n","protected":false},"excerpt":{"rendered":"<p>Las familias tienen muchas cosas en com\u00fan, incluidos sus genes, entorno y estilo de vida. En conjunto, estas cosas pueden ofrecer pistas sobre afecciones, como la enfermedad de Alzheimer de inicio tard\u00edo y temprano (precoz), que puede ser un rasgo de familia. Alzheimer de inicio tard\u00edo A\u00fan no existe una prueba para predecir si alguien [&hellip;]<\/p>\n","protected":false},"author":123,"featured_media":0,"parent":0,"menu_order":0,"comment_status":"closed","ping_status":"closed","template":"","meta":[],"_links":{"self":[{"href":"https:\/\/blogs.sld.cu\/alzheimer\/wp-json\/wp\/v2\/pages\/122"}],"collection":[{"href":"https:\/\/blogs.sld.cu\/alzheimer\/wp-json\/wp\/v2\/pages"}],"about":[{"href":"https:\/\/blogs.sld.cu\/alzheimer\/wp-json\/wp\/v2\/types\/page"}],"author":[{"embeddable":true,"href":"https:\/\/blogs.sld.cu\/alzheimer\/wp-json\/wp\/v2\/users\/123"}],"replies":[{"embeddable":true,"href":"https:\/\/blogs.sld.cu\/alzheimer\/wp-json\/wp\/v2\/comments?post=122"}],"version-history":[{"count":3,"href":"https:\/\/blogs.sld.cu\/alzheimer\/wp-json\/wp\/v2\/pages\/122\/revisions"}],"predecessor-version":[{"id":125,"href":"https:\/\/blogs.sld.cu\/alzheimer\/wp-json\/wp\/v2\/pages\/122\/revisions\/125"}],"wp:attachment":[{"href":"https:\/\/blogs.sld.cu\/alzheimer\/wp-json\/wp\/v2\/media?parent=122"}],"curies":[{"name":"wp","href":"https:\/\/api.w.org\/{rel}","templated":true}]}}