{"id":14,"date":"2021-01-23T06:49:06","date_gmt":"2021-01-23T06:49:06","guid":{"rendered":"http:\/\/blogs.sld.cu\/alzheimer\/?page_id=14"},"modified":"2021-11-20T20:36:05","modified_gmt":"2021-11-20T20:36:05","slug":"sintomastratamiento","status":"publish","type":"page","link":"https:\/\/blogs.sld.cu\/alzheimer\/sintomastratamiento\/","title":{"rendered":"S\u00edntomas\/Tratamiento"},"content":{"rendered":"<section id=\"sintomas\" class=\"row fw-row\" data-rowname=\"S\u00edntomas\" data-header-style=\"\">\n<div class=\"spb-row-container spb-row-full-width-contained col-sm-12 text-standard\" data-v-center=\"false\" data-top-style=\"none\" data-bottom-style=\"none\">\n<div class=\"spb_content_element clearfix\">\n<section class=\"container\">\n<div class=\"row\">\n<div class=\"spb_content_element col-sm-12 spb_text_column\">\n<div class=\"spb-asset-content\">\n<p class=\"first before-p\"><strong>\u00bfCu\u00e1les son los s\u00edntomas de la demencia de Alzheimer?<\/strong><\/p>\n<p class=\"after-h2 before-ul\">Si le preocupa que usted o un ser querido puedan tener demencia de Alzheimer, existen 10 s\u00edntomas principales a considerar. Cada persona es diferente y puede tener m\u00e1s o menos que estos 10 s\u00edntomas. Hable con su m\u00e9dico si nota 1 o m\u00e1s en usted o en un ser querido.<\/p>\n<p><strong>\u00bb P\u00e9rdida de memoria que afecta la vida cotidiana: <\/strong>Los ejemplos incluyen olvidar fechas importantes o cosas que acaba de aprender, hacer la misma pregunta una y otra vez o depender en gran medida de notas, tecnolog\u00eda u otros miembros de la familia para recordar cosas.<\/p>\n<p><strong>\u00bb Cambios en la capacidad de seguir un plan o resolver un problema: <\/strong>Esto puede incluir tener dificultades para concentrarse en un problema, como un problema de matem\u00e1ticas; en seguir un plan, como una receta, o para realizar un seguimiento de las tareas programadas regularmente, como pagar las facturas mensuales.<\/p>\n<p><strong>\u00bb Cambios en la capacidad para completar tareas habituales: <\/strong>La demencia de Alzheimer puede dificultar hacer las cosas que sol\u00eda hacer normalmente. Por ejemplo, puede resultar dif\u00edcil hacer tareas en el hogar, hacer mandados o terminar una tarea rutinaria en el trabajo.<\/p>\n<p><strong>\u00bb Confusi\u00f3n sobre el tiempo o el espacio: <\/strong>Los ejemplos incluyen perder la noci\u00f3n de cu\u00e1nto tiempo ha pasado, la fecha o el d\u00eda de la semana, u olvidar d\u00f3nde se encuentra y c\u00f3mo lleg\u00f3 all\u00ed.<\/p>\n<p><strong>\u00bb Problemas con la visi\u00f3n o la comprensi\u00f3n de la informaci\u00f3n visual: <\/strong>Los ejemplos incluyen problemas para comprender lo que se lee, para identificar colores, calcular distancias o confundirse con lo que ve.<\/p>\n<p><strong>\u00bb Problemas con las palabras: <\/strong>Los ejemplos incluyen olvidar palabras en el medio de una conversaci\u00f3n, repetir partes de una conversaci\u00f3n o problemas con el vocabulario, como llamar a las cosas con nombres incorrectos.<\/p>\n<p><strong>\u00bb Extraviar cosas: <\/strong>Los ejemplos incluyen colocar cosas en lugares inusuales, perder cosas a menudo, no poder volver sobre sus pasos para encontrar un objeto perdido e incluso acusar a otros de robar.<\/p>\n<p><strong>\u00bb Falta de criterio: <\/strong>Los ejemplos incluyen prestar menos atenci\u00f3n a la apariencia o a la limpieza y tener falta de criterio con el dinero, como dar grandes sumas a la gente que pide.<\/p>\n<p><strong>\u00bb Retiro de las actividades: <\/strong>Los ejemplos incluyen retirarse de actividades sociales, proyectos de trabajo o reuniones familiares, o abandonar un pasatiempo, deporte o actividad favorita.<\/p>\n<p><strong>\u00bb Cambios en el estado de \u00e1nimo y la personalidad:<\/strong> Los ejemplos incluyen estar inusualmente confundido, sospechoso, molesto, deprimido, temeroso o ansioso, especialmente cuando se encuentra en lugares nuevos o desconocidos.<\/p>\n<p class=\"after-ul before-p\">La demencia de Alzheimer se llama enfermedad \u00abprogresiva\u00bb. Esto significa que sus s\u00edntomas generalmente comienzan lentamente y son leves. Las capacidades cognitivas (cerebro) y funcionales (autocuidado) de una persona empeoran con el tiempo. En las etapas avanzadas de la enfermedad, una persona que tiene demencia de Alzheimer ya no puede comunicarse y depende completamente de otras personas para recibir atenci\u00f3n.<\/p>\n<p class=\"after-p before-ul\">Adem\u00e1s, a medida que la enfermedad progresa, la persona puede experimentar complicaciones de salud, que incluyen:<\/p>\n<ul class=\"after-p before-p\">\n<li class=\"first before-li\">Depresi\u00f3n.<\/li>\n<li class=\"after-li before-li\">Dolor, enfermedad o efectos secundarios de medicamentos que no se informan (debido a la incapacidad para comunicarse).<\/li>\n<li class=\"after-li before-li\">Ca\u00eddas.<\/li>\n<li class=\"after-li before-li\">Neumon\u00eda u otras infecciones.<\/li>\n<li class=\"after-li last\">Desnutrici\u00f3n o deshidrataci\u00f3n.<\/li>\n<\/ul>\n<p class=\"after-ul last\">Si cree que un ser querido podr\u00eda estar experimentando alguna de las complicaciones mencionadas anteriormente, hable con su m\u00e9dico. Ellos pueden proporcionarle medicamentos u otros tratamientos para ayudar a que su ser querido est\u00e9 c\u00f3modo.<\/p>\n<h3><a href=\"https:\/\/blogs.sld.cu\/alzheimer\/tratamiento\/\" target=\"_blank\" rel=\"noopener\"><strong>Tratamiento<\/strong><\/a><\/h3>\n<\/div>\n<\/div>\n<\/div>\n<\/section>\n<\/div>\n<\/div>\n<\/section>\n","protected":false},"excerpt":{"rendered":"<p>\u00bfCu\u00e1les son los s\u00edntomas de la demencia de Alzheimer? Si le preocupa que usted o un ser querido puedan tener demencia de Alzheimer, existen 10 s\u00edntomas principales a considerar. Cada persona es diferente y puede tener m\u00e1s o menos que estos 10 s\u00edntomas. Hable con su m\u00e9dico si nota 1 o m\u00e1s en usted o [&hellip;]<\/p>\n","protected":false},"author":208,"featured_media":0,"parent":0,"menu_order":0,"comment_status":"closed","ping_status":"closed","template":"","meta":[],"_links":{"self":[{"href":"https:\/\/blogs.sld.cu\/alzheimer\/wp-json\/wp\/v2\/pages\/14"}],"collection":[{"href":"https:\/\/blogs.sld.cu\/alzheimer\/wp-json\/wp\/v2\/pages"}],"about":[{"href":"https:\/\/blogs.sld.cu\/alzheimer\/wp-json\/wp\/v2\/types\/page"}],"author":[{"embeddable":true,"href":"https:\/\/blogs.sld.cu\/alzheimer\/wp-json\/wp\/v2\/users\/208"}],"replies":[{"embeddable":true,"href":"https:\/\/blogs.sld.cu\/alzheimer\/wp-json\/wp\/v2\/comments?post=14"}],"version-history":[{"count":7,"href":"https:\/\/blogs.sld.cu\/alzheimer\/wp-json\/wp\/v2\/pages\/14\/revisions"}],"predecessor-version":[{"id":131,"href":"https:\/\/blogs.sld.cu\/alzheimer\/wp-json\/wp\/v2\/pages\/14\/revisions\/131"}],"wp:attachment":[{"href":"https:\/\/blogs.sld.cu\/alzheimer\/wp-json\/wp\/v2\/media?parent=14"}],"curies":[{"name":"wp","href":"https:\/\/api.w.org\/{rel}","templated":true}]}}