{"id":164,"date":"2021-12-01T22:37:56","date_gmt":"2021-12-01T22:37:56","guid":{"rendered":"https:\/\/blogs.sld.cu\/alzheimer\/?page_id=164"},"modified":"2021-12-01T22:55:51","modified_gmt":"2021-12-01T22:55:51","slug":"dra-tania-zayas-llerena","status":"publish","type":"page","link":"https:\/\/blogs.sld.cu\/alzheimer\/dra-tania-zayas-llerena\/","title":{"rendered":"Dra. Tania Zayas Llerena"},"content":{"rendered":"<p>&nbsp;<\/p>\n<p><a href=\"http:\/\/blogs.sld.cu\/alzheimer\/files\/2021\/12\/Tania-Zayas-A0000.jpg\"><img loading=\"lazy\" class=\"wp-image-165 aligncenter\" src=\"http:\/\/blogs.sld.cu\/alzheimer\/files\/2021\/12\/Tania-Zayas-A0000.jpg\" alt=\"\" width=\"203\" height=\"207\" \/><\/a><br \/>\nscual@infomed.sld.cu<\/p>\n<p>Doctora en Medicina<br \/>\nMaster en S\u00edndrome demencial<br \/>\nGesti\u00f3n de la informaci\u00f3n en salud.<\/p>\n<p>Profesor auxiliar. Investigador agregado.<br \/>\nFacultad Finlay-Albarr\u00e1n &#8211; Grupo de Investigaciones de Alzh\u00e9imer. Calle 68<\/p>\n","protected":false},"excerpt":{"rendered":"<p>&nbsp; scual@infomed.sld.cu Doctora en Medicina Master en S\u00edndrome demencial Gesti\u00f3n de la informaci\u00f3n en salud. Profesor auxiliar. Investigador agregado. Facultad Finlay-Albarr\u00e1n &#8211; Grupo de Investigaciones de Alzh\u00e9imer. Calle 68<\/p>\n","protected":false},"author":208,"featured_media":0,"parent":0,"menu_order":0,"comment_status":"closed","ping_status":"closed","template":"","meta":[],"_links":{"self":[{"href":"https:\/\/blogs.sld.cu\/alzheimer\/wp-json\/wp\/v2\/pages\/164"}],"collection":[{"href":"https:\/\/blogs.sld.cu\/alzheimer\/wp-json\/wp\/v2\/pages"}],"about":[{"href":"https:\/\/blogs.sld.cu\/alzheimer\/wp-json\/wp\/v2\/types\/page"}],"author":[{"embeddable":true,"href":"https:\/\/blogs.sld.cu\/alzheimer\/wp-json\/wp\/v2\/users\/208"}],"replies":[{"embeddable":true,"href":"https:\/\/blogs.sld.cu\/alzheimer\/wp-json\/wp\/v2\/comments?post=164"}],"version-history":[{"count":4,"href":"https:\/\/blogs.sld.cu\/alzheimer\/wp-json\/wp\/v2\/pages\/164\/revisions"}],"predecessor-version":[{"id":171,"href":"https:\/\/blogs.sld.cu\/alzheimer\/wp-json\/wp\/v2\/pages\/164\/revisions\/171"}],"wp:attachment":[{"href":"https:\/\/blogs.sld.cu\/alzheimer\/wp-json\/wp\/v2\/media?parent=164"}],"curies":[{"name":"wp","href":"https:\/\/api.w.org\/{rel}","templated":true}]}}