{"id":20,"date":"2021-01-23T06:58:05","date_gmt":"2021-01-23T06:58:05","guid":{"rendered":"http:\/\/blogs.sld.cu\/alzheimer\/?page_id=20"},"modified":"2021-11-23T18:30:51","modified_gmt":"2021-11-23T18:30:51","slug":"glosario","status":"publish","type":"page","link":"https:\/\/blogs.sld.cu\/alzheimer\/glosario\/","title":{"rendered":"Glosario"},"content":{"rendered":"<p><strong>\u00bb<\/strong> Abulia: Falta patol\u00f3gica de deseo y voluntad; incapacidad para expresar una toma de decisi\u00f3n debido a la ausencia de motivaci\u00f3n o iniciativa. Se identifica, entre otros s\u00edntomas, por apat\u00eda y mutismo.<\/p>\n<p><strong>\u00bb<\/strong> Afasia: Trastorno o p\u00e9rdida de la capacidad de producir el lenguaje oral por lesi\u00f3n cerebral en el \u00e1rea del lenguaje.<\/p>\n<p>\u00bb Agnosia: Trastorno de reconocimiento que no es provocado por demencia, afasia o trastornos de la percepci\u00f3n elemental. Es la interrupci\u00f3n en la capacidad para reconocer est\u00edmulos previamente aprendidos o de aprender nuevos est\u00edmulos sin haber deficiencia en la alteraci\u00f3n de la percepci\u00f3n, lenguaje o intelecto.<\/p>\n<p><strong>\u00bb <\/strong>Alzheimer: La enfermedad de Alzheimer (EA), tambi\u00e9n denominada mal de Alzheimer, demencia senil de tipo Alzheimer (DSTA) o simplemente alzheimer, es una enfermedad neurodegenerativa que se manifiesta como deterioro cognitivo y trastornos conductuales. Se caracteriza en su forma t\u00edpica por una p\u00e9rdida de la memoria inmediata y de otras capacidades mentales, a medida que las c\u00e9lulas nerviosas (neuronas) mueren y diferentes zonas del cerebro se atrofian.<\/p>\n<p><strong>\u00bb <\/strong>Amnesia: Trastorno del funcionamiento de la memoria, durante el cual el individuo es incapaz de conservar o recuperar informaci\u00f3n almacenada con anterioridad. Las causas son org\u00e1nicas o funcionales. Las org\u00e1nicas incluyen da\u00f1o al cerebro, causado por enfermedades o traumas, o por uso de ciertas drogas (generalmente sedantes). Las funcionales son factores psicol\u00f3gicos, como mecanismos de defensa.<strong><br \/>\n<\/strong><\/p>\n<p>\u00bb Apraxia: Imposibilidad de ejecutar el movimiento intencional de un miembro a pesar de conservar la motilidad. Es un trastorno neurol\u00f3gico caracterizado por la p\u00e9rdida de la capacidad de llevar a cabo movimientos de prop\u00f3sito, aprendidos y familiares, a pesar de tener la capacidad f\u00edsica y el deseo de realizarlos.<\/p>\n<p><strong>\u00bb <\/strong>Atrofia: Encogimiento de tejidos y \u00f3rganos; se diferencian la atrofia fisiol\u00f3gica debido a procesos normales de desarrollo o envejecimiento y la atrofia patol\u00f3gica debido a enfermedades.<\/p>\n<p>\u00bb Bradicinesia: Lentitud en la ejecuci\u00f3n de los movimientos, es el s\u00edntoma m\u00e1s frecuente en el estadio precoz del Mal de Parkinson.<strong><br \/>\n<\/strong><\/p>\n<p><strong>\u00bb <\/strong>Neuronas: C\u00e9lulas altamente especializadas presentes en el tejido nervioso, que presentan un cuerpo del que parten dos tipos de prolongaciones: dendritas y ax\u00f3n.<\/p>\n<p><strong>\u00bb <\/strong>Trastorno neurodegenerativo: Trastorno de las neuronas, en el sistema nervioso central, por\u00a0 p\u00e9rdida de las mismas. En este caso se pierden las neuronas pigmentadas de la sustancia negra, que es una parte de la porci\u00f3n m\u00e1s baja del cerebro del cerebro.<\/p>\n<p>&nbsp;<\/p>\n","protected":false},"excerpt":{"rendered":"<p>\u00bb Abulia: Falta patol\u00f3gica de deseo y voluntad; incapacidad para expresar una toma de decisi\u00f3n debido a la ausencia de motivaci\u00f3n o iniciativa. Se identifica, entre otros s\u00edntomas, por apat\u00eda y mutismo. \u00bb Afasia: Trastorno o p\u00e9rdida de la capacidad de producir el lenguaje oral por lesi\u00f3n cerebral en el \u00e1rea del lenguaje. \u00bb Agnosia: [&hellip;]<\/p>\n","protected":false},"author":208,"featured_media":0,"parent":0,"menu_order":0,"comment_status":"closed","ping_status":"closed","template":"","meta":[],"_links":{"self":[{"href":"https:\/\/blogs.sld.cu\/alzheimer\/wp-json\/wp\/v2\/pages\/20"}],"collection":[{"href":"https:\/\/blogs.sld.cu\/alzheimer\/wp-json\/wp\/v2\/pages"}],"about":[{"href":"https:\/\/blogs.sld.cu\/alzheimer\/wp-json\/wp\/v2\/types\/page"}],"author":[{"embeddable":true,"href":"https:\/\/blogs.sld.cu\/alzheimer\/wp-json\/wp\/v2\/users\/208"}],"replies":[{"embeddable":true,"href":"https:\/\/blogs.sld.cu\/alzheimer\/wp-json\/wp\/v2\/comments?post=20"}],"version-history":[{"count":7,"href":"https:\/\/blogs.sld.cu\/alzheimer\/wp-json\/wp\/v2\/pages\/20\/revisions"}],"predecessor-version":[{"id":142,"href":"https:\/\/blogs.sld.cu\/alzheimer\/wp-json\/wp\/v2\/pages\/20\/revisions\/142"}],"wp:attachment":[{"href":"https:\/\/blogs.sld.cu\/alzheimer\/wp-json\/wp\/v2\/media?parent=20"}],"curies":[{"name":"wp","href":"https:\/\/api.w.org\/{rel}","templated":true}]}}