{"id":22,"date":"2021-01-23T06:59:10","date_gmt":"2021-01-23T06:59:10","guid":{"rendered":"http:\/\/blogs.sld.cu\/alzheimer\/?page_id=22"},"modified":"2021-11-23T19:44:59","modified_gmt":"2021-11-23T19:44:59","slug":"recursos","status":"publish","type":"page","link":"https:\/\/blogs.sld.cu\/alzheimer\/recursos\/","title":{"rendered":"Recursos"},"content":{"rendered":"<p><a href=\"http:\/\/www.nia.nih.gov\/espanol\/publicaciones\/guia-para-quienes-cuidan-personas-con-alzheimer\" target=\"_blank\" rel=\"noopener\">\u00bb Gu\u00eda para quienes cuidan a personas con Alzheimer<\/a><br \/>\n<a href=\"http:\/\/www.nia.nih.gov\/espanol\/publicaciones\/proteccion-en-el-hogar-para-las-personas-con-la-enfermedad-de-alzheimer\/introduccion\" target=\"_blank\" rel=\"noopener\">\u00bb Protecci\u00f3n en el hogar para las personas con enfermedad de Alzheimer\u00a0<\/a><br \/>\n<span class=\"field-content\"><a href=\"https:\/\/order.nia.nih.gov\/publication\/pngase-en-forma-de-por-vida-ejercicio-y-actividad-fsica-para-un-envejecimiento-saludable\">\u00bb P\u00f3ngase en forma de por vida: Ejercicio y actividad f\u00edsica para un envejecimiento saludable<\/a><br \/>\n<a href=\"https:\/\/order.nia.nih.gov\/publication\/las-demencias-esperanza-en-la-investigacin-the-dementias-hope-through-research-spanish\" target=\"_blank\" rel=\"noopener\">\u00bb Las demencias: Esperanza en la investigaci\u00f3n (The Dementias: Hope Through Research \u2013 Spanish)<\/a><br \/>\n<a href=\"https:\/\/order.nia.nih.gov\/publication\/cmo-cuidar-a-una-persona-con-la-enfermedad-de-alzheimer-una-gua-fcil-de-usar\" target=\"_blank\" rel=\"noopener\">\u00bb C\u00f3mo cuidar a una persona con la enfermedad de Alzheimer: Una gu\u00eda f\u00e1cil de usar<\/a><br \/>\n<\/span><\/p>\n","protected":false},"excerpt":{"rendered":"<p>\u00bb Gu\u00eda para quienes cuidan a personas con Alzheimer \u00bb Protecci\u00f3n en el hogar para las personas con enfermedad de Alzheimer\u00a0 \u00bb P\u00f3ngase en forma de por vida: Ejercicio y actividad f\u00edsica para un envejecimiento saludable \u00bb Las demencias: Esperanza en la investigaci\u00f3n (The Dementias: Hope Through Research \u2013 Spanish) \u00bb C\u00f3mo cuidar a una [&hellip;]<\/p>\n","protected":false},"author":208,"featured_media":0,"parent":0,"menu_order":0,"comment_status":"closed","ping_status":"closed","template":"","meta":[],"_links":{"self":[{"href":"https:\/\/blogs.sld.cu\/alzheimer\/wp-json\/wp\/v2\/pages\/22"}],"collection":[{"href":"https:\/\/blogs.sld.cu\/alzheimer\/wp-json\/wp\/v2\/pages"}],"about":[{"href":"https:\/\/blogs.sld.cu\/alzheimer\/wp-json\/wp\/v2\/types\/page"}],"author":[{"embeddable":true,"href":"https:\/\/blogs.sld.cu\/alzheimer\/wp-json\/wp\/v2\/users\/208"}],"replies":[{"embeddable":true,"href":"https:\/\/blogs.sld.cu\/alzheimer\/wp-json\/wp\/v2\/comments?post=22"}],"version-history":[{"count":6,"href":"https:\/\/blogs.sld.cu\/alzheimer\/wp-json\/wp\/v2\/pages\/22\/revisions"}],"predecessor-version":[{"id":148,"href":"https:\/\/blogs.sld.cu\/alzheimer\/wp-json\/wp\/v2\/pages\/22\/revisions\/148"}],"wp:attachment":[{"href":"https:\/\/blogs.sld.cu\/alzheimer\/wp-json\/wp\/v2\/media?parent=22"}],"curies":[{"name":"wp","href":"https:\/\/api.w.org\/{rel}","templated":true}]}}