{"id":37,"date":"2021-01-23T08:33:38","date_gmt":"2021-01-23T08:33:38","guid":{"rendered":"http:\/\/blogs.sld.cu\/alzheimer\/?page_id=37"},"modified":"2021-10-27T03:14:44","modified_gmt":"2021-10-27T03:14:44","slug":"consejos-para-la-familia","status":"publish","type":"page","link":"https:\/\/blogs.sld.cu\/alzheimer\/consejos-para-la-familia\/","title":{"rendered":"Orientaciones para la familia"},"content":{"rendered":"<p><strong>Adecuaciones al entorno del hogar del anciano con EA.<\/strong><\/p>\n<p>Los adultos mayores son personas extremadamente especiales, han instituido patrimonio y entrega de gratitud y amor durante toda su vida, ahora necesitan de nosotros, por lo que crear condiciones adecuadas para su satisfacci\u00f3n y convivencia es nuestra responsabilidad.<\/p>\n<p><em>Alimentaci\u00f3n en el anciano.<\/em><\/p>\n<p>El conseguir un adecuado estado nutritivo en las personas mayores es un objetivo primordial en la atenci\u00f3n socio-sanitaria de esta poblaci\u00f3n e imprescindible para conseguir en estas personas una adecuada calidad de vida.<\/p>\n<p><em>Higiene personal<\/em><\/p>\n<p class=\"rteleft\">Los pacientes con enfermedad de Alzheimer tienden a tener temor, olvido, confusi\u00f3n, negaci\u00f3n hacia el ba\u00f1o; en ocasiones se relaciona con estados depresivos, maltrato, miedo a accidentes u horarios inadecuados. Se recomienda crear todas las condiciones para amenizar esta actividad como: una temperatura agradable, flexibilizar el horario de ba\u00f1o, evitar riesgos de ca\u00eddas etc.<\/p>\n<p><em>Accidentes en el hogar<\/em><\/p>\n<p class=\"rteleft\">Se pueden evitar tomando medidas como:<\/p>\n<ul>\n<li>Proteger el paso a lugares peligrosos (escaleras, balcones, cocina).<\/li>\n<li>Organizar la distribuci\u00f3n de los muebles para evitar los obst\u00e1culos.<\/li>\n<li>Buena iluminaci\u00f3n.<\/li>\n<li>Mantener al enfermo bajo continua vigilancia.<\/li>\n<li>Tomar las medidas para evitar broncoaspiraci\u00f3n.<\/li>\n<li>Evitar la deambulaci\u00f3n en lugares peligrosos.<\/li>\n<\/ul>\n<p><em>Vestuario<\/em><\/p>\n<p class=\"rteleft\">Se recomienda el uso de ropas suaves desahogadas. Tener en cuenta que estos ancianos en ocasiones tienden a estar desnudos\u00a0 por lo que hay que evitar que esto ocurra. El calzado debe ser ligero, c\u00f3modo, preferentemente cerrado sin cordones. El uso de chancletas puede ser causante de ca\u00eddas.<\/p>\n<p><em>Control de esf\u00ednteres<\/em><\/p>\n<p class=\"rteleft\">Es frecuente la incontinencia urinaria, se debe estimular la micci\u00f3n cada 2 \u00f3 3 horas , facilitar acceso al ba\u00f1o, ofrecer cu\u00f1as sanitarias \u00f3 patos.\u00a0 Crear condiciones que faciliten sentarse o parase de la tasa sanitaria a estos pacientes, como agarraderas.<br \/>\nTener en cuenta el tipo de alimentaci\u00f3n que no produzca diarrea ni constipaci\u00f3n, evitar encamaniento, usos de sondas vesicales, abusos de laxantes.<\/p>\n<p><em>Comportamiento<\/em><\/p>\n<p class=\"rteleft\">La tendencia al comportamiento diurno va encaminada en dos direcciones fundamentalmente: un grupo de enfermos tienden a estar pasivos, a la somnolencia diurna, a la depresi\u00f3n y se asocian con mas frecuencia a las ulceras por presi\u00f3n. El otro grupo\u00a0 se muestran muy activos, agitados, por lo que corren m\u00e1s riesgos de p\u00e9rdida del hogar\u00a0 y accidentes, por lo que es recomendable mantenerlos bien identificados.<br \/>\nSe debe mantener activo al paciente durante el d\u00eda, para evitar el insomnio nocturno. Mantener una iluminaci\u00f3n tenue en el dormitorio que brinde seguridad y evite accidentes.<\/p>\n<p>Algunos pacientes tienden a desorientarse y escaparse del hogar, por lo que deben tener una identificaci\u00f3n como: manillas, chapillas etc, no se aconseja que manipulen dinero.<\/p>\n<p>&nbsp;<\/p>\n<p class=\"rteleft\">\n","protected":false},"excerpt":{"rendered":"<p>Adecuaciones al entorno del hogar del anciano con EA. Los adultos mayores son personas extremadamente especiales, han instituido patrimonio y entrega de gratitud y amor durante toda su vida, ahora necesitan de nosotros, por lo que crear condiciones adecuadas para su satisfacci\u00f3n y convivencia es nuestra responsabilidad. Alimentaci\u00f3n en el anciano. El conseguir un adecuado [&hellip;]<\/p>\n","protected":false},"author":208,"featured_media":0,"parent":0,"menu_order":0,"comment_status":"open","ping_status":"open","template":"","meta":[],"_links":{"self":[{"href":"https:\/\/blogs.sld.cu\/alzheimer\/wp-json\/wp\/v2\/pages\/37"}],"collection":[{"href":"https:\/\/blogs.sld.cu\/alzheimer\/wp-json\/wp\/v2\/pages"}],"about":[{"href":"https:\/\/blogs.sld.cu\/alzheimer\/wp-json\/wp\/v2\/types\/page"}],"author":[{"embeddable":true,"href":"https:\/\/blogs.sld.cu\/alzheimer\/wp-json\/wp\/v2\/users\/208"}],"replies":[{"embeddable":true,"href":"https:\/\/blogs.sld.cu\/alzheimer\/wp-json\/wp\/v2\/comments?post=37"}],"version-history":[{"count":3,"href":"https:\/\/blogs.sld.cu\/alzheimer\/wp-json\/wp\/v2\/pages\/37\/revisions"}],"predecessor-version":[{"id":85,"href":"https:\/\/blogs.sld.cu\/alzheimer\/wp-json\/wp\/v2\/pages\/37\/revisions\/85"}],"wp:attachment":[{"href":"https:\/\/blogs.sld.cu\/alzheimer\/wp-json\/wp\/v2\/media?parent=37"}],"curies":[{"name":"wp","href":"https:\/\/api.w.org\/{rel}","templated":true}]}}