{"id":39,"date":"2021-01-23T08:35:09","date_gmt":"2021-01-23T08:35:09","guid":{"rendered":"http:\/\/blogs.sld.cu\/alzheimer\/?page_id=39"},"modified":"2021-11-25T01:04:22","modified_gmt":"2021-11-25T01:04:22","slug":"consejos-a-los-cuidadores","status":"publish","type":"page","link":"https:\/\/blogs.sld.cu\/alzheimer\/consejos-a-los-cuidadores\/","title":{"rendered":"Consejos a los cuidadores"},"content":{"rendered":"<p>Puesto que las habilidades de la persona para aprender y cambiar est\u00e1n limitadas, aquellos a su alrededor deben adaptarse y tener expectaciones realistas. La persona confusa se sentir\u00e1 m\u00e1s a gusto en un ambiente con el cual est\u00e1 familiarizada.<\/p>\n<p>Tenga en cuenta que:<\/p>\n<p>\u00bb Constancia de actitud en la rutina diaria servir\u00e1 de ayuda.<br \/>\n\u00bb Los quehaceres pueden ser simplificados si le resulta dif\u00edcil tomar decisiones.<br \/>\n\u00bb Una atm\u00f3sfera calmada y ordenada disminuye la agitaci\u00f3n.<br \/>\n\u00bb La repetici\u00f3n y recursos para mantener activa la memoria del paciente ayudan a prolongar su autosuficiencia.<br \/>\n\u00bb Es importante comprender los cambios de humor de la persona puesto que el razonamiento no funciona.<br \/>\n\u00bb Persuasi\u00f3n pasiva y comunicaci\u00f3n no verbal pueden ayudar.<\/p>\n<p>Es importante pasar tiempo agradable en compa\u00f1\u00eda del paciente, record\u00e1ndole acontecimientos pasados, brind\u00e1ndole seguridad y estimul\u00e1ndole cuando es adecuado. Promueva la alegr\u00eda, la risa y mantenga un buen sentido del humor. Todos se beneficiar\u00e1n, pero sobre todo trate a la persona como adulto.<\/p>\n<p><a href=\"http:\/\/www.alzheimer.sld.cu\/node\/33\"><img loading=\"lazy\" class=\"\" src=\"http:\/\/www.alzheimer.sld.cu\/sites\/www.alzheimer.sld.cu\/files\/icon_advices.png\" alt=\"\" width=\"21\" height=\"21\" \/><\/a> <a href=\"https:\/\/blogs.sld.cu\/alzheimer\/consejos-a-los-cuidadores-nutricion-y-comidas\/\" target=\"_blank\" rel=\"noopener\">Nutrici\u00f3n y comidas<\/a><\/p>\n<p><a href=\"http:\/\/www.alzheimer.sld.cu\/node\/33\"><img loading=\"lazy\" class=\"\" src=\"http:\/\/www.alzheimer.sld.cu\/sites\/www.alzheimer.sld.cu\/files\/icon_advices.png\" alt=\"\" width=\"21\" height=\"21\" \/><\/a> <a href=\"https:\/\/blogs.sld.cu\/alzheimer\/ejercicios\/\" target=\"_blank\" rel=\"noopener\">Ejercicios<\/a><\/p>\n<p><a href=\"http:\/\/www.alzheimer.sld.cu\/node\/33\"><img loading=\"lazy\" class=\"\" src=\"http:\/\/www.alzheimer.sld.cu\/sites\/www.alzheimer.sld.cu\/files\/icon_advices.png\" alt=\"\" width=\"21\" height=\"21\" \/><\/a> <a href=\"https:\/\/blogs.sld.cu\/alzheimer\/aseo-e-higiene-personal\/\" target=\"_blank\" rel=\"noopener\">Aseo e higiene personal<\/a><\/p>\n<p><a href=\"http:\/\/www.alzheimer.sld.cu\/node\/33\"><img loading=\"lazy\" class=\"\" src=\"http:\/\/www.alzheimer.sld.cu\/sites\/www.alzheimer.sld.cu\/files\/icon_advices.png\" alt=\"\" width=\"21\" height=\"21\" \/><\/a> <a href=\"https:\/\/blogs.sld.cu\/alzheimer\/usar-el-servicio-o-bano\/\" target=\"_blank\" rel=\"noopener\">Uso del servicio o ba\u00f1o<\/a><\/p>\n<p><a href=\"http:\/\/www.alzheimer.sld.cu\/node\/33\"><img loading=\"lazy\" class=\"\" src=\"http:\/\/www.alzheimer.sld.cu\/sites\/www.alzheimer.sld.cu\/files\/icon_advices.png\" alt=\"\" width=\"21\" height=\"21\" \/><\/a> <a href=\"https:\/\/blogs.sld.cu\/alzheimer\/incontinencia\/\" target=\"_blank\" rel=\"noopener\">Incontinencia<\/a><\/p>\n<p><a href=\"http:\/\/www.alzheimer.sld.cu\/node\/33\"><img loading=\"lazy\" class=\"\" src=\"http:\/\/www.alzheimer.sld.cu\/sites\/www.alzheimer.sld.cu\/files\/icon_advices.png\" alt=\"\" width=\"21\" height=\"21\" \/><\/a> <a href=\"https:\/\/blogs.sld.cu\/alzheimer\/recreacion\/\" target=\"_blank\" rel=\"noopener\">Recreaci\u00f3n<\/a><\/p>\n<p><a href=\"http:\/\/www.alzheimer.sld.cu\/node\/33\"><img loading=\"lazy\" class=\"\" src=\"http:\/\/www.alzheimer.sld.cu\/sites\/www.alzheimer.sld.cu\/files\/icon_advices.png\" alt=\"\" width=\"21\" height=\"21\" \/><\/a> <a href=\"https:\/\/blogs.sld.cu\/alzheimer\/seguridad\/\" target=\"_blank\" rel=\"noopener\">Seguridad<\/a><\/p>\n<p><a href=\"http:\/\/www.alzheimer.sld.cu\/node\/33\"><img loading=\"lazy\" class=\"\" src=\"http:\/\/www.alzheimer.sld.cu\/sites\/www.alzheimer.sld.cu\/files\/icon_advices.png\" alt=\"\" width=\"21\" height=\"21\" \/><\/a> <a href=\"https:\/\/blogs.sld.cu\/alzheimer\/deambulacion\/\" target=\"_blank\" rel=\"noopener\">Deambulaci\u00f3n<\/a><\/p>\n<p><a href=\"http:\/\/www.alzheimer.sld.cu\/node\/33\"><img loading=\"lazy\" class=\"\" src=\"http:\/\/www.alzheimer.sld.cu\/sites\/www.alzheimer.sld.cu\/files\/icon_advices.png\" alt=\"\" width=\"21\" height=\"21\" \/><\/a> <a href=\"https:\/\/blogs.sld.cu\/alzheimer\/trastornos-del-sueno\/\" target=\"_blank\" rel=\"noopener\">Trastornos del sue\u00f1o<\/a><\/p>\n<p><a href=\"http:\/\/www.alzheimer.sld.cu\/node\/33\"><img loading=\"lazy\" class=\"\" src=\"http:\/\/www.alzheimer.sld.cu\/sites\/www.alzheimer.sld.cu\/files\/icon_advices.png\" alt=\"\" width=\"21\" height=\"21\" \/><\/a> <a href=\"https:\/\/blogs.sld.cu\/alzheimer\/depresion\/\" target=\"_blank\" rel=\"noopener\">Depresi\u00f3n<\/a><\/p>\n<p><a href=\"http:\/\/www.alzheimer.sld.cu\/node\/33\"><img loading=\"lazy\" class=\"\" src=\"http:\/\/www.alzheimer.sld.cu\/sites\/www.alzheimer.sld.cu\/files\/icon_advices.png\" alt=\"\" width=\"21\" height=\"21\" \/><\/a> <a href=\"https:\/\/blogs.sld.cu\/alzheimer\/agitacion\/\" target=\"_blank\" rel=\"noopener\">Agitaci\u00f3n<\/a><\/p>\n","protected":false},"excerpt":{"rendered":"<p>Puesto que las habilidades de la persona para aprender y cambiar est\u00e1n limitadas, aquellos a su alrededor deben adaptarse y tener expectaciones realistas. La persona confusa se sentir\u00e1 m\u00e1s a gusto en un ambiente con el cual est\u00e1 familiarizada. Tenga en cuenta que: \u00bb Constancia de actitud en la rutina diaria servir\u00e1 de ayuda. \u00bb [&hellip;]<\/p>\n","protected":false},"author":208,"featured_media":0,"parent":0,"menu_order":0,"comment_status":"closed","ping_status":"closed","template":"","meta":[],"_links":{"self":[{"href":"https:\/\/blogs.sld.cu\/alzheimer\/wp-json\/wp\/v2\/pages\/39"}],"collection":[{"href":"https:\/\/blogs.sld.cu\/alzheimer\/wp-json\/wp\/v2\/pages"}],"about":[{"href":"https:\/\/blogs.sld.cu\/alzheimer\/wp-json\/wp\/v2\/types\/page"}],"author":[{"embeddable":true,"href":"https:\/\/blogs.sld.cu\/alzheimer\/wp-json\/wp\/v2\/users\/208"}],"replies":[{"embeddable":true,"href":"https:\/\/blogs.sld.cu\/alzheimer\/wp-json\/wp\/v2\/comments?post=39"}],"version-history":[{"count":13,"href":"https:\/\/blogs.sld.cu\/alzheimer\/wp-json\/wp\/v2\/pages\/39\/revisions"}],"predecessor-version":[{"id":159,"href":"https:\/\/blogs.sld.cu\/alzheimer\/wp-json\/wp\/v2\/pages\/39\/revisions\/159"}],"wp:attachment":[{"href":"https:\/\/blogs.sld.cu\/alzheimer\/wp-json\/wp\/v2\/media?parent=39"}],"curies":[{"name":"wp","href":"https:\/\/api.w.org\/{rel}","templated":true}]}}