{"id":49,"date":"2021-10-27T00:38:02","date_gmt":"2021-10-27T00:38:02","guid":{"rendered":"https:\/\/blogs.sld.cu\/alzheimer\/?page_id=49"},"modified":"2021-10-27T00:41:06","modified_gmt":"2021-10-27T00:41:06","slug":"consejos-a-los-cuidadores-nutricion-y-comidas","status":"publish","type":"page","link":"https:\/\/blogs.sld.cu\/alzheimer\/consejos-a-los-cuidadores-nutricion-y-comidas\/","title":{"rendered":"Consejos a los cuidadores. Nutrici\u00f3n y comidas"},"content":{"rendered":"<p>Las comidas deben realizarse en calma, sin prisa, con alimentos servidos de manera f\u00e1cil de maniobrar, ayudan a mantener la persona relajada. Si la falta de coordinaci\u00f3n causa que la persona coma de un modo desordenado, ciertas adaptaciones ser\u00edan convenientes, como cubrir la mesa con mantel pl\u00e1stico, o poner un blus\u00f3n &#8220;cubretodo&#8221; al enfermo. Tambi\u00e9n podr\u00eda ayudar el cortar los alimentos para el enfermo, y el uso de platos con borde elevado.<\/p>\n<p>Debe cerciorarse de las bebidas y alimentos se encuentren a la temperatura apropiada, porque es posible que la persona no tenga juicio adecuado para hacerlo. Una golosina frugal podr\u00eda satisfacer a la persona si se olvida que ya ha comido y pide comer de nuevo.<\/p>\n","protected":false},"excerpt":{"rendered":"<p>Las comidas deben realizarse en calma, sin prisa, con alimentos servidos de manera f\u00e1cil de maniobrar, ayudan a mantener la persona relajada. Si la falta de coordinaci\u00f3n causa que la persona coma de un modo desordenado, ciertas adaptaciones ser\u00edan convenientes, como cubrir la mesa con mantel pl\u00e1stico, o poner un blus\u00f3n &#8220;cubretodo&#8221; al enfermo. Tambi\u00e9n [&hellip;]<\/p>\n","protected":false},"author":123,"featured_media":0,"parent":0,"menu_order":0,"comment_status":"closed","ping_status":"closed","template":"","meta":[],"_links":{"self":[{"href":"https:\/\/blogs.sld.cu\/alzheimer\/wp-json\/wp\/v2\/pages\/49"}],"collection":[{"href":"https:\/\/blogs.sld.cu\/alzheimer\/wp-json\/wp\/v2\/pages"}],"about":[{"href":"https:\/\/blogs.sld.cu\/alzheimer\/wp-json\/wp\/v2\/types\/page"}],"author":[{"embeddable":true,"href":"https:\/\/blogs.sld.cu\/alzheimer\/wp-json\/wp\/v2\/users\/123"}],"replies":[{"embeddable":true,"href":"https:\/\/blogs.sld.cu\/alzheimer\/wp-json\/wp\/v2\/comments?post=49"}],"version-history":[{"count":2,"href":"https:\/\/blogs.sld.cu\/alzheimer\/wp-json\/wp\/v2\/pages\/49\/revisions"}],"predecessor-version":[{"id":52,"href":"https:\/\/blogs.sld.cu\/alzheimer\/wp-json\/wp\/v2\/pages\/49\/revisions\/52"}],"wp:attachment":[{"href":"https:\/\/blogs.sld.cu\/alzheimer\/wp-json\/wp\/v2\/media?parent=49"}],"curies":[{"name":"wp","href":"https:\/\/api.w.org\/{rel}","templated":true}]}}