{"id":60,"date":"2021-10-27T03:04:37","date_gmt":"2021-10-27T03:04:37","guid":{"rendered":"https:\/\/blogs.sld.cu\/alzheimer\/?page_id=60"},"modified":"2021-10-27T03:04:37","modified_gmt":"2021-10-27T03:04:37","slug":"aseo-e-higiene-personal","status":"publish","type":"page","link":"https:\/\/blogs.sld.cu\/alzheimer\/aseo-e-higiene-personal\/","title":{"rendered":"Aseo e higiene personal"},"content":{"rendered":"<p>Es importante comprender los sentimientos y necesidad de privacidad de las personas que no pueden cuidar de s\u00ed mismas. Facilite la tarea de ba\u00f1arse y vestirse por ejemplo: saque solamente la ropa que el paciente ha de usar ese d\u00eda y conserve tantas de las costumbres antiguas del paciente como le sea posible.<\/p>\n<p>Por motivos de seguridad, revise la temperatura del agua de ba\u00f1o y recuerde que una persona en estado de confusi\u00f3n no puede quedar sola en la ba\u00f1adera o ducha.<\/p>\n<div class=\"itemFullText\">\n<p>Al inicio de la enfermedad de Alzheimer, su familiar podr\u00e1 todav\u00eda cuidarse el mismo. Pero poco a poco, manifestara un descuido progresivo y tendr\u00e1, d\u00eda tras d\u00eda, mas dificultades para realizar estas actividades necesarias a si aseo personal:<\/p>\n<p>&#8211;\u00a0Pierde el deseo de estar presentable.<\/p>\n<p>&#8211; Es m\u00e1s f\u00e1cil no lavarse que hacer frente al conjunto de operaciones y de elecciones que presenta un ba\u00f1o o una ducha.<\/p>\n<p>&#8211; Ha perdido la noci\u00f3n del tiempo y para el una semana equivale a un\u00a0d\u00eda.<\/p>\n<p>El papel del cuidador es fundamental para que el familiar pueda desarrollar las tareas de aseo personal con el objeto de:<\/p>\n<p>&#8211; Conservar su dignidad y su autoestima.<\/p>\n<p>&#8211; Prevenir la aparici\u00f3n de enfermedades, en particular infecciones que puedan empeorar su estado.<\/p>\n<p>&nbsp;<\/p>\n<\/div>\n","protected":false},"excerpt":{"rendered":"<p>Es importante comprender los sentimientos y necesidad de privacidad de las personas que no pueden cuidar de s\u00ed mismas. Facilite la tarea de ba\u00f1arse y vestirse por ejemplo: saque solamente la ropa que el paciente ha de usar ese d\u00eda y conserve tantas de las costumbres antiguas del paciente como le sea posible. Por motivos [&hellip;]<\/p>\n","protected":false},"author":123,"featured_media":0,"parent":0,"menu_order":0,"comment_status":"closed","ping_status":"closed","template":"","meta":[],"_links":{"self":[{"href":"https:\/\/blogs.sld.cu\/alzheimer\/wp-json\/wp\/v2\/pages\/60"}],"collection":[{"href":"https:\/\/blogs.sld.cu\/alzheimer\/wp-json\/wp\/v2\/pages"}],"about":[{"href":"https:\/\/blogs.sld.cu\/alzheimer\/wp-json\/wp\/v2\/types\/page"}],"author":[{"embeddable":true,"href":"https:\/\/blogs.sld.cu\/alzheimer\/wp-json\/wp\/v2\/users\/123"}],"replies":[{"embeddable":true,"href":"https:\/\/blogs.sld.cu\/alzheimer\/wp-json\/wp\/v2\/comments?post=60"}],"version-history":[{"count":2,"href":"https:\/\/blogs.sld.cu\/alzheimer\/wp-json\/wp\/v2\/pages\/60\/revisions"}],"predecessor-version":[{"id":62,"href":"https:\/\/blogs.sld.cu\/alzheimer\/wp-json\/wp\/v2\/pages\/60\/revisions\/62"}],"wp:attachment":[{"href":"https:\/\/blogs.sld.cu\/alzheimer\/wp-json\/wp\/v2\/media?parent=60"}],"curies":[{"name":"wp","href":"https:\/\/api.w.org\/{rel}","templated":true}]}}