{"id":64,"date":"2021-10-27T03:06:44","date_gmt":"2021-10-27T03:06:44","guid":{"rendered":"https:\/\/blogs.sld.cu\/alzheimer\/?page_id=64"},"modified":"2021-10-27T03:06:44","modified_gmt":"2021-10-27T03:06:44","slug":"incontinencia","status":"publish","type":"page","link":"https:\/\/blogs.sld.cu\/alzheimer\/incontinencia\/","title":{"rendered":"Incontinencia"},"content":{"rendered":"<p>Informe al doctor si ocurre incontinencia (incapacidad de controlar la vejiga y\/o evacuaci\u00f3n de los intestinos) para saber si la condici\u00f3n puede ser tratada. Podr\u00eda ayudar recordarle a la persona para que use el ba\u00f1o a intervalos regulares, o caminar con el paciente al ba\u00f1o, y aprender a determinar cu\u00e1ndo, la persona con problemas de lenguaje, pide ayuda. Si fuera necesario, puede usar calzones desechables dise\u00f1ados para adultos, y cubiertas de protecci\u00f3n para la cama y muebles.<\/p>\n","protected":false},"excerpt":{"rendered":"<p>Informe al doctor si ocurre incontinencia (incapacidad de controlar la vejiga y\/o evacuaci\u00f3n de los intestinos) para saber si la condici\u00f3n puede ser tratada. Podr\u00eda ayudar recordarle a la persona para que use el ba\u00f1o a intervalos regulares, o caminar con el paciente al ba\u00f1o, y aprender a determinar cu\u00e1ndo, la persona con problemas de [&hellip;]<\/p>\n","protected":false},"author":123,"featured_media":0,"parent":0,"menu_order":0,"comment_status":"closed","ping_status":"closed","template":"","meta":[],"_links":{"self":[{"href":"https:\/\/blogs.sld.cu\/alzheimer\/wp-json\/wp\/v2\/pages\/64"}],"collection":[{"href":"https:\/\/blogs.sld.cu\/alzheimer\/wp-json\/wp\/v2\/pages"}],"about":[{"href":"https:\/\/blogs.sld.cu\/alzheimer\/wp-json\/wp\/v2\/types\/page"}],"author":[{"embeddable":true,"href":"https:\/\/blogs.sld.cu\/alzheimer\/wp-json\/wp\/v2\/users\/123"}],"replies":[{"embeddable":true,"href":"https:\/\/blogs.sld.cu\/alzheimer\/wp-json\/wp\/v2\/comments?post=64"}],"version-history":[{"count":1,"href":"https:\/\/blogs.sld.cu\/alzheimer\/wp-json\/wp\/v2\/pages\/64\/revisions"}],"predecessor-version":[{"id":65,"href":"https:\/\/blogs.sld.cu\/alzheimer\/wp-json\/wp\/v2\/pages\/64\/revisions\/65"}],"wp:attachment":[{"href":"https:\/\/blogs.sld.cu\/alzheimer\/wp-json\/wp\/v2\/media?parent=64"}],"curies":[{"name":"wp","href":"https:\/\/api.w.org\/{rel}","templated":true}]}}