{"id":74,"date":"2021-10-27T03:10:39","date_gmt":"2021-10-27T03:10:39","guid":{"rendered":"https:\/\/blogs.sld.cu\/alzheimer\/?page_id=74"},"modified":"2021-10-27T03:10:39","modified_gmt":"2021-10-27T03:10:39","slug":"deambulacion","status":"publish","type":"page","link":"https:\/\/blogs.sld.cu\/alzheimer\/deambulacion\/","title":{"rendered":"Deambulaci\u00f3n"},"content":{"rendered":"<p>No siempre es posible, pero si usted puede encontrar la causa de deambulaci\u00f3n (desorientaci\u00f3n en un nuevo lugar, intranquilidad o una necesidad de hacer ejercicios), puede ayudar a controlarla. Introduzca a la persona en forma gradual a un nuevo ambiente entretanto que le provee seguridad del lugar para reducir la desorientaci\u00f3n. Una persona que deambula debe usar un brazalete de identificaci\u00f3n con su nombre, direcci\u00f3n, n\u00famero de tel\u00e9fono y su condici\u00f3n m\u00e9dica.<\/p>\n","protected":false},"excerpt":{"rendered":"<p>No siempre es posible, pero si usted puede encontrar la causa de deambulaci\u00f3n (desorientaci\u00f3n en un nuevo lugar, intranquilidad o una necesidad de hacer ejercicios), puede ayudar a controlarla. Introduzca a la persona en forma gradual a un nuevo ambiente entretanto que le provee seguridad del lugar para reducir la desorientaci\u00f3n. Una persona que deambula [&hellip;]<\/p>\n","protected":false},"author":123,"featured_media":0,"parent":0,"menu_order":0,"comment_status":"closed","ping_status":"closed","template":"","meta":[],"_links":{"self":[{"href":"https:\/\/blogs.sld.cu\/alzheimer\/wp-json\/wp\/v2\/pages\/74"}],"collection":[{"href":"https:\/\/blogs.sld.cu\/alzheimer\/wp-json\/wp\/v2\/pages"}],"about":[{"href":"https:\/\/blogs.sld.cu\/alzheimer\/wp-json\/wp\/v2\/types\/page"}],"author":[{"embeddable":true,"href":"https:\/\/blogs.sld.cu\/alzheimer\/wp-json\/wp\/v2\/users\/123"}],"replies":[{"embeddable":true,"href":"https:\/\/blogs.sld.cu\/alzheimer\/wp-json\/wp\/v2\/comments?post=74"}],"version-history":[{"count":1,"href":"https:\/\/blogs.sld.cu\/alzheimer\/wp-json\/wp\/v2\/pages\/74\/revisions"}],"predecessor-version":[{"id":75,"href":"https:\/\/blogs.sld.cu\/alzheimer\/wp-json\/wp\/v2\/pages\/74\/revisions\/75"}],"wp:attachment":[{"href":"https:\/\/blogs.sld.cu\/alzheimer\/wp-json\/wp\/v2\/media?parent=74"}],"curies":[{"name":"wp","href":"https:\/\/api.w.org\/{rel}","templated":true}]}}