{"id":77,"date":"2021-10-27T03:11:21","date_gmt":"2021-10-27T03:11:21","guid":{"rendered":"https:\/\/blogs.sld.cu\/alzheimer\/?page_id=77"},"modified":"2021-10-27T03:11:21","modified_gmt":"2021-10-27T03:11:21","slug":"trastornos-del-sueno","status":"publish","type":"page","link":"https:\/\/blogs.sld.cu\/alzheimer\/trastornos-del-sueno\/","title":{"rendered":"Trastornos del sue\u00f1o"},"content":{"rendered":"<p>Actividades diurnas, ejercicios adecuados y el uso de luces nocturnas para reducir el nivel de confusi\u00f3n en la oscuridad pueden minimizar la intranquilidad nocturna. Sin embargo, el transtorno puede ser consecuencia de la incapacidad del &#8220;reloj&#8221; humano para determinar cu\u00e1ndo es de noche y cu\u00e1ndo es de d\u00eda. En casos extremos, puede ser necesaria la prescripci\u00f3n de medicamentos para reducir la frustraci\u00f3n y fomentar el sue\u00f1o.<\/p>\n","protected":false},"excerpt":{"rendered":"<p>Actividades diurnas, ejercicios adecuados y el uso de luces nocturnas para reducir el nivel de confusi\u00f3n en la oscuridad pueden minimizar la intranquilidad nocturna. Sin embargo, el transtorno puede ser consecuencia de la incapacidad del &#8220;reloj&#8221; humano para determinar cu\u00e1ndo es de noche y cu\u00e1ndo es de d\u00eda. En casos extremos, puede ser necesaria la [&hellip;]<\/p>\n","protected":false},"author":123,"featured_media":0,"parent":0,"menu_order":0,"comment_status":"closed","ping_status":"closed","template":"","meta":[],"_links":{"self":[{"href":"https:\/\/blogs.sld.cu\/alzheimer\/wp-json\/wp\/v2\/pages\/77"}],"collection":[{"href":"https:\/\/blogs.sld.cu\/alzheimer\/wp-json\/wp\/v2\/pages"}],"about":[{"href":"https:\/\/blogs.sld.cu\/alzheimer\/wp-json\/wp\/v2\/types\/page"}],"author":[{"embeddable":true,"href":"https:\/\/blogs.sld.cu\/alzheimer\/wp-json\/wp\/v2\/users\/123"}],"replies":[{"embeddable":true,"href":"https:\/\/blogs.sld.cu\/alzheimer\/wp-json\/wp\/v2\/comments?post=77"}],"version-history":[{"count":2,"href":"https:\/\/blogs.sld.cu\/alzheimer\/wp-json\/wp\/v2\/pages\/77\/revisions"}],"predecessor-version":[{"id":79,"href":"https:\/\/blogs.sld.cu\/alzheimer\/wp-json\/wp\/v2\/pages\/77\/revisions\/79"}],"wp:attachment":[{"href":"https:\/\/blogs.sld.cu\/alzheimer\/wp-json\/wp\/v2\/media?parent=77"}],"curies":[{"name":"wp","href":"https:\/\/api.w.org\/{rel}","templated":true}]}}