{"id":80,"date":"2021-10-27T03:11:54","date_gmt":"2021-10-27T03:11:54","guid":{"rendered":"https:\/\/blogs.sld.cu\/alzheimer\/?page_id=80"},"modified":"2021-10-27T03:11:54","modified_gmt":"2021-10-27T03:11:54","slug":"agitacion","status":"publish","type":"page","link":"https:\/\/blogs.sld.cu\/alzheimer\/agitacion\/","title":{"rendered":"Agitaci\u00f3n"},"content":{"rendered":"<p>Una rutina diaria calmada y bien organizada, ayuda a reducir la agitaci\u00f3n. La fatiga, confusi\u00f3n, hambre, o enfermedad f\u00edsica son unas pocas de las causas que aumentan la agitaci\u00f3n. Es importante observar e identificar los posibles motivos de agitaci\u00f3n para cada individuo.<\/p>\n<p>Identifique los &#8220;signos iniciales que advierten&#8221; agitaci\u00f3n; intervenga proporcionando distracci\u00f3n, seguridad, o modificando la situaci\u00f3n antes que la persona se vuelva extremadamente perturbada.<\/p>\n<p>&nbsp;<\/p>\n","protected":false},"excerpt":{"rendered":"<p>Una rutina diaria calmada y bien organizada, ayuda a reducir la agitaci\u00f3n. La fatiga, confusi\u00f3n, hambre, o enfermedad f\u00edsica son unas pocas de las causas que aumentan la agitaci\u00f3n. Es importante observar e identificar los posibles motivos de agitaci\u00f3n para cada individuo. Identifique los &#8220;signos iniciales que advierten&#8221; agitaci\u00f3n; intervenga proporcionando distracci\u00f3n, seguridad, o modificando [&hellip;]<\/p>\n","protected":false},"author":123,"featured_media":0,"parent":0,"menu_order":0,"comment_status":"closed","ping_status":"closed","template":"","meta":[],"_links":{"self":[{"href":"https:\/\/blogs.sld.cu\/alzheimer\/wp-json\/wp\/v2\/pages\/80"}],"collection":[{"href":"https:\/\/blogs.sld.cu\/alzheimer\/wp-json\/wp\/v2\/pages"}],"about":[{"href":"https:\/\/blogs.sld.cu\/alzheimer\/wp-json\/wp\/v2\/types\/page"}],"author":[{"embeddable":true,"href":"https:\/\/blogs.sld.cu\/alzheimer\/wp-json\/wp\/v2\/users\/123"}],"replies":[{"embeddable":true,"href":"https:\/\/blogs.sld.cu\/alzheimer\/wp-json\/wp\/v2\/comments?post=80"}],"version-history":[{"count":1,"href":"https:\/\/blogs.sld.cu\/alzheimer\/wp-json\/wp\/v2\/pages\/80\/revisions"}],"predecessor-version":[{"id":81,"href":"https:\/\/blogs.sld.cu\/alzheimer\/wp-json\/wp\/v2\/pages\/80\/revisions\/81"}],"wp:attachment":[{"href":"https:\/\/blogs.sld.cu\/alzheimer\/wp-json\/wp\/v2\/media?parent=80"}],"curies":[{"name":"wp","href":"https:\/\/api.w.org\/{rel}","templated":true}]}}