{"id":82,"date":"2021-10-27T03:12:25","date_gmt":"2021-10-27T03:12:25","guid":{"rendered":"https:\/\/blogs.sld.cu\/alzheimer\/?page_id=82"},"modified":"2021-10-27T03:12:25","modified_gmt":"2021-10-27T03:12:25","slug":"depresion","status":"publish","type":"page","link":"https:\/\/blogs.sld.cu\/alzheimer\/depresion\/","title":{"rendered":"Depresi\u00f3n"},"content":{"rendered":"<p>La depresi\u00f3n puede complicar los problemas que experimenta una persona con la enfermedad de Alzheimer. Es importante poner atenci\u00f3n a los s\u00edntomas de depresi\u00f3n, incluyendo pena, p\u00e9rdida de inter\u00e9s en otras personas y en actividades, cambios en el sue\u00f1o o apetito, y pensamientos de muerte o suicidio.<\/p>\n<p>Mantenga actividades agradables y contactos sociales para ayudar a evitar la depresi\u00f3n. Si sospecha depresi\u00f3n, hable con el doctor u otro profesional del campo de salud.<\/p>\n","protected":false},"excerpt":{"rendered":"<p>La depresi\u00f3n puede complicar los problemas que experimenta una persona con la enfermedad de Alzheimer. Es importante poner atenci\u00f3n a los s\u00edntomas de depresi\u00f3n, incluyendo pena, p\u00e9rdida de inter\u00e9s en otras personas y en actividades, cambios en el sue\u00f1o o apetito, y pensamientos de muerte o suicidio. Mantenga actividades agradables y contactos sociales para ayudar [&hellip;]<\/p>\n","protected":false},"author":123,"featured_media":0,"parent":0,"menu_order":0,"comment_status":"closed","ping_status":"closed","template":"","meta":[],"_links":{"self":[{"href":"https:\/\/blogs.sld.cu\/alzheimer\/wp-json\/wp\/v2\/pages\/82"}],"collection":[{"href":"https:\/\/blogs.sld.cu\/alzheimer\/wp-json\/wp\/v2\/pages"}],"about":[{"href":"https:\/\/blogs.sld.cu\/alzheimer\/wp-json\/wp\/v2\/types\/page"}],"author":[{"embeddable":true,"href":"https:\/\/blogs.sld.cu\/alzheimer\/wp-json\/wp\/v2\/users\/123"}],"replies":[{"embeddable":true,"href":"https:\/\/blogs.sld.cu\/alzheimer\/wp-json\/wp\/v2\/comments?post=82"}],"version-history":[{"count":1,"href":"https:\/\/blogs.sld.cu\/alzheimer\/wp-json\/wp\/v2\/pages\/82\/revisions"}],"predecessor-version":[{"id":83,"href":"https:\/\/blogs.sld.cu\/alzheimer\/wp-json\/wp\/v2\/pages\/82\/revisions\/83"}],"wp:attachment":[{"href":"https:\/\/blogs.sld.cu\/alzheimer\/wp-json\/wp\/v2\/media?parent=82"}],"curies":[{"name":"wp","href":"https:\/\/api.w.org\/{rel}","templated":true}]}}