{"id":107,"date":"2021-02-05T21:32:51","date_gmt":"2021-02-05T21:32:51","guid":{"rendered":"http:\/\/blogs.sld.cu\/amigdalitis\/?page_id=107"},"modified":"2021-02-19T19:49:30","modified_gmt":"2021-02-19T19:49:30","slug":"dr-oreste-gonzalez-torres","status":"publish","type":"page","link":"https:\/\/blogs.sld.cu\/amigdalitis\/dr-oreste-gonzalez-torres\/","title":{"rendered":"Dr. Oreste Gonz\u00e1lez Torres"},"content":{"rendered":"<p><a href=\"http:\/\/blogs.sld.cu\/amigdalitis\/files\/2021\/02\/825A9363.jpg\"><img loading=\"lazy\" class=\" size-full wp-image-118 aligncenter\" style=\"border-width: 0px\" src=\"http:\/\/blogs.sld.cu\/amigdalitis\/files\/2021\/02\/825A9363.jpg\" alt=\"825A9363\" width=\"232\" height=\"251\" \/><\/a><\/p>\n<p style=\"text-align: justify\"><span style=\"font-size: 12pt;font-family: verdana, geneva\">Doctor en medicina. Especialista de 1er. grado en Otorrinolaringolog\u00eda y Cirug\u00eda de Cabeza y Cuello. Editor del sitio web de Otorrinolaringolog\u00eda de las especialidades de Infomed. Miembro del ejecutivo de la Sociedad Cubana de Otorrinolaringolog\u00eda y Cirug\u00eda de Cabeza y Cuello.<\/span><\/p>\n","protected":false},"excerpt":{"rendered":"<p>Doctor en medicina. Especialista de 1er. grado en Otorrinolaringolog\u00eda y Cirug\u00eda de Cabeza y Cuello. Editor del sitio web de Otorrinolaringolog\u00eda de las especialidades de Infomed. Miembro del ejecutivo de la Sociedad Cubana de Otorrinolaringolog\u00eda y Cirug\u00eda de Cabeza y Cuello.<\/p>\n","protected":false},"author":208,"featured_media":0,"parent":0,"menu_order":0,"comment_status":"closed","ping_status":"closed","template":"","meta":[],"_links":{"self":[{"href":"https:\/\/blogs.sld.cu\/amigdalitis\/wp-json\/wp\/v2\/pages\/107"}],"collection":[{"href":"https:\/\/blogs.sld.cu\/amigdalitis\/wp-json\/wp\/v2\/pages"}],"about":[{"href":"https:\/\/blogs.sld.cu\/amigdalitis\/wp-json\/wp\/v2\/types\/page"}],"author":[{"embeddable":true,"href":"https:\/\/blogs.sld.cu\/amigdalitis\/wp-json\/wp\/v2\/users\/208"}],"replies":[{"embeddable":true,"href":"https:\/\/blogs.sld.cu\/amigdalitis\/wp-json\/wp\/v2\/comments?post=107"}],"version-history":[{"count":12,"href":"https:\/\/blogs.sld.cu\/amigdalitis\/wp-json\/wp\/v2\/pages\/107\/revisions"}],"predecessor-version":[{"id":272,"href":"https:\/\/blogs.sld.cu\/amigdalitis\/wp-json\/wp\/v2\/pages\/107\/revisions\/272"}],"wp:attachment":[{"href":"https:\/\/blogs.sld.cu\/amigdalitis\/wp-json\/wp\/v2\/media?parent=107"}],"curies":[{"name":"wp","href":"https:\/\/api.w.org\/{rel}","templated":true}]}}