{"id":18,"date":"2021-02-05T02:39:34","date_gmt":"2021-02-05T02:39:34","guid":{"rendered":"http:\/\/blogs.sld.cu\/amigdalitis\/?page_id=18"},"modified":"2021-03-06T22:20:24","modified_gmt":"2021-03-06T22:20:24","slug":"acerca-de","status":"publish","type":"page","link":"https:\/\/blogs.sld.cu\/amigdalitis\/acerca-de\/","title":{"rendered":"Acerca de"},"content":{"rendered":"<p style=\"background: white;margin: 7.5pt 0cm 7.5pt 0cm\"><span style=\"font-size: 10pt;font-family: verdana, geneva\"><a href=\"http:\/\/blogs.sld.cu\/amigdalitis\/files\/2021\/02\/825A9363.jpg\"><img loading=\"lazy\" class=\"  wp-image-118 alignleft\" src=\"http:\/\/blogs.sld.cu\/amigdalitis\/files\/2021\/02\/825A9363.jpg\" alt=\"825A9363\" width=\"199\" height=\"215\" \/><\/a><\/span><span style=\"font-family: verdana, geneva;color: #707070;font-size: 12pt\">Se conoce como amigdalitis a la inflamaci\u00f3n de la mucosa far\u00edngea y de los fol\u00edculos linf\u00e1ticos cubiertos por esta mucosa (am\u00edgdalas palatinas, far\u00edngeas, tubaria y lingual) que conforman entre todos el\u00a0<strong>Anillo linf\u00e1tico de Waldeyer<\/strong>. Cuya funci\u00f3n principal es la protecci\u00f3n, atrapando los g\u00e9rmenes que penetran por la boca y la nariz.<\/span><\/p>\n<p style=\"background: white;margin: 7.5pt 0cm 7.5pt 0cm\"><span style=\"font-family: verdana, geneva;color: #707070;font-size: 12pt\">La amigdalitis m\u00e1s conocida por la poblaci\u00f3n es la inflamaci\u00f3n de las am\u00edgdalas palatinas y que seg\u00fan su evoluci\u00f3n se pueden clasificar en agudas o cr\u00f3nicas, siendo las causas infecciosas las que m\u00e1s predominan y entre ellas las virales.<\/span><\/p>\n<p style=\"background: white;margin: 7.5pt 0cm 7.5pt 0cm\"><span style=\"font-family: verdana, geneva;color: #707070;font-size: 12pt\">El editor del sitio es el\u00a0<a href=\"http:\/\/blogs.sld.cu\/amigdalitis\/dr-oreste-gonzalez-torres\/\"><span style=\"color: #1961a9\">Dr. Oreste Gonz\u00e1lez Torres,<\/span><\/a>\u00a0especialista en\u00a0Otorrinolaringolog\u00eda y Cirug\u00eda de Cabeza y Cuello, que de forma educativa e interactiva, los conducir\u00e1 a trav\u00e9s del sitio y responder\u00e1 las dudas e interrogantes que puedan tener de esta enfermedad.<\/span><\/p>\n","protected":false},"excerpt":{"rendered":"<p>Se conoce como amigdalitis a la inflamaci\u00f3n de la mucosa far\u00edngea y de los fol\u00edculos linf\u00e1ticos cubiertos por esta mucosa (am\u00edgdalas palatinas, far\u00edngeas, tubaria y lingual) que conforman entre todos el\u00a0Anillo linf\u00e1tico de Waldeyer. Cuya funci\u00f3n principal es la protecci\u00f3n, atrapando los g\u00e9rmenes que penetran por la boca y la nariz. La amigdalitis m\u00e1s conocida [&hellip;]<\/p>\n","protected":false},"author":224,"featured_media":0,"parent":0,"menu_order":0,"comment_status":"closed","ping_status":"closed","template":"","meta":[],"_links":{"self":[{"href":"https:\/\/blogs.sld.cu\/amigdalitis\/wp-json\/wp\/v2\/pages\/18"}],"collection":[{"href":"https:\/\/blogs.sld.cu\/amigdalitis\/wp-json\/wp\/v2\/pages"}],"about":[{"href":"https:\/\/blogs.sld.cu\/amigdalitis\/wp-json\/wp\/v2\/types\/page"}],"author":[{"embeddable":true,"href":"https:\/\/blogs.sld.cu\/amigdalitis\/wp-json\/wp\/v2\/users\/224"}],"replies":[{"embeddable":true,"href":"https:\/\/blogs.sld.cu\/amigdalitis\/wp-json\/wp\/v2\/comments?post=18"}],"version-history":[{"count":25,"href":"https:\/\/blogs.sld.cu\/amigdalitis\/wp-json\/wp\/v2\/pages\/18\/revisions"}],"predecessor-version":[{"id":316,"href":"https:\/\/blogs.sld.cu\/amigdalitis\/wp-json\/wp\/v2\/pages\/18\/revisions\/316"}],"wp:attachment":[{"href":"https:\/\/blogs.sld.cu\/amigdalitis\/wp-json\/wp\/v2\/media?parent=18"}],"curies":[{"name":"wp","href":"https:\/\/api.w.org\/{rel}","templated":true}]}}