{"id":22,"date":"2021-02-05T02:52:58","date_gmt":"2021-02-05T02:52:58","guid":{"rendered":"http:\/\/blogs.sld.cu\/amigdalitis\/?page_id=22"},"modified":"2021-03-06T22:42:16","modified_gmt":"2021-03-06T22:42:16","slug":"definicion","status":"publish","type":"page","link":"https:\/\/blogs.sld.cu\/amigdalitis\/definicion\/","title":{"rendered":"Amigdalitis"},"content":{"rendered":"<h3 style=\"text-align: left\"><span style=\"font-size: 12pt;font-family: verdana, geneva\">\u00bfQu\u00e9 son las am\u00edgdalas?<\/span><\/h3>\n<p><span style=\"font-size: 12pt;font-family: verdana, geneva\">Las am\u00edgdalas son estructuras del sistema inmune y constituyen masas de tejido linfoide, vinculadas a la producci\u00f3n de linfocitos. Se describen 3 tipos: am\u00edgdala far\u00edngea, am\u00edgdalas palatinas y am\u00edgdalas linguales. Las am\u00edgdalas linguales, se sit\u00faan en la base de la lengua y son dos, una a cada lado. La am\u00edgdala far\u00edngea tambi\u00e9n se denomina adenoides, es \u00fanica y se sit\u00faa en la nasofaringe. Generalmente cuando se habla de am\u00edgdala, se hace referencia a las am\u00edgdalas palatinas que est\u00e1n ubicadas en el fondo de la cavidad bucal a la entrada de la orofaringe o garganta. Hay dos de ellas, una a cada lado. La funci\u00f3n de las tres es la protecci\u00f3n de los sistemas digestivo y respiratorio, ya que se localizan estrat\u00e9gicamente a la entrada de ambos y constituyen una primera l\u00ednea de defensa a la llegada de diferentes virus, bacterias y otros g\u00e9rmenes pat\u00f3genos. Las tres son asiento de diversas enfermedades que trataremos en otros espacios. Por tal motivo este sitio est\u00e1 dedicado a la amigdalitis.<\/span><\/p>\n<p><span style=\"font-size: 12pt;font-family: verdana, geneva\"><a href=\"http:\/\/blogs.sld.cu\/amigdalitis\/files\/2021\/02\/amigdalas-y-adenoides-5-638.jpg\"><img loading=\"lazy\" class=\"wp-image-127 alignleft\" style=\"border-width: 0px\" src=\"http:\/\/blogs.sld.cu\/amigdalitis\/files\/2021\/02\/amigdalas-y-adenoides-5-638-298x300.jpg\" alt=\"amigdalas-y-adenoides-5-638\" width=\"270\" height=\"272\" srcset=\"https:\/\/blogs.sld.cu\/amigdalitis\/files\/2021\/02\/amigdalas-y-adenoides-5-638-298x300.jpg 298w, https:\/\/blogs.sld.cu\/amigdalitis\/files\/2021\/02\/amigdalas-y-adenoides-5-638-150x150.jpg 150w, https:\/\/blogs.sld.cu\/amigdalitis\/files\/2021\/02\/amigdalas-y-adenoides-5-638-250x252.jpg 250w, https:\/\/blogs.sld.cu\/amigdalitis\/files\/2021\/02\/amigdalas-y-adenoides-5-638.jpg 299w\" sizes=\"(max-width: 270px) 100vw, 270px\" \/><\/a><strong>\u00bfQu\u00e9 es la amigdalitis?<\/strong><\/span><\/p>\n<p style=\"text-align: justify\"><span style=\"font-size: 12pt\"><span style=\"font-family: verdana, geneva\">Es la inflamaci\u00f3n de la mucosa far\u00edngea y de los fol\u00edculos linf\u00e1ticos cubiertos por esta mucosa (am\u00edgdalas palatinas, far\u00edngeas, tubaria y lingual) y que seg\u00fan su evoluci\u00f3n se pueden clasificar en agudas o cr\u00f3nicas, siendo las causas infecciosas las que m\u00e1s predominan y entre ellas las virales.<br \/>\n<\/span><\/span><\/p>\n<table>\n<tbody>\n<tr>\n<td style=\"text-align: left\"><a href=\"http:\/\/blogs.sld.cu\/amigdalitis\/files\/2021\/02\/estreptoccocica.jpg\"><img loading=\"lazy\" class=\"alignnone  wp-image-134\" src=\"http:\/\/blogs.sld.cu\/amigdalitis\/files\/2021\/02\/estreptoccocica.jpg\" alt=\"estreptoccocica\" width=\"324\" height=\"227\" srcset=\"https:\/\/blogs.sld.cu\/amigdalitis\/files\/2021\/02\/estreptoccocica.jpg 260w, https:\/\/blogs.sld.cu\/amigdalitis\/files\/2021\/02\/estreptoccocica-250x175.jpg 250w\" sizes=\"(max-width: 324px) 100vw, 324px\" \/><\/a><\/td>\n<td><a href=\"http:\/\/blogs.sld.cu\/amigdalitis\/files\/2021\/02\/amigdalitis.jpg\"><img loading=\"lazy\" class=\"alignnone  wp-image-129\" src=\"http:\/\/blogs.sld.cu\/amigdalitis\/files\/2021\/02\/amigdalitis-300x200.jpg\" alt=\"amigdalitis\" width=\"341\" height=\"227\" srcset=\"https:\/\/blogs.sld.cu\/amigdalitis\/files\/2021\/02\/amigdalitis-300x200.jpg 300w, https:\/\/blogs.sld.cu\/amigdalitis\/files\/2021\/02\/amigdalitis-250x166.jpg 250w, https:\/\/blogs.sld.cu\/amigdalitis\/files\/2021\/02\/amigdalitis.jpg 610w\" sizes=\"(max-width: 341px) 100vw, 341px\" \/><\/a><\/td>\n<\/tr>\n<\/tbody>\n<\/table>\n","protected":false},"excerpt":{"rendered":"<p>\u00bfQu\u00e9 son las am\u00edgdalas? Las am\u00edgdalas son estructuras del sistema inmune y constituyen masas de tejido linfoide, vinculadas a la producci\u00f3n de linfocitos. Se describen 3 tipos: am\u00edgdala far\u00edngea, am\u00edgdalas palatinas y am\u00edgdalas linguales. Las am\u00edgdalas linguales, se sit\u00faan en la base de la lengua y son dos, una a cada lado. La am\u00edgdala far\u00edngea [&hellip;]<\/p>\n","protected":false},"author":224,"featured_media":0,"parent":0,"menu_order":0,"comment_status":"closed","ping_status":"closed","template":"","meta":[],"_links":{"self":[{"href":"https:\/\/blogs.sld.cu\/amigdalitis\/wp-json\/wp\/v2\/pages\/22"}],"collection":[{"href":"https:\/\/blogs.sld.cu\/amigdalitis\/wp-json\/wp\/v2\/pages"}],"about":[{"href":"https:\/\/blogs.sld.cu\/amigdalitis\/wp-json\/wp\/v2\/types\/page"}],"author":[{"embeddable":true,"href":"https:\/\/blogs.sld.cu\/amigdalitis\/wp-json\/wp\/v2\/users\/224"}],"replies":[{"embeddable":true,"href":"https:\/\/blogs.sld.cu\/amigdalitis\/wp-json\/wp\/v2\/comments?post=22"}],"version-history":[{"count":33,"href":"https:\/\/blogs.sld.cu\/amigdalitis\/wp-json\/wp\/v2\/pages\/22\/revisions"}],"predecessor-version":[{"id":317,"href":"https:\/\/blogs.sld.cu\/amigdalitis\/wp-json\/wp\/v2\/pages\/22\/revisions\/317"}],"wp:attachment":[{"href":"https:\/\/blogs.sld.cu\/amigdalitis\/wp-json\/wp\/v2\/media?parent=22"}],"curies":[{"name":"wp","href":"https:\/\/api.w.org\/{rel}","templated":true}]}}