{"id":73,"date":"2021-02-05T05:44:57","date_gmt":"2021-02-05T05:44:57","guid":{"rendered":"http:\/\/blogs.sld.cu\/amigdalitis\/?page_id=73"},"modified":"2021-02-19T20:45:42","modified_gmt":"2021-02-19T20:45:42","slug":"causassintomas","status":"publish","type":"page","link":"https:\/\/blogs.sld.cu\/amigdalitis\/causassintomas\/","title":{"rendered":"Causas\/S\u00edntomas"},"content":{"rendered":"<h3><span style=\"font-family: verdana, geneva;font-size: 12pt\"><a href=\"http:\/\/blogs.sld.cu\/amigdalitis\/files\/2021\/02\/bacterias2_0.jpg\"><img loading=\"lazy\" class=\"size-medium wp-image-140 aligncenter\" src=\"http:\/\/blogs.sld.cu\/amigdalitis\/files\/2021\/02\/bacterias2_0-300x225.jpg\" alt=\"bacterias2_0\" width=\"300\" height=\"225\" srcset=\"https:\/\/blogs.sld.cu\/amigdalitis\/files\/2021\/02\/bacterias2_0-300x225.jpg 300w, https:\/\/blogs.sld.cu\/amigdalitis\/files\/2021\/02\/bacterias2_0-250x188.jpg 250w, https:\/\/blogs.sld.cu\/amigdalitis\/files\/2021\/02\/bacterias2_0.jpg 400w\" sizes=\"(max-width: 300px) 100vw, 300px\" \/><\/a><\/span><\/h3>\n<h3 style=\"text-align: left\"><span style=\"font-family: verdana, geneva;font-size: 12pt\"><strong>\u00a0\u00bfCu\u00e1les son las causas de la amigdalitis?<\/strong><\/span><\/h3>\n<p style=\"text-align: left\"><span style=\"font-family: verdana, geneva;font-size: 12pt\">Las causas m\u00e1s frecuentes de las amigdalitis agudas son las infecciosas, los microorganismos que con m\u00e1s frecuencia producen amigdalitis dependen de la edad:<\/span><\/p>\n<ul style=\"text-align: left\">\n<li>\n<p style=\"text-align: justify\"><span style=\"font-family: verdana, geneva;font-size: 12pt\">En los<strong> menores de 3 a\u00f1os<\/strong> la causa m\u00e1s frecuente es la <strong>infecci\u00f3n por virus.<\/strong> Pr\u00e1cticamente todos los virus que afectan al aparato respiratorio pueden producir amigdalitis <strong>(adenovirus, virus de Epstein-Barr, Coxackie, Rinovirus, Coronavirus, Influenza, Parainfluenza).<\/strong><\/span><\/p>\n<\/li>\n<li>\n<p style=\"text-align: justify\"><span style=\"font-family: verdana, geneva;font-size: 12pt\">La mayor frecuencia de amigdalitis se observa en ni\u00f1os en edad escolar, <strong>entre 5 y 15 a\u00f1os.<\/strong> A estas edades<strong> las amigdalitis pueden ser producidas por virus o por bacterias.<\/strong> El tipo de amigdalitis m\u00e1s peligroso es el causado por una bacteria que se llama <strong>estreptococo beta hemol\u00edtico del grupo A o estreptococo pi\u00f3genes.<\/strong> Su peligro deriva de las complicaciones que puede producir, sobre todo a nivel del coraz\u00f3n y del ri\u00f1\u00f3n.<\/span><\/p>\n<\/li>\n<\/ul>\n<p style=\"text-align: left\"><span style=\"font-family: verdana, geneva;font-size: 12pt\"><strong>Otras causas<\/strong> de amigdalitis son:<\/span><\/p>\n<p style=\"padding-left: 30px;text-align: left\"><span style=\"font-family: verdana, geneva;font-size: 12pt\"><strong>La herpangina<\/strong>. Es producida por un virus llamado Coxsackie A. Se caracteriza por fiebre de inicio brusco (hasta 41\u00baC), v\u00f3mitos y garganta muy roja con peque\u00f1as \u00falceras y ves\u00edculas de 1-2 mm de tama\u00f1o. La duraci\u00f3n de los s\u00edntomas es de 3 a 6 d\u00edas.<\/span><\/p>\n<p style=\"padding-left: 30px;text-align: left\"><span style=\"font-family: verdana, geneva;font-size: 12pt\"><strong>La mononucleosis infecciosa,<\/strong> producida por el virus de Epstein-Barr. Se caracteriza por la presencia de fiebre alta, am\u00edgdalas hipertr\u00f3ficas (muy grandes) con una membrana blanquecina recubri\u00e9ndolas, m\u00faltiples ganglios inflamados en el cuello, aumento del tama\u00f1o del bazo y del h\u00edgado y en ocasiones la presencia de un sarpullido.<\/span><\/p>\n<p style=\"text-align: left\"><span style=\"font-family: verdana, geneva;font-size: 12pt\"><a href=\"http:\/\/blogs.sld.cu\/amigdalitis\/files\/2021\/02\/woman-with-throat-sore-is-hold.jpeg\"><img loading=\"lazy\" class=\"size-medium wp-image-149 aligncenter\" src=\"http:\/\/blogs.sld.cu\/amigdalitis\/files\/2021\/02\/woman-with-throat-sore-is-hold-300x199.jpeg\" alt=\"woman-with-throat-sore-is-hold\" width=\"300\" height=\"199\" srcset=\"https:\/\/blogs.sld.cu\/amigdalitis\/files\/2021\/02\/woman-with-throat-sore-is-hold-300x199.jpeg 300w, https:\/\/blogs.sld.cu\/amigdalitis\/files\/2021\/02\/woman-with-throat-sore-is-hold-1024x681.jpeg 1024w, https:\/\/blogs.sld.cu\/amigdalitis\/files\/2021\/02\/woman-with-throat-sore-is-hold-250x166.jpeg 250w\" sizes=\"(max-width: 300px) 100vw, 300px\" \/><\/a><\/span><\/p>\n<h3 style=\"text-align: left\"><span style=\"font-family: verdana, geneva;font-size: 12pt\"><strong>\u00bfCu\u00e1les son los s\u00edntomas de la amigdalitis?<\/strong><\/span><\/h3>\n<p style=\"text-align: left\"><span style=\"font-family: verdana, geneva;font-size: 12pt\">Los s\u00edntomas incluyen:<\/span><\/p>\n<ol style=\"text-align: left\">\n<li><span style=\"font-family: verdana, geneva;font-size: 12pt\">Dolor de garganta, que puede ser grave<\/span><\/li>\n<li><span style=\"font-family: verdana, geneva;font-size: 12pt\">Am\u00edgdalas rojas e hinchadas<\/span><\/li>\n<li><span style=\"font-family: verdana, geneva;font-size: 12pt\">Dificultad para tragar<\/span><\/li>\n<li><span style=\"font-family: verdana, geneva;font-size: 12pt\">Una capa blanca o amarilla sobre las am\u00edgdalas<\/span><\/li>\n<li><span style=\"font-family: verdana, geneva;font-size: 12pt\">Gl\u00e1ndulas inflamadas en el cuello<\/span><\/li>\n<li><span style=\"font-family: verdana, geneva;font-size: 12pt\">Fiebre<\/span><\/li>\n<li><span style=\"font-family: verdana, geneva;font-size: 12pt\">Mal aliento<\/span><\/li>\n<\/ol>\n<p style=\"text-align: left\"><span style=\"font-family: verdana, geneva;font-size: 12pt\">En los ni\u00f1os peque\u00f1os que no son capaces de describir c\u00f3mo se sienten, algunos de los s\u00edntomas de amigdalitis podr\u00edan ser los siguientes:<\/span><\/p>\n<ul>\n<li style=\"text-align: left\"><span style=\"font-family: verdana, geneva;font-size: 12pt\">Babeo debido a dificultad o dolor al tragar<\/span><\/li>\n<li style=\"text-align: left\"><span style=\"font-family: verdana, geneva;font-size: 12pt\">No querer comer<\/span><\/li>\n<li style=\"text-align: left\"><span style=\"font-family: verdana, geneva;font-size: 12pt\">Agitaci\u00f3n inusual<\/span><\/li>\n<\/ul>\n","protected":false},"excerpt":{"rendered":"<p>\u00a0\u00bfCu\u00e1les son las causas de la amigdalitis? Las causas m\u00e1s frecuentes de las amigdalitis agudas son las infecciosas, los microorganismos que con m\u00e1s frecuencia producen amigdalitis dependen de la edad: En los menores de 3 a\u00f1os la causa m\u00e1s frecuente es la infecci\u00f3n por virus. Pr\u00e1cticamente todos los virus que afectan al aparato respiratorio pueden [&hellip;]<\/p>\n","protected":false},"author":208,"featured_media":0,"parent":0,"menu_order":0,"comment_status":"closed","ping_status":"closed","template":"","meta":[],"_links":{"self":[{"href":"https:\/\/blogs.sld.cu\/amigdalitis\/wp-json\/wp\/v2\/pages\/73"}],"collection":[{"href":"https:\/\/blogs.sld.cu\/amigdalitis\/wp-json\/wp\/v2\/pages"}],"about":[{"href":"https:\/\/blogs.sld.cu\/amigdalitis\/wp-json\/wp\/v2\/types\/page"}],"author":[{"embeddable":true,"href":"https:\/\/blogs.sld.cu\/amigdalitis\/wp-json\/wp\/v2\/users\/208"}],"replies":[{"embeddable":true,"href":"https:\/\/blogs.sld.cu\/amigdalitis\/wp-json\/wp\/v2\/comments?post=73"}],"version-history":[{"count":28,"href":"https:\/\/blogs.sld.cu\/amigdalitis\/wp-json\/wp\/v2\/pages\/73\/revisions"}],"predecessor-version":[{"id":312,"href":"https:\/\/blogs.sld.cu\/amigdalitis\/wp-json\/wp\/v2\/pages\/73\/revisions\/312"}],"wp:attachment":[{"href":"https:\/\/blogs.sld.cu\/amigdalitis\/wp-json\/wp\/v2\/media?parent=73"}],"curies":[{"name":"wp","href":"https:\/\/api.w.org\/{rel}","templated":true}]}}