{"id":75,"date":"2021-02-05T05:45:49","date_gmt":"2021-02-05T05:45:49","guid":{"rendered":"http:\/\/blogs.sld.cu\/amigdalitis\/?page_id=75"},"modified":"2021-02-19T20:47:29","modified_gmt":"2021-02-19T20:47:29","slug":"diagnosticotratamiento","status":"publish","type":"page","link":"https:\/\/blogs.sld.cu\/amigdalitis\/diagnosticotratamiento\/","title":{"rendered":"Diagn\u00f3stico\/Tratamiento"},"content":{"rendered":"<h3><span style=\"font-family: verdana, geneva;font-size: 12pt\"><a href=\"http:\/\/blogs.sld.cu\/amigdalitis\/files\/2021\/02\/510174422-612x612.jpg\"><img loading=\"lazy\" class=\" size-medium wp-image-171 aligncenter\" src=\"http:\/\/blogs.sld.cu\/amigdalitis\/files\/2021\/02\/510174422-612x612-300x200.jpg\" alt=\"510174422-612x612\" width=\"300\" height=\"200\" srcset=\"https:\/\/blogs.sld.cu\/amigdalitis\/files\/2021\/02\/510174422-612x612-300x200.jpg 300w, https:\/\/blogs.sld.cu\/amigdalitis\/files\/2021\/02\/510174422-612x612-250x167.jpg 250w, https:\/\/blogs.sld.cu\/amigdalitis\/files\/2021\/02\/510174422-612x612.jpg 612w\" sizes=\"(max-width: 300px) 100vw, 300px\" \/><\/a><\/span><\/h3>\n<h3 style=\"text-align: left\"><span style=\"font-family: verdana, geneva;font-size: 12pt\"><strong>\u00bfComo se realiza el diagn\u00f3stico?<\/strong><\/span><\/h3>\n<p style=\"text-align: justify\"><span style=\"font-size: 12pt;font-family: verdana, geneva\">El m\u00e9dico debe realizar una <strong>exploraci\u00f3n<\/strong> de la boca y la garganta del paciente para observar el estado de las am\u00edgdalas. De esta manera, podr\u00e1 determinar si se encuentran enrojecidas o presentan manchas blancas.<\/span><\/p>\n<p style=\"text-align: justify\"><span style=\"font-size: 12pt;font-family: verdana, geneva\">Otro examen que puede confirmar el diagn\u00f3stico es que <strong>los ganglios linf\u00e1ticos <\/strong>en la mand\u00edbula y el cuello <strong>se encuentren\u00a0 inflamados <\/strong>y sean sensibles al tacto.<\/span><\/p>\n<p style=\"text-align: left\"><span style=\"font-size: 12pt;font-family: verdana, geneva\">Dentro de los complementarios que pueden ser indicados:<br \/>\n<\/span><\/p>\n<ul>\n<li style=\"text-align: left\"><span style=\"font-size: 12pt;font-family: verdana, geneva\">Leucograma<\/span><\/li>\n<li style=\"text-align: left\"><span style=\"font-size: 12pt;font-family: verdana, geneva\">Eritrosedimentaci\u00f3n<\/span><\/li>\n<li style=\"text-align: left\"><span style=\"font-size: 12pt;font-family: verdana, geneva\">Exudados far\u00edngeos con antibiogramas (si se sospechan causas bacterianas)<\/span><\/li>\n<\/ul>\n<h3><span style=\"font-family: verdana, geneva;font-size: 12pt\"><a href=\"http:\/\/blogs.sld.cu\/amigdalitis\/files\/2021\/02\/diferentes-medicamentos-medicamentos-pastillas-tabletas_93675-23990.jpg\"><img loading=\"lazy\" class=\" size-medium wp-image-169 aligncenter\" src=\"http:\/\/blogs.sld.cu\/amigdalitis\/files\/2021\/02\/diferentes-medicamentos-medicamentos-pastillas-tabletas_93675-23990-300x200.jpg\" alt=\"diferentes-medicamentos-medicamentos-pastillas-tabletas_93675-23990\" width=\"300\" height=\"200\" srcset=\"https:\/\/blogs.sld.cu\/amigdalitis\/files\/2021\/02\/diferentes-medicamentos-medicamentos-pastillas-tabletas_93675-23990-300x200.jpg 300w, https:\/\/blogs.sld.cu\/amigdalitis\/files\/2021\/02\/diferentes-medicamentos-medicamentos-pastillas-tabletas_93675-23990-250x167.jpg 250w, https:\/\/blogs.sld.cu\/amigdalitis\/files\/2021\/02\/diferentes-medicamentos-medicamentos-pastillas-tabletas_93675-23990.jpg 626w\" sizes=\"(max-width: 300px) 100vw, 300px\" \/><\/a><\/span><\/h3>\n<h3 style=\"text-align: left\"><span style=\"font-size: 12pt;font-family: verdana, geneva\"><strong>\u00bfQu\u00e9 tratamiento se recomienda?<\/strong><\/span><\/h3>\n<p style=\"text-align: justify\"><span style=\"font-size: 12pt;font-family: verdana, geneva\">No todas las amigdalitis se deben tratar con antibi\u00f3ticos. Solamente deben ser utilizados cuando exista una alta sospecha de infecci\u00f3n bacteriana y mientras se esperan los resultados de los cultivos. Este diagn\u00f3stico est\u00e1 sobreestimado en el 80 o 90% de los casos, lo que conlleva a una utilizaci\u00f3n innecesaria de antibi\u00f3ticos sobre todo en lactantes y ni\u00f1os menores de 3 a\u00f1os.<\/span><br \/>\n<span style=\"font-family: verdana, geneva;font-size: 12pt\"> <strong><br \/>\nEl tratamiento consiste en:<br \/>\n<\/strong><\/span><\/p>\n<p style=\"padding-left: 30px;text-align: justify\"><span style=\"font-size: 12pt;font-family: verdana, geneva\"><strong>Medidas generales.<\/strong> Utilizaci\u00f3n de antit\u00e9rmicos (bajar la fiebre), analg\u00e9sicos y\/o antiinflamatorios, as\u00ed como de gargarismos de suero fisiol\u00f3gico. Este es el \u00fanico tratamiento de la amigdalitis v\u00edrica.<\/span><\/p>\n<p style=\"padding-left: 30px;text-align: justify\"><span style=\"font-size: 12pt;font-family: tahoma, arial, helvetica, sans-serif\"><strong>Antibi\u00f3ticos.<\/strong> El objetivo principal de este tratamiento es mejorar los s\u00edntomas, evitar complicaciones y erradicar las bacterias de las am\u00edgdalas. El tratamiento debe administrarse durante 10 d\u00edas, aunque la fiebre desaparezca antes y el paciente se encuentre asintom\u00e1tico, para conseguir as\u00ed la eliminaci\u00f3n de todas las bacterias. El tratamiento de elecci\u00f3n para la amigdalitis bacteriana es la penicilina inyectada o administrada por v\u00eda oral. Como alternativa, se puede utilizar la amoxicilina oral. En pacientes al\u00e9rgicos a la penicilina se deben utilizar antibi\u00f3ticos de la familia de los macr\u00f3lidos (azitromicina, claritromicina, eritromicina, etc.).<br \/>\n<\/span><\/p>\n<h3 style=\"text-align: justify\"><strong>\u00a0<\/strong><\/h3>\n","protected":false},"excerpt":{"rendered":"<p>\u00bfComo se realiza el diagn\u00f3stico? El m\u00e9dico debe realizar una exploraci\u00f3n de la boca y la garganta del paciente para observar el estado de las am\u00edgdalas. De esta manera, podr\u00e1 determinar si se encuentran enrojecidas o presentan manchas blancas. Otro examen que puede confirmar el diagn\u00f3stico es que los ganglios linf\u00e1ticos en la mand\u00edbula y [&hellip;]<\/p>\n","protected":false},"author":208,"featured_media":0,"parent":0,"menu_order":0,"comment_status":"closed","ping_status":"closed","template":"","meta":[],"_links":{"self":[{"href":"https:\/\/blogs.sld.cu\/amigdalitis\/wp-json\/wp\/v2\/pages\/75"}],"collection":[{"href":"https:\/\/blogs.sld.cu\/amigdalitis\/wp-json\/wp\/v2\/pages"}],"about":[{"href":"https:\/\/blogs.sld.cu\/amigdalitis\/wp-json\/wp\/v2\/types\/page"}],"author":[{"embeddable":true,"href":"https:\/\/blogs.sld.cu\/amigdalitis\/wp-json\/wp\/v2\/users\/208"}],"replies":[{"embeddable":true,"href":"https:\/\/blogs.sld.cu\/amigdalitis\/wp-json\/wp\/v2\/comments?post=75"}],"version-history":[{"count":28,"href":"https:\/\/blogs.sld.cu\/amigdalitis\/wp-json\/wp\/v2\/pages\/75\/revisions"}],"predecessor-version":[{"id":313,"href":"https:\/\/blogs.sld.cu\/amigdalitis\/wp-json\/wp\/v2\/pages\/75\/revisions\/313"}],"wp:attachment":[{"href":"https:\/\/blogs.sld.cu\/amigdalitis\/wp-json\/wp\/v2\/media?parent=75"}],"curies":[{"name":"wp","href":"https:\/\/api.w.org\/{rel}","templated":true}]}}