{"id":79,"date":"2021-02-05T05:48:24","date_gmt":"2021-02-05T05:48:24","guid":{"rendered":"http:\/\/blogs.sld.cu\/amigdalitis\/?page_id=79"},"modified":"2021-02-19T20:27:19","modified_gmt":"2021-02-19T20:27:19","slug":"recursos","status":"publish","type":"page","link":"https:\/\/blogs.sld.cu\/amigdalitis\/recursos\/","title":{"rendered":"Recursos"},"content":{"rendered":"<ul>\n<li><span style=\"font-family: verdana, geneva\"><a href=\"www.sld.cu\/sitios\/otorrino\/\"><span style=\"font-size: 12pt\"><strong>Especialidades Infomed. Otorrinolaringolog\u00eda<\/strong><\/span><\/a><\/span><\/li>\n<li><span style=\"font-family: verdana, geneva\"><a href=\"https:\/\/medlineplus.gov\/spanish\/tonsillitis.html#summaryhttp:\/\/\" target=\"_blank\"><span style=\"font-size: 12pt\"><strong>Tonsilitis. Medline Plus<\/strong> <\/span><\/a><\/span><\/li>\n<li><span style=\"font-family: verdana, geneva\"><a href=\"https:\/\/www.mayoclinic.org\/es-es\/diseases-conditions\/tonsillitis\/symptoms-causes\/syc-20378479\" target=\"_blank\"><strong><span style=\"font-size: 12pt\">Cl\u00ednica Mayo, Tonsilitis<\/span><\/strong><\/a><\/span><\/li>\n<li><span style=\"font-family: verdana, geneva\"><a href=\"https:\/\/www.redaccionmedica.com\/recursos-salud\/diccionario-enfermedades\/amigdalitis\" target=\"_blank\"><strong><span style=\"font-size: 12pt\">Redacci\u00f3n M\u00e9dica. Diccionario de Enfermedades. Amigdalitis\u00a0<\/span><\/strong><\/a><\/span><\/li>\n<li><span style=\"font-family: verdana, geneva;font-size: 12pt\"><a href=\"https:\/\/cuidateplus.marca.com\/enfermedades\/infecciosas\/amigdalitis.html\" target=\"_blank\"><strong>Cu\u00eddate Plus<\/strong><\/a><\/span><\/li>\n<\/ul>\n<p><span style=\"font-family: verdana, geneva\"><a href=\"http:\/\/blogs.sld.cu\/amigdalitis\/files\/2021\/02\/Recursos.png\"><img loading=\"lazy\" class=\"  wp-image-284 alignright\" style=\"border-width: 0px\" src=\"http:\/\/blogs.sld.cu\/amigdalitis\/files\/2021\/02\/Recursos-300x235.png\" alt=\"Recursos\" width=\"257\" height=\"202\" srcset=\"https:\/\/blogs.sld.cu\/amigdalitis\/files\/2021\/02\/Recursos-300x235.png 300w, https:\/\/blogs.sld.cu\/amigdalitis\/files\/2021\/02\/Recursos-250x196.png 250w, https:\/\/blogs.sld.cu\/amigdalitis\/files\/2021\/02\/Recursos.png 501w\" sizes=\"(max-width: 257px) 100vw, 257px\" \/><\/a><\/span><\/p>\n","protected":false},"excerpt":{"rendered":"<p>Especialidades Infomed. Otorrinolaringolog\u00eda Tonsilitis. Medline Plus Cl\u00ednica Mayo, Tonsilitis Redacci\u00f3n M\u00e9dica. Diccionario de Enfermedades. Amigdalitis\u00a0 Cu\u00eddate Plus<\/p>\n","protected":false},"author":208,"featured_media":0,"parent":0,"menu_order":0,"comment_status":"closed","ping_status":"closed","template":"","meta":[],"_links":{"self":[{"href":"https:\/\/blogs.sld.cu\/amigdalitis\/wp-json\/wp\/v2\/pages\/79"}],"collection":[{"href":"https:\/\/blogs.sld.cu\/amigdalitis\/wp-json\/wp\/v2\/pages"}],"about":[{"href":"https:\/\/blogs.sld.cu\/amigdalitis\/wp-json\/wp\/v2\/types\/page"}],"author":[{"embeddable":true,"href":"https:\/\/blogs.sld.cu\/amigdalitis\/wp-json\/wp\/v2\/users\/208"}],"replies":[{"embeddable":true,"href":"https:\/\/blogs.sld.cu\/amigdalitis\/wp-json\/wp\/v2\/comments?post=79"}],"version-history":[{"count":16,"href":"https:\/\/blogs.sld.cu\/amigdalitis\/wp-json\/wp\/v2\/pages\/79\/revisions"}],"predecessor-version":[{"id":298,"href":"https:\/\/blogs.sld.cu\/amigdalitis\/wp-json\/wp\/v2\/pages\/79\/revisions\/298"}],"wp:attachment":[{"href":"https:\/\/blogs.sld.cu\/amigdalitis\/wp-json\/wp\/v2\/media?parent=79"}],"curies":[{"name":"wp","href":"https:\/\/api.w.org\/{rel}","templated":true}]}}