{"id":83,"date":"2021-02-05T05:50:16","date_gmt":"2021-02-05T05:50:16","guid":{"rendered":"http:\/\/blogs.sld.cu\/amigdalitis\/?page_id=83"},"modified":"2021-02-19T20:32:55","modified_gmt":"2021-02-19T20:32:55","slug":"preguntas-frecuentes","status":"publish","type":"page","link":"https:\/\/blogs.sld.cu\/amigdalitis\/preguntas-frecuentes\/","title":{"rendered":"Preguntas frecuentes"},"content":{"rendered":"<p style=\"text-align: left\"><span style=\"color: #1961a9;font-size: 12pt;font-family: verdana, geneva\"><strong>Sobre la amigdalitis<a href=\"http:\/\/blogs.sld.cu\/amigdalitis\/files\/2021\/02\/a6689e8a-questions.jpg\"><img loading=\"lazy\" class=\"  wp-image-287 alignright\" src=\"http:\/\/blogs.sld.cu\/amigdalitis\/files\/2021\/02\/a6689e8a-questions-300x180.jpg\" alt=\"a6689e8a-questions\" width=\"235\" height=\"141\" srcset=\"https:\/\/blogs.sld.cu\/amigdalitis\/files\/2021\/02\/a6689e8a-questions-300x180.jpg 300w, https:\/\/blogs.sld.cu\/amigdalitis\/files\/2021\/02\/a6689e8a-questions-250x150.jpg 250w, https:\/\/blogs.sld.cu\/amigdalitis\/files\/2021\/02\/a6689e8a-questions.jpg 1000w\" sizes=\"(max-width: 235px) 100vw, 235px\" \/><\/a><\/strong><\/span><\/p>\n<p style=\"text-align: left\"><strong><span style=\"font-size: 12pt;font-family: verdana, geneva\">\u00bfPueden las am\u00edgdalas palatinas atrofiarse espont\u00e1neamente despu\u00e9s de haber padecido de amigdalitis en la infancia?<\/span><\/strong><\/p>\n<p style=\"text-align: left\"><span style=\"font-size: 12pt;font-family: verdana, geneva\">R\/ Generalmente las am\u00edgdalas en la edad adulta\u00a0van disminuyendo de tama\u00f1o llegando incluso hasta desaparecer casi completamente, posiblemente\u00a0debido a la\u00a0disminuci\u00f3n de sus funciones inmunol\u00f3gicas.<\/span><\/p>\n<p style=\"text-align: left\"><strong><span style=\"font-size: 12pt;font-family: verdana, geneva\">\u00bfLas g\u00e1rgaras de agua con sal, son recomendadas para la amigdalitis?<\/span><\/strong><\/p>\n<p style=\"text-align: left\"><span style=\"font-size: 12pt;font-family: verdana, geneva\">R\/ Los gargarismos con suero fisiol\u00f3gico son recomendados, siendo su preparaci\u00f3n de una cucharada rasa de sal en un litro de agua, evitando as\u00ed altas\u00a0concentraciones que pueden llevar a irritaci\u00f3n de la mucosa.<\/span><\/p>\n<p style=\"text-align: left\"><strong><span style=\"font-size: 12pt;font-family: verdana, geneva\">\u00bfQu\u00e9 representan las placas blancas que se ven en las am\u00edgdalas cuando est\u00e1n inflamadas, enrojecidas y dolorosas?<\/span><\/strong><\/p>\n<p style=\"text-align: left\"><span style=\"font-size: 12pt;font-family: verdana, geneva\">R\/ Son exudados formados por el proceso inflamatorio y pueden ser indicativos, pero no necesariamente, de infecci\u00f3n bacteriana.<\/span><\/p>\n<p style=\"text-align: left\"><strong><span style=\"font-size: 12pt;font-family: verdana, geneva\">\u00bfLos l\u00edquidos que se tomen durante un episodio de amigdalitis, deben ser fr\u00edos?<\/span><\/strong><\/p>\n<p style=\"text-align: left\"><span style=\"font-size: 12pt;font-family: verdana, geneva\">R\/ Fr\u00edos o calientes pueden ser recomendados. El fr\u00edo puede ser un buen tratamiento porque reduce la temperatura de los tejidos inflamados y tiene un\u00a0efecto inhibitorio sobre la transmisi\u00f3n de las se\u00f1ales del dolor<strong>\u00a0<\/strong>desde las terminaciones nerviosas y a su vez si la bebida est\u00e1 caliente la salivaci\u00f3n es mayor y lubrica la garganta, tambi\u00e9n el impacto sensorial del calor produce un<strong>\u00a0<\/strong>confort que hace el dolor menos molesto.\u00a0Este confort es subjetivo, pero puede estar relacionado con un aumento de los\u00a0niveles de endorfinas, sustancias opioides end\u00f3genas, en las zonas cerebrales del dolor.<\/span><\/p>\n<p style=\"text-align: left\"><strong><span style=\"font-size: 12pt;font-family: verdana, geneva\">\u00bfLa mala higiene bucal influye en la amigdalitis?<\/span><\/strong><\/p>\n<p style=\"text-align: left\"><span style=\"font-size: 12pt;font-family: verdana, geneva\">\u00a0R\/ Pues s\u00ed, la mala higiene bucal es uno de los factores de riesgo de las amigdalitis recurrentes, por eso un correcto cepillado, as\u00ed como las frecuencias recomendadas por los estomat\u00f3logos es una medida preventiva.<\/span><\/p>\n<p style=\"text-align: left\"><strong><span style=\"font-size: 12pt;font-family: verdana, geneva\">\u00bfEl cocimiento de manzanilla es bueno para la amigdalitis?<\/span><\/strong><\/p>\n<p style=\"text-align: left\"><span style=\"font-size: 12pt;font-family: verdana, geneva\">R\/ El t\u00e9 de manzanilla se caracteriza por tener propiedades\u00a0antibacterianas, antiespasm\u00f3dicas, estimulantes de la cicatrizaci\u00f3n, antiinflamatorias y calmantes, por tanto, su utilizaci\u00f3n durante las crisis de amigdalitis son recomendables y si se a\u00f1ade un poco de miel sus efectos son mayores.<\/span><\/p>\n<p style=\"text-align: left\">\n","protected":false},"excerpt":{"rendered":"<p>Sobre la amigdalitis \u00bfPueden las am\u00edgdalas palatinas atrofiarse espont\u00e1neamente despu\u00e9s de haber padecido de amigdalitis en la infancia? R\/ Generalmente las am\u00edgdalas en la edad adulta\u00a0van disminuyendo de tama\u00f1o llegando incluso hasta desaparecer casi completamente, posiblemente\u00a0debido a la\u00a0disminuci\u00f3n de sus funciones inmunol\u00f3gicas. \u00bfLas g\u00e1rgaras de agua con sal, son recomendadas para la amigdalitis? R\/ Los [&hellip;]<\/p>\n","protected":false},"author":208,"featured_media":0,"parent":0,"menu_order":0,"comment_status":"closed","ping_status":"closed","template":"","meta":[],"_links":{"self":[{"href":"https:\/\/blogs.sld.cu\/amigdalitis\/wp-json\/wp\/v2\/pages\/83"}],"collection":[{"href":"https:\/\/blogs.sld.cu\/amigdalitis\/wp-json\/wp\/v2\/pages"}],"about":[{"href":"https:\/\/blogs.sld.cu\/amigdalitis\/wp-json\/wp\/v2\/types\/page"}],"author":[{"embeddable":true,"href":"https:\/\/blogs.sld.cu\/amigdalitis\/wp-json\/wp\/v2\/users\/208"}],"replies":[{"embeddable":true,"href":"https:\/\/blogs.sld.cu\/amigdalitis\/wp-json\/wp\/v2\/comments?post=83"}],"version-history":[{"count":17,"href":"https:\/\/blogs.sld.cu\/amigdalitis\/wp-json\/wp\/v2\/pages\/83\/revisions"}],"predecessor-version":[{"id":301,"href":"https:\/\/blogs.sld.cu\/amigdalitis\/wp-json\/wp\/v2\/pages\/83\/revisions\/301"}],"wp:attachment":[{"href":"https:\/\/blogs.sld.cu\/amigdalitis\/wp-json\/wp\/v2\/media?parent=83"}],"curies":[{"name":"wp","href":"https:\/\/api.w.org\/{rel}","templated":true}]}}