{"id":87,"date":"2021-02-05T06:28:43","date_gmt":"2021-02-05T06:28:43","guid":{"rendered":"http:\/\/blogs.sld.cu\/amigdalitis\/?page_id=87"},"modified":"2021-02-19T20:46:05","modified_gmt":"2021-02-19T20:46:05","slug":"consejos-a-la-familia","status":"publish","type":"page","link":"https:\/\/blogs.sld.cu\/amigdalitis\/consejos-a-la-familia\/","title":{"rendered":"Consejos a la familia"},"content":{"rendered":"<p style=\"text-align: left\"><span style=\"font-size: 12pt;font-family: verdana, geneva\">Si usted o algunos de sus familiares se encuentran padeciendo de una amigdalitis deben:<\/span><\/p>\n<ol style=\"text-align: left\">\n<li><span style=\"font-size: 12pt;font-family: verdana, geneva\">Lavarse las manos con frecuencia.<\/span><\/li>\n<li><span style=\"font-size: 12pt;font-family: verdana, geneva\">Evitar compartir alimentos, vasos y otros utensilios.<\/span><\/li>\n<li><span style=\"font-size: 12pt;font-family: verdana, geneva\">Procurar estornudar y toser en el codo.<\/span><\/li>\n<li><span style=\"font-size: 12pt;font-family: verdana, geneva\"> Usar pa\u00f1uelos de papel desechables.<\/span><\/li>\n<li><span style=\"font-size: 12pt;font-family: verdana, geneva\">Ventilar los lugares donde conviven.<\/span><\/li>\n<li><span style=\"font-size: 12pt;font-family: verdana, geneva\">No automedicarse.<\/span><\/li>\n<li><span style=\"font-size: 12pt;font-family: verdana, geneva\">Frente\u00a0alg\u00fan s\u00edntoma de alarma, acudir al m\u00e9dico.<\/span><\/li>\n<\/ol>\n<p style=\"text-align: left\"><span style=\"font-size: 12pt;font-family: verdana, geneva\">Acuda a su m\u00e9dico de familia si presenta alguno de estos s\u00edntomas:<\/span><\/p>\n<ol style=\"text-align: left\">\n<li><span style=\"font-size: 12pt;font-family: verdana, geneva\">Fiebre elevada o de m\u00e1s de 48 horas.<\/span><\/li>\n<li><span style=\"font-size: 12pt;font-family: verdana, geneva\">Dolor de garganta por m\u00e1s de 48 horas.<\/span><\/li>\n<li><span style=\"font-size: 12pt;font-family: verdana, geneva\">Falta de aire.<\/span><\/li>\n<li><span style=\"font-size: 12pt;font-family: verdana, geneva\">Dificultad marcada para tragar.<\/span><\/li>\n<li><span style=\"font-size: 12pt;font-family: verdana, geneva\">Cansancio marcado o dolores articulares.<\/span><\/li>\n<\/ol>\n<p style=\"text-align: left\"><span style=\"font-family: verdana, geneva;color: #993300\"><strong><span style=\"font-size: 12pt\">\u00a1No se automedique, cuide su salud y acuda a su m\u00e9dico!<\/span><\/strong><\/span><\/p>\n<p>&nbsp;<\/p>\n","protected":false},"excerpt":{"rendered":"<p>Si usted o algunos de sus familiares se encuentran padeciendo de una amigdalitis deben: Lavarse las manos con frecuencia. Evitar compartir alimentos, vasos y otros utensilios. Procurar estornudar y toser en el codo. Usar pa\u00f1uelos de papel desechables. Ventilar los lugares donde conviven. No automedicarse. Frente\u00a0alg\u00fan s\u00edntoma de alarma, acudir al m\u00e9dico. Acuda a su [&hellip;]<\/p>\n","protected":false},"author":208,"featured_media":0,"parent":0,"menu_order":0,"comment_status":"closed","ping_status":"closed","template":"","meta":[],"_links":{"self":[{"href":"https:\/\/blogs.sld.cu\/amigdalitis\/wp-json\/wp\/v2\/pages\/87"}],"collection":[{"href":"https:\/\/blogs.sld.cu\/amigdalitis\/wp-json\/wp\/v2\/pages"}],"about":[{"href":"https:\/\/blogs.sld.cu\/amigdalitis\/wp-json\/wp\/v2\/types\/page"}],"author":[{"embeddable":true,"href":"https:\/\/blogs.sld.cu\/amigdalitis\/wp-json\/wp\/v2\/users\/208"}],"replies":[{"embeddable":true,"href":"https:\/\/blogs.sld.cu\/amigdalitis\/wp-json\/wp\/v2\/comments?post=87"}],"version-history":[{"count":9,"href":"https:\/\/blogs.sld.cu\/amigdalitis\/wp-json\/wp\/v2\/pages\/87\/revisions"}],"predecessor-version":[{"id":307,"href":"https:\/\/blogs.sld.cu\/amigdalitis\/wp-json\/wp\/v2\/pages\/87\/revisions\/307"}],"wp:attachment":[{"href":"https:\/\/blogs.sld.cu\/amigdalitis\/wp-json\/wp\/v2\/media?parent=87"}],"curies":[{"name":"wp","href":"https:\/\/api.w.org\/{rel}","templated":true}]}}