{"id":19,"date":"2021-09-30T13:29:39","date_gmt":"2021-09-30T13:29:39","guid":{"rendered":"http:\/\/blogs.sld.cu\/anemiasnutricionales\/?page_id=19"},"modified":"2021-11-12T19:17:03","modified_gmt":"2021-11-12T19:17:03","slug":"anemias","status":"publish","type":"page","link":"https:\/\/blogs.sld.cu\/anemiasnutricionales\/anemias\/","title":{"rendered":"Anemias"},"content":{"rendered":"<p>Una alimentaci\u00f3n inadecuada provoca m\u00faltiples enfermedades como consecuencia de deficiencia o exceso de alg\u00fan nutriente. Las deficiencias nutricionales son la causa m\u00e1s frecuente de anemia en la poblaci\u00f3n mundial, especialmente la ferropenia o d\u00e9ficit de hierro. El \u00e1cido asc\u00f3rbico, la vitamina E, el cobre y la piridoxina,\u00a0 tambi\u00e9n se necesitan para producir gl\u00f3bulos rojos (eritrocitos). La carencia de vitamina A, tambi\u00e9n se asocia con la anemia.<\/p>\n<p>Las principales causas de anemias nutricionales son el d\u00e9ficit de hierro, \u00e1cido f\u00f3lico y vitamina B12.<\/p>\n<p><strong><u>Anemia por d\u00e9ficit de hierro<\/u><\/strong><\/p>\n<p>La deficiencia de hierro es la principal causa de anemia en el mundo, donde afecta a m\u00e1s de 700 millones de personas. Su mayor prevalencia se encuentra en los pa\u00edses subdesarrollados, sin embargo, se ha demostrado una frecuencia elevada en los pa\u00edses desarrollados, a pesar de que es un d\u00e9ficit prevenible y curable. Esta carencia nutricional es m\u00e1s frecuente en las embarazadas, especialmente durante el tercer trimestre de la gestaci\u00f3n; en los lactantes; en los ni\u00f1os de 1 a 3 a\u00f1os y en mujeres en edad f\u00e9rtil con m\u00e1s sangrado menstrual de lo normal. Las adolescentes tienen un alto riesgo de desarrollar insuficiencia de hierro, debido a la relaci\u00f3n existente entre su r\u00e1pido crecimiento y las p\u00e9rdidas de sangre durante la menstruaci\u00f3n.<\/p>\n<p><strong><u>Anemia por d\u00e9ficit de \u00e1cido f\u00f3lico y vitamina B12<\/u><\/strong><\/p>\n<p>Bajo el nombre de anemias megalobl\u00e1sticas se agrupan una serie de des\u00f3rdenes que se caracterizan por alteraciones de los eritrocitos o gl\u00f3bulos rojos, los que durante su maduraci\u00f3n adoptan una forma m\u00e1s grande como consecuencia de alteraciones su formaci\u00f3n que afectan el crecimiento normal de la c\u00e9lula y por lo que se generan c\u00e9lulas de mayor tama\u00f1o en todas las l\u00edneas de c\u00e9lulas sangu\u00edneas, que incluyen leucocitos y plaquetas. Las causas de la anemia megalobl\u00e1stica son numerosas, pero m\u00e1s del 90 % se debe a deficiencia de folatos y vitamina B<sub>12<\/sub>. Estos d\u00e9ficits se producen principalmente por una ingesta inadecuada, defectos en la absorci\u00f3n, incremento de los requerimientos y el uso de f\u00e1rmacos.<\/p>\n","protected":false},"excerpt":{"rendered":"<p>Una alimentaci\u00f3n inadecuada provoca m\u00faltiples enfermedades como consecuencia de deficiencia o exceso de alg\u00fan nutriente. Las deficiencias nutricionales son la causa m\u00e1s frecuente de anemia en la poblaci\u00f3n mundial, especialmente la ferropenia o d\u00e9ficit de hierro. El \u00e1cido asc\u00f3rbico, la vitamina E, el cobre y la piridoxina,\u00a0 tambi\u00e9n se necesitan para producir gl\u00f3bulos rojos (eritrocitos). [&hellip;]<\/p>\n","protected":false},"author":123,"featured_media":0,"parent":0,"menu_order":0,"comment_status":"closed","ping_status":"closed","template":"","meta":[],"_links":{"self":[{"href":"https:\/\/blogs.sld.cu\/anemiasnutricionales\/wp-json\/wp\/v2\/pages\/19"}],"collection":[{"href":"https:\/\/blogs.sld.cu\/anemiasnutricionales\/wp-json\/wp\/v2\/pages"}],"about":[{"href":"https:\/\/blogs.sld.cu\/anemiasnutricionales\/wp-json\/wp\/v2\/types\/page"}],"author":[{"embeddable":true,"href":"https:\/\/blogs.sld.cu\/anemiasnutricionales\/wp-json\/wp\/v2\/users\/123"}],"replies":[{"embeddable":true,"href":"https:\/\/blogs.sld.cu\/anemiasnutricionales\/wp-json\/wp\/v2\/comments?post=19"}],"version-history":[{"count":8,"href":"https:\/\/blogs.sld.cu\/anemiasnutricionales\/wp-json\/wp\/v2\/pages\/19\/revisions"}],"predecessor-version":[{"id":143,"href":"https:\/\/blogs.sld.cu\/anemiasnutricionales\/wp-json\/wp\/v2\/pages\/19\/revisions\/143"}],"wp:attachment":[{"href":"https:\/\/blogs.sld.cu\/anemiasnutricionales\/wp-json\/wp\/v2\/media?parent=19"}],"curies":[{"name":"wp","href":"https:\/\/api.w.org\/{rel}","templated":true}]}}