{"id":23,"date":"2021-02-27T20:30:43","date_gmt":"2021-02-27T20:30:43","guid":{"rendered":"http:\/\/blogs.sld.cu\/anemiasnutricionales\/?page_id=23"},"modified":"2021-09-30T19:04:00","modified_gmt":"2021-09-30T19:04:00","slug":"diagnosticotratamientos","status":"publish","type":"page","link":"https:\/\/blogs.sld.cu\/anemiasnutricionales\/diagnosticotratamientos\/","title":{"rendered":"Diagn\u00f3stico\/Tratamientos"},"content":{"rendered":"<p><strong>Diagn\u00f3stico de la anemia por d\u00e9ficit de hierro<\/strong><\/p>\n<p>Est\u00e1 dado por los antecedentes del paciente, los signos y s\u00edntomas y por los ex\u00e1menes complementarios. En el hemograma se observa anemia, hay reticulocitos bajos y disminuci\u00f3n del tama\u00f1o de los gl\u00f3bulos rojos, entre otras alteraciones. Las constantes corpusculares est\u00e1n disminuidas y el estudio del hierro s\u00e9rico muestra una disminuci\u00f3n de este. La ferritina se encuentra disminuida.<\/p>\n<p><strong>Tratamiento de la deficiencia del hierro<\/strong><\/p>\n<p>Adem\u00e1s de indicarse una dieta adecuada que sea rica en hierro hemo, una vez conocida la causa y eliminada si es posible, el tratamiento adecuado debe ser con sales de hierro, como el fumarato o sulfato ferroso. Este debe mantenerse hasta dos o tres meses despu\u00e9s de alcanzar los valores normales de hemoglobina, para as\u00ed rellenar las reservas del mineral. Si el hierro no es bien tolerado por v\u00eda oral, entonces el m\u00e9dico indicar\u00e1 hierro parenteral o sea inyectado.<\/p>\n<p><strong>Diagn\u00f3stico de la anemia megalobl\u00e1stica<\/strong><\/p>\n<p>Est\u00e1 dado por los antecedentes del paciente, los signos y s\u00edntomas y por los ex\u00e1menes complementarios. Hay presencia de anemia, conteo de reticulocitos bajos y la presencia de un aumento en las constantes corpusculares. Hay una disminuci\u00f3n de los niveles de vitamina B12 y folato.<\/p>\n<p>Los niveles de bilirrubina indirecta y la enzima lactato deshidrogenasa (LDH) tambi\u00e9n pueden estar aumentados debido al hemolisis.<\/p>\n<p><strong>Tratamiento<\/strong><strong> de la anemia megalobl\u00e1stica<\/strong><\/p>\n<p>El manejo de la anemia megalobl\u00e1stica se realiza con una terapia de vitamina B<sub>12<\/sub> intramuscular y de \u00e1cido f\u00f3lico por v\u00eda oral. La duraci\u00f3n del tratamiento depende de la gravedad de la anemia, puede extenderse hasta 4 o 6 meses y en otros casos ser indefinido (los operados de est\u00f3mago, intestino o el caso de anemias cong\u00e9nitas). La respuesta al tratamiento se evidencia antes de que finaliza la primera semana y aumentan los niveles de hemoglobina y se normalizan los leucocitos. A pesar de la mejor\u00eda en los ex\u00e1menes complementarios, los s\u00edntomas neurol\u00f3gicos pueden o no mostrar un avance en tan corto tiempo, lo que requiere de un periodo de tratamiento m\u00e1s largo.<\/p>\n<p>&nbsp;<\/p>\n","protected":false},"excerpt":{"rendered":"<p>Diagn\u00f3stico de la anemia por d\u00e9ficit de hierro Est\u00e1 dado por los antecedentes del paciente, los signos y s\u00edntomas y por los ex\u00e1menes complementarios. En el hemograma se observa anemia, hay reticulocitos bajos y disminuci\u00f3n del tama\u00f1o de los gl\u00f3bulos rojos, entre otras alteraciones. Las constantes corpusculares est\u00e1n disminuidas y el estudio del hierro s\u00e9rico [&hellip;]<\/p>\n","protected":false},"author":123,"featured_media":0,"parent":0,"menu_order":0,"comment_status":"closed","ping_status":"closed","template":"","meta":[],"_links":{"self":[{"href":"https:\/\/blogs.sld.cu\/anemiasnutricionales\/wp-json\/wp\/v2\/pages\/23"}],"collection":[{"href":"https:\/\/blogs.sld.cu\/anemiasnutricionales\/wp-json\/wp\/v2\/pages"}],"about":[{"href":"https:\/\/blogs.sld.cu\/anemiasnutricionales\/wp-json\/wp\/v2\/types\/page"}],"author":[{"embeddable":true,"href":"https:\/\/blogs.sld.cu\/anemiasnutricionales\/wp-json\/wp\/v2\/users\/123"}],"replies":[{"embeddable":true,"href":"https:\/\/blogs.sld.cu\/anemiasnutricionales\/wp-json\/wp\/v2\/comments?post=23"}],"version-history":[{"count":7,"href":"https:\/\/blogs.sld.cu\/anemiasnutricionales\/wp-json\/wp\/v2\/pages\/23\/revisions"}],"predecessor-version":[{"id":81,"href":"https:\/\/blogs.sld.cu\/anemiasnutricionales\/wp-json\/wp\/v2\/pages\/23\/revisions\/81"}],"wp:attachment":[{"href":"https:\/\/blogs.sld.cu\/anemiasnutricionales\/wp-json\/wp\/v2\/media?parent=23"}],"curies":[{"name":"wp","href":"https:\/\/api.w.org\/{rel}","templated":true}]}}