{"id":50,"date":"2021-09-30T14:30:10","date_gmt":"2021-09-30T14:30:10","guid":{"rendered":"http:\/\/blogs.sld.cu\/anemiasnutricionales\/?page_id=50"},"modified":"2021-09-30T19:07:06","modified_gmt":"2021-09-30T19:07:06","slug":"sintomas","status":"publish","type":"page","link":"https:\/\/blogs.sld.cu\/anemiasnutricionales\/causasintomas\/sintomas\/","title":{"rendered":"S\u00edntomas"},"content":{"rendered":"<p><a href=\"http:\/\/blogs.sld.cu\/anemiasnutricionales\/files\/2021\/02\/signos.png\"><img loading=\"lazy\" class=\" wp-image-51 aligncenter\" src=\"http:\/\/blogs.sld.cu\/anemiasnutricionales\/files\/2021\/02\/signos.png\" alt=\"signos\" width=\"575\" height=\"415\" srcset=\"https:\/\/blogs.sld.cu\/anemiasnutricionales\/files\/2021\/02\/signos.png 800w, https:\/\/blogs.sld.cu\/anemiasnutricionales\/files\/2021\/02\/signos-300x216.png 300w, https:\/\/blogs.sld.cu\/anemiasnutricionales\/files\/2021\/02\/signos-250x180.png 250w\" sizes=\"(max-width: 575px) 100vw, 575px\" \/><\/a><\/p>\n<p>En general, la <strong>anemia por d\u00e9ficit de hierro<\/strong> tiene un cuadro variable. Puede ir desde un cuadro ligero hasta una anemia grave. El comienzo es insidioso con palidez, debilidad, fatiga, insomnio, taquicardia, cansancio al caminar y al realizar ejercicios y cefalea. Adem\u00e1s, se pueden encontrar otros s\u00edntomas y signos como son inflamaci\u00f3n de la lengua, dificultad para tragar, pelo fino, u\u00f1as hundidas, as\u00ed como deseo de comer hielo, arroz crudo y tierra en ocasiones.<\/p>\n<p>En el caso de las <strong>anemias megalobl\u00e1sticas<\/strong> los s\u00edntomas son f\u00e1ciles de detectar, pero son muy comunes y pueden confundirse con s\u00edntomas similares de otras enfermedades. Entre los s\u00edntomas se encuentran: cansancio, palidez de la piel, lengua sensible, debilidad muscular, diarrea, irritabilidad, problemas respiratorios, n\u00e1useas y v\u00f3mitos, taquicardia, hormigueo en las extremidades, confusi\u00f3n mental. Algo caracter\u00edstico en esta entidad son las alteraciones neurol\u00f3gicas por la alteraci\u00f3n de la s\u00edntesis de mielina, que es la capa que protege los nervios.<\/p>\n","protected":false},"excerpt":{"rendered":"<p>En general, la anemia por d\u00e9ficit de hierro tiene un cuadro variable. Puede ir desde un cuadro ligero hasta una anemia grave. El comienzo es insidioso con palidez, debilidad, fatiga, insomnio, taquicardia, cansancio al caminar y al realizar ejercicios y cefalea. Adem\u00e1s, se pueden encontrar otros s\u00edntomas y signos como son inflamaci\u00f3n de la lengua, [&hellip;]<\/p>\n","protected":false},"author":123,"featured_media":0,"parent":21,"menu_order":0,"comment_status":"closed","ping_status":"closed","template":"","meta":[],"_links":{"self":[{"href":"https:\/\/blogs.sld.cu\/anemiasnutricionales\/wp-json\/wp\/v2\/pages\/50"}],"collection":[{"href":"https:\/\/blogs.sld.cu\/anemiasnutricionales\/wp-json\/wp\/v2\/pages"}],"about":[{"href":"https:\/\/blogs.sld.cu\/anemiasnutricionales\/wp-json\/wp\/v2\/types\/page"}],"author":[{"embeddable":true,"href":"https:\/\/blogs.sld.cu\/anemiasnutricionales\/wp-json\/wp\/v2\/users\/123"}],"replies":[{"embeddable":true,"href":"https:\/\/blogs.sld.cu\/anemiasnutricionales\/wp-json\/wp\/v2\/comments?post=50"}],"version-history":[{"count":7,"href":"https:\/\/blogs.sld.cu\/anemiasnutricionales\/wp-json\/wp\/v2\/pages\/50\/revisions"}],"predecessor-version":[{"id":85,"href":"https:\/\/blogs.sld.cu\/anemiasnutricionales\/wp-json\/wp\/v2\/pages\/50\/revisions\/85"}],"up":[{"embeddable":true,"href":"https:\/\/blogs.sld.cu\/anemiasnutricionales\/wp-json\/wp\/v2\/pages\/21"}],"wp:attachment":[{"href":"https:\/\/blogs.sld.cu\/anemiasnutricionales\/wp-json\/wp\/v2\/media?parent=50"}],"curies":[{"name":"wp","href":"https:\/\/api.w.org\/{rel}","templated":true}]}}