{"id":89,"date":"2021-10-01T16:02:58","date_gmt":"2021-10-01T16:02:58","guid":{"rendered":"https:\/\/blogs.sld.cu\/anemiasnutricionales\/?page_id=89"},"modified":"2021-11-08T18:20:42","modified_gmt":"2021-11-08T18:20:42","slug":"hola-a-todos","status":"publish","type":"page","link":"https:\/\/blogs.sld.cu\/anemiasnutricionales\/","title":{"rendered":"Inicio"},"content":{"rendered":"<div id='1' class='widgets_on_page wop_tiny1  wop_small1  wop_medium1  wop_large1  wop_wide1'>\n\t\t\t<ul><li id=\"meteor-slides-widget-2\" class=\"widget widget_meteor-slides-widget\">\t\r\n\t\t\r\n\t<div id=\"meteor-slideshownuevo\" class=\"meteor-slides nuevo navpaged { next: '#meteor-nextnuevo', prev: '#meteor-prevnuevo', pager: '#meteor-buttonsnuevo' }\">\r\n\t\r\n\t\t\t\r\n\t\t\t\r\n\t\t\t<div id=\"meteor-buttonsnuevo\" class=\"meteor-buttons\"><\/div>\r\n\t\t\t\r\n\t\t\t\t\r\n\t\t\t\r\n\t\t<div class=\"meteor-clip\">\r\n\t\r\n\t\t\t\t\r\n\t\t\t<img style=\"visibility: hidden;\" class=\"meteor-shim\" src=\"https:\/\/blogs.sld.cu\/anemiasnutricionales\/files\/2021\/02\/anemia2ww-718x200.jpg\" alt=\"\" \/>\r\n\t\t\t<div class=\"mslide mslide-1\">\r\n\t\t\t\t\r\n\t\t\t\t\t\t\t\t\t\r\n\t\t\t\t\t<img width=\"700\" height=\"195\" src=\"https:\/\/blogs.sld.cu\/anemiasnutricionales\/files\/2021\/02\/anemia2ww-718x200.jpg\" class=\"attachment-featured-slide size-featured-slide wp-post-image\" alt=\"\" loading=\"lazy\" title=\"gl\u00f3bulos  rojos\" \/>\t\t\t\t\t\r\n\t\t\t\t\t\t\t\r\n\t\t\t<\/div><!-- .mslide -->\r\n\t\t\t\r\n\t\t\t\t\t\t\r\n\t\t\t\t\r\n\t\t\t\r\n\t\t\t<div class=\"mslide mslide-2\">\r\n\t\t\t\t\r\n\t\t\t\t\t\t\t\t\t\r\n\t\t\t\t\t<img width=\"700\" height=\"200\" src=\"https:\/\/blogs.sld.cu\/anemiasnutricionales\/files\/2021\/02\/ninoanamia333333-700x200.jpg\" class=\"attachment-featured-slide size-featured-slide wp-post-image\" alt=\"\" loading=\"lazy\" title=\"Ni\u00f1o con anemia\" \/>\t\t\t\t\t\r\n\t\t\t\t\t\t\t\r\n\t\t\t<\/div><!-- .mslide -->\r\n\t\t\t\r\n\t\t\t\t\t\t\r\n\t\t\t\t\r\n\t\t\t\r\n\t\t\t<div class=\"mslide mslide-3\">\r\n\t\t\t\t\r\n\t\t\t\t\t\t\t\t\t\t\r\n\t\t\t\t\t<a href=\"http:\/\/blogs.sld.cu\/anemiasnutricionales\/files\/2021\/02\/anemia2ww.jpg\" title=\"Ni\u00f1o sin apetito\"><img width=\"700\" height=\"200\" src=\"https:\/\/blogs.sld.cu\/anemiasnutricionales\/files\/2021\/02\/ninosinhambre-700x200.jpg\" class=\"attachment-featured-slide size-featured-slide wp-post-image\" alt=\"\" loading=\"lazy\" title=\"Ni\u00f1o sin apetito\" \/><\/a>\r\n\t\t\t\r\n\t\t\t\t\t\t\t\r\n\t\t\t<\/div><!-- .mslide -->\r\n\t\t\t\r\n\t\t\t\t\t\t\r\n\t\t\t\t\r\n\t\t<\/div><!-- .meteor-clip -->\r\n\t\t\t\t\r\n\t\t\t\t\t\r\n\t<\/div><!-- .meteor-slides -->\r\n\t\r\n\t<\/li><\/ul><\/div><!-- widgets_on_page -->\n<p>Bienvenidos al sitio web sobre <strong>Anemias nutricionales,<\/strong> que forma parte del\u00a0Portal de Enfermedades\u00a0de la red Infomed.<\/p>\n<p>La anemia es una afecci\u00f3n en la que el n\u00famero de gl\u00f3bulos rojos y la concentraci\u00f3n de hemoglobina est\u00e1n por debajo de los valores considerados normales. Estos valores var\u00edan seg\u00fan la edad, el sexo, la altitud, entre otros factores.<\/p>\n<p>Los gl\u00f3bulos rojos o hemat\u00edes son los que se encargan de suministrar el ox\u00edgeno a los tejidos y la hemoglobina es la prote\u00edna rica en hierro que le da el color rojo a la sangre tiempo permite a los gl\u00f3bulos rojos transportar el ox\u00edgeno de los pulmones al resto del cuerpo.<\/p>\n","protected":false},"excerpt":{"rendered":"<p>Bienvenidos al sitio web sobre Anemias nutricionales, que forma parte del\u00a0Portal de Enfermedades\u00a0de la red Infomed. La anemia es una afecci\u00f3n en la que el n\u00famero de gl\u00f3bulos rojos y la concentraci\u00f3n de hemoglobina est\u00e1n por debajo de los valores considerados normales. Estos valores var\u00edan seg\u00fan la edad, el sexo, la altitud, entre otros factores. [&hellip;]<\/p>\n","protected":false},"author":123,"featured_media":0,"parent":0,"menu_order":0,"comment_status":"closed","ping_status":"closed","template":"","meta":[],"_links":{"self":[{"href":"https:\/\/blogs.sld.cu\/anemiasnutricionales\/wp-json\/wp\/v2\/pages\/89"}],"collection":[{"href":"https:\/\/blogs.sld.cu\/anemiasnutricionales\/wp-json\/wp\/v2\/pages"}],"about":[{"href":"https:\/\/blogs.sld.cu\/anemiasnutricionales\/wp-json\/wp\/v2\/types\/page"}],"author":[{"embeddable":true,"href":"https:\/\/blogs.sld.cu\/anemiasnutricionales\/wp-json\/wp\/v2\/users\/123"}],"replies":[{"embeddable":true,"href":"https:\/\/blogs.sld.cu\/anemiasnutricionales\/wp-json\/wp\/v2\/comments?post=89"}],"version-history":[{"count":4,"href":"https:\/\/blogs.sld.cu\/anemiasnutricionales\/wp-json\/wp\/v2\/pages\/89\/revisions"}],"predecessor-version":[{"id":129,"href":"https:\/\/blogs.sld.cu\/anemiasnutricionales\/wp-json\/wp\/v2\/pages\/89\/revisions\/129"}],"wp:attachment":[{"href":"https:\/\/blogs.sld.cu\/anemiasnutricionales\/wp-json\/wp\/v2\/media?parent=89"}],"curies":[{"name":"wp","href":"https:\/\/api.w.org\/{rel}","templated":true}]}}