{"id":10,"date":"2022-10-10T19:59:44","date_gmt":"2022-10-10T19:59:44","guid":{"rendered":"https:\/\/blogs.sld.cu\/aneurismadelaaortaabdominal\/?page_id=10"},"modified":"2023-04-17T01:38:08","modified_gmt":"2023-04-17T01:38:08","slug":"acerca-de","status":"publish","type":"page","link":"https:\/\/blogs.sld.cu\/aneurismadelaaortaabdominal\/acerca-de\/","title":{"rendered":"Acerca de"},"content":{"rendered":"<p>Esta enfermedad es m\u00e1s frecuente en los hombres. y\u00a0 como explicamos\u00a0 es la dilataci\u00f3n en un tramo, de la pared de la aorta, que se extiende desde el coraz\u00f3n hasta la regi\u00f3n lumbar normalmente tiene un di\u00e1metro de alrededor de 1.9 cm en las mujeres y 2.3 cm en los hombres y la dilataci\u00f3n puede ir aumentando con el tiempo e incluso romperse, lo que constituye en ese caso una urgencia m\u00e9dica, con tratamiento quir\u00fargico de urgencia. El aneurisma es una bolsa que se forma en la pared del vaso y que impide el flujo normal de la sangre, lo que es un problema ya que este vaso arterial irriga los \u00f3rganos de la cavidad abdominal, de la pelvis pero tambi\u00e9n de ella salen vasos que irrigan\u00a0 las extremidades inferiores.<\/p>\n<p><img loading=\"lazy\" class=\"alignnone size-full wp-image-131\" src=\"https:\/\/blogs.sld.cu\/aneurismadelaaortaabdominal\/files\/2023\/04\/ianeurisma111111111.jpg\" alt=\"\" width=\"205\" height=\"246\" \/><\/p>\n","protected":false},"excerpt":{"rendered":"<p>Esta enfermedad es m\u00e1s frecuente en los hombres. y\u00a0 como explicamos\u00a0 es la dilataci\u00f3n en un tramo, de la pared de la aorta, que se extiende desde el coraz\u00f3n hasta la regi\u00f3n lumbar normalmente tiene un di\u00e1metro de alrededor de 1.9 cm en las mujeres y 2.3 cm en los hombres y la dilataci\u00f3n puede [&hellip;]<\/p>\n","protected":false},"author":208,"featured_media":0,"parent":0,"menu_order":0,"comment_status":"closed","ping_status":"closed","template":"","meta":[],"_links":{"self":[{"href":"https:\/\/blogs.sld.cu\/aneurismadelaaortaabdominal\/wp-json\/wp\/v2\/pages\/10"}],"collection":[{"href":"https:\/\/blogs.sld.cu\/aneurismadelaaortaabdominal\/wp-json\/wp\/v2\/pages"}],"about":[{"href":"https:\/\/blogs.sld.cu\/aneurismadelaaortaabdominal\/wp-json\/wp\/v2\/types\/page"}],"author":[{"embeddable":true,"href":"https:\/\/blogs.sld.cu\/aneurismadelaaortaabdominal\/wp-json\/wp\/v2\/users\/208"}],"replies":[{"embeddable":true,"href":"https:\/\/blogs.sld.cu\/aneurismadelaaortaabdominal\/wp-json\/wp\/v2\/comments?post=10"}],"version-history":[{"count":11,"href":"https:\/\/blogs.sld.cu\/aneurismadelaaortaabdominal\/wp-json\/wp\/v2\/pages\/10\/revisions"}],"predecessor-version":[{"id":170,"href":"https:\/\/blogs.sld.cu\/aneurismadelaaortaabdominal\/wp-json\/wp\/v2\/pages\/10\/revisions\/170"}],"wp:attachment":[{"href":"https:\/\/blogs.sld.cu\/aneurismadelaaortaabdominal\/wp-json\/wp\/v2\/media?parent=10"}],"curies":[{"name":"wp","href":"https:\/\/api.w.org\/{rel}","templated":true}]}}