{"id":14,"date":"2022-10-10T20:06:46","date_gmt":"2022-10-10T20:06:46","guid":{"rendered":"https:\/\/blogs.sld.cu\/aneurismadelaaortaabdominal\/?page_id=14"},"modified":"2023-04-15T04:45:10","modified_gmt":"2023-04-15T04:45:10","slug":"causas-sintomas","status":"publish","type":"page","link":"https:\/\/blogs.sld.cu\/aneurismadelaaortaabdominal\/causas-sintomas\/","title":{"rendered":"Causas\/S\u00edntomas"},"content":{"rendered":"<p>Las causas son diversas unas no controlables como el envejecimiento, pero otras como el habito de fumar, el colesterol, en cifras altas mantenidas, producto de una alimentaci\u00f3n inadecuada. Esas si pueden ser controladas. La enfermedad puede transcurrir sin s\u00edntomas evidentes. El paciente puede sentir una sensaci\u00f3n puls\u00e1til , en la regi\u00f3n abdominal.<\/p>\n<p>En la imagen se muestra la aorta normal\u00a0 y la aorta con anurisma, que se ve como una bolsa, por lo que se altera el flujo normal de la sangre.<\/p>\n<p>El aneurisma puede seguir aumentando y estallar.<\/p>\n<p><img loading=\"lazy\" class=\"alignnone size-full wp-image-55\" src=\"https:\/\/blogs.sld.cu\/aneurismadelaaortaabdominal\/files\/2023\/03\/aneurisma222222222222.jpg\" alt=\"\" width=\"275\" height=\"184\" srcset=\"https:\/\/blogs.sld.cu\/aneurismadelaaortaabdominal\/files\/2023\/03\/aneurisma222222222222.jpg 275w, https:\/\/blogs.sld.cu\/aneurismadelaaortaabdominal\/files\/2023\/03\/aneurisma222222222222-250x167.jpg 250w\" sizes=\"(max-width: 275px) 100vw, 275px\" \/>Imagen tomada de:<\/p>\n","protected":false},"excerpt":{"rendered":"<p>Las causas son diversas unas no controlables como el envejecimiento, pero otras como el habito de fumar, el colesterol, en cifras altas mantenidas, producto de una alimentaci\u00f3n inadecuada. Esas si pueden ser controladas. La enfermedad puede transcurrir sin s\u00edntomas evidentes. El paciente puede sentir una sensaci\u00f3n puls\u00e1til , en la regi\u00f3n abdominal. En la imagen [&hellip;]<\/p>\n","protected":false},"author":208,"featured_media":0,"parent":0,"menu_order":0,"comment_status":"closed","ping_status":"closed","template":"","meta":[],"_links":{"self":[{"href":"https:\/\/blogs.sld.cu\/aneurismadelaaortaabdominal\/wp-json\/wp\/v2\/pages\/14"}],"collection":[{"href":"https:\/\/blogs.sld.cu\/aneurismadelaaortaabdominal\/wp-json\/wp\/v2\/pages"}],"about":[{"href":"https:\/\/blogs.sld.cu\/aneurismadelaaortaabdominal\/wp-json\/wp\/v2\/types\/page"}],"author":[{"embeddable":true,"href":"https:\/\/blogs.sld.cu\/aneurismadelaaortaabdominal\/wp-json\/wp\/v2\/users\/208"}],"replies":[{"embeddable":true,"href":"https:\/\/blogs.sld.cu\/aneurismadelaaortaabdominal\/wp-json\/wp\/v2\/comments?post=14"}],"version-history":[{"count":9,"href":"https:\/\/blogs.sld.cu\/aneurismadelaaortaabdominal\/wp-json\/wp\/v2\/pages\/14\/revisions"}],"predecessor-version":[{"id":135,"href":"https:\/\/blogs.sld.cu\/aneurismadelaaortaabdominal\/wp-json\/wp\/v2\/pages\/14\/revisions\/135"}],"wp:attachment":[{"href":"https:\/\/blogs.sld.cu\/aneurismadelaaortaabdominal\/wp-json\/wp\/v2\/media?parent=14"}],"curies":[{"name":"wp","href":"https:\/\/api.w.org\/{rel}","templated":true}]}}