{"id":16,"date":"2022-10-10T20:11:51","date_gmt":"2022-10-10T20:11:51","guid":{"rendered":"https:\/\/blogs.sld.cu\/aneurismadelaaortaabdominal\/?page_id=16"},"modified":"2023-04-27T19:18:57","modified_gmt":"2023-04-27T19:18:57","slug":"diagnostico-tratamiento","status":"publish","type":"page","link":"https:\/\/blogs.sld.cu\/aneurismadelaaortaabdominal\/diagnostico-tratamiento\/","title":{"rendered":"Diagn\u00f3stico\/Tratamiento"},"content":{"rendered":"<h2><strong>Diagn\u00f3stico<\/strong><\/h2>\n<p><img loading=\"lazy\" class=\"alignnone size-medium wp-image-192\" src=\"https:\/\/blogs.sld.cu\/aneurismadelaaortaabdominal\/files\/2023\/04\/25v60n06-13107121fig02-264x300.jpg\" alt=\"\" width=\"264\" height=\"300\" srcset=\"https:\/\/blogs.sld.cu\/aneurismadelaaortaabdominal\/files\/2023\/04\/25v60n06-13107121fig02-264x300.jpg 264w, https:\/\/blogs.sld.cu\/aneurismadelaaortaabdominal\/files\/2023\/04\/25v60n06-13107121fig02-900x1024.jpg 900w, https:\/\/blogs.sld.cu\/aneurismadelaaortaabdominal\/files\/2023\/04\/25v60n06-13107121fig02-768x874.jpg 768w, https:\/\/blogs.sld.cu\/aneurismadelaaortaabdominal\/files\/2023\/04\/25v60n06-13107121fig02-250x284.jpg 250w, https:\/\/blogs.sld.cu\/aneurismadelaaortaabdominal\/files\/2023\/04\/25v60n06-13107121fig02.jpg 964w\" sizes=\"(max-width: 264px) 100vw, 264px\" \/>\u00a0 <img loading=\"lazy\" class=\"alignnone size-medium wp-image-195\" src=\"https:\/\/blogs.sld.cu\/aneurismadelaaortaabdominal\/files\/2023\/04\/ECOGRAFIA-AAA-300x209.jpeg\" alt=\"Ecografia AAA\" width=\"300\" height=\"209\" srcset=\"https:\/\/blogs.sld.cu\/aneurismadelaaortaabdominal\/files\/2023\/04\/ECOGRAFIA-AAA-300x209.jpeg 300w, https:\/\/blogs.sld.cu\/aneurismadelaaortaabdominal\/files\/2023\/04\/ECOGRAFIA-AAA-768x534.jpeg 768w, https:\/\/blogs.sld.cu\/aneurismadelaaortaabdominal\/files\/2023\/04\/ECOGRAFIA-AAA-250x174.jpeg 250w, https:\/\/blogs.sld.cu\/aneurismadelaaortaabdominal\/files\/2023\/04\/ECOGRAFIA-AAA.jpeg 980w\" sizes=\"(max-width: 300px) 100vw, 300px\" \/><\/p>\n<p>El diagn\u00f3stico es imagenol\u00f3gico, aunque ante la sospecha, un m\u00e9dico experimentado puede sentir un latido puls\u00e1til al examinar el \u00e1rea abdominal y posteriormente indicar un estudio por im\u00e1genes, con Rayos X,\u00a0 ecograf\u00eda o tomograf\u00eda (TAC) .T\u00e9cnicas que faciliten la medici\u00f3n del aneurisma para valorar su crecimiento en el tiempo.<\/p>\n<p>En ocasiones el aneurisma se diagnostica en la autopsia, ya que al estallar y romperse la pared de la aorta, se produce una extensa hemorragia en la cavidad abdominal\u00a0 que conduce a la muerte.<\/p>\n<p>&nbsp;<\/p>\n<p><img loading=\"lazy\" class=\"alignnone size-full wp-image-139\" src=\"https:\/\/blogs.sld.cu\/aneurismadelaaortaabdominal\/files\/2023\/04\/aneurisma333333333333333.jpg\" alt=\"\" width=\"255\" height=\"198\" srcset=\"https:\/\/blogs.sld.cu\/aneurismadelaaortaabdominal\/files\/2023\/04\/aneurisma333333333333333.jpg 255w, https:\/\/blogs.sld.cu\/aneurismadelaaortaabdominal\/files\/2023\/04\/aneurisma333333333333333-250x194.jpg 250w\" sizes=\"(max-width: 255px) 100vw, 255px\" \/>:<\/p>\n<p>&nbsp;<\/p>\n<p>&nbsp;<\/p>\n<p>&nbsp;<\/p>\n<p>&nbsp;<\/p>\n<p>&nbsp;<\/p>\n<h2>Tratamiento<\/h2>\n<p>El tratamiento del aneurisma, esta en dependencia del tama\u00f1o y ubicaci\u00f3n\u00a0 del mismo.<\/p>\n<p>El aneurisma roto es\u00a0 una urgencia m\u00e9dica y siempre es quir\u00fargico<\/p>\n<p>El aneurisma no roto<\/p>\n<p>Puede ser por:<\/p>\n<ul>\n<li>\n<h3>Reparaci\u00f3n a\u00f3rtica\u00a0 endovascular(en el interior del vaso) EVAR por sus siglas en ingles<\/h3>\n<\/li>\n<li>\n<h3>Reparaci\u00f3n quir\u00fargica\u00a0 a\u00f3rtica abierta<\/h3>\n<\/li>\n<\/ul>\n<p>La primera es mediante un cat\u00e9ter,\u00a0 y la colocaci\u00f3n de un stent que normalice el flujo de sangre .<\/p>\n<p>La segunda implica una incisi\u00f3n en la cavidad abdominal y la extirpaci\u00f3n quir\u00fargica del aneurisma colocando en su lugar una pr\u00f3tesis de material sint\u00e9tico que contribuya a la normalizaci\u00f3n del flujo sangu\u00edneo, como se aprecia en la imagen. (Tomada de JAMA* para pacientes)<\/p>\n<p><img loading=\"lazy\" class=\"alignnone size-medium wp-image-173\" src=\"https:\/\/blogs.sld.cu\/aneurismadelaaortaabdominal\/files\/2023\/04\/Screenshot-2023-04-15-at-22-53-24-A9RE968.tmp-aorta-TTO.pdf-300x187.png\" alt=\"\" width=\"300\" height=\"187\" srcset=\"https:\/\/blogs.sld.cu\/aneurismadelaaortaabdominal\/files\/2023\/04\/Screenshot-2023-04-15-at-22-53-24-A9RE968.tmp-aorta-TTO.pdf-300x187.png 300w, https:\/\/blogs.sld.cu\/aneurismadelaaortaabdominal\/files\/2023\/04\/Screenshot-2023-04-15-at-22-53-24-A9RE968.tmp-aorta-TTO.pdf-1024x638.png 1024w, https:\/\/blogs.sld.cu\/aneurismadelaaortaabdominal\/files\/2023\/04\/Screenshot-2023-04-15-at-22-53-24-A9RE968.tmp-aorta-TTO.pdf-768x478.png 768w, https:\/\/blogs.sld.cu\/aneurismadelaaortaabdominal\/files\/2023\/04\/Screenshot-2023-04-15-at-22-53-24-A9RE968.tmp-aorta-TTO.pdf-250x156.png 250w, https:\/\/blogs.sld.cu\/aneurismadelaaortaabdominal\/files\/2023\/04\/Screenshot-2023-04-15-at-22-53-24-A9RE968.tmp-aorta-TTO.pdf.png 1280w\" sizes=\"(max-width: 300px) 100vw, 300px\" \/><\/p>\n<p>&nbsp;<\/p>\n<p>&nbsp;<\/p>\n<p>JAMA Journal American Medical Asociation)Para pacientes<\/p>\n","protected":false},"excerpt":{"rendered":"<p>Diagn\u00f3stico \u00a0 El diagn\u00f3stico es imagenol\u00f3gico, aunque ante la sospecha, un m\u00e9dico experimentado puede sentir un latido puls\u00e1til al examinar el \u00e1rea abdominal y posteriormente indicar un estudio por im\u00e1genes, con Rayos X,\u00a0 ecograf\u00eda o tomograf\u00eda (TAC) .T\u00e9cnicas que faciliten la medici\u00f3n del aneurisma para valorar su crecimiento en el tiempo. En ocasiones el aneurisma [&hellip;]<\/p>\n","protected":false},"author":208,"featured_media":0,"parent":0,"menu_order":0,"comment_status":"closed","ping_status":"closed","template":"","meta":[],"_links":{"self":[{"href":"https:\/\/blogs.sld.cu\/aneurismadelaaortaabdominal\/wp-json\/wp\/v2\/pages\/16"}],"collection":[{"href":"https:\/\/blogs.sld.cu\/aneurismadelaaortaabdominal\/wp-json\/wp\/v2\/pages"}],"about":[{"href":"https:\/\/blogs.sld.cu\/aneurismadelaaortaabdominal\/wp-json\/wp\/v2\/types\/page"}],"author":[{"embeddable":true,"href":"https:\/\/blogs.sld.cu\/aneurismadelaaortaabdominal\/wp-json\/wp\/v2\/users\/208"}],"replies":[{"embeddable":true,"href":"https:\/\/blogs.sld.cu\/aneurismadelaaortaabdominal\/wp-json\/wp\/v2\/comments?post=16"}],"version-history":[{"count":34,"href":"https:\/\/blogs.sld.cu\/aneurismadelaaortaabdominal\/wp-json\/wp\/v2\/pages\/16\/revisions"}],"predecessor-version":[{"id":214,"href":"https:\/\/blogs.sld.cu\/aneurismadelaaortaabdominal\/wp-json\/wp\/v2\/pages\/16\/revisions\/214"}],"wp:attachment":[{"href":"https:\/\/blogs.sld.cu\/aneurismadelaaortaabdominal\/wp-json\/wp\/v2\/media?parent=16"}],"curies":[{"name":"wp","href":"https:\/\/api.w.org\/{rel}","templated":true}]}}