{"id":186,"date":"2023-04-23T01:02:33","date_gmt":"2023-04-23T01:02:33","guid":{"rendered":"https:\/\/blogs.sld.cu\/aneurismadelaaortaabdominal\/?page_id=186"},"modified":"2023-04-29T09:09:16","modified_gmt":"2023-04-29T09:09:16","slug":"contacto","status":"publish","type":"page","link":"https:\/\/blogs.sld.cu\/aneurismadelaaortaabdominal\/contacto\/","title":{"rendered":"contacto"},"content":{"rendered":"<p><img loading=\"lazy\" class=\"alignnone wp-image-102\" src=\"https:\/\/blogs.sld.cu\/aneurismadelaaortaabdominal\/files\/2023\/04\/FB_IMG_1676847673186_kindlephoto-30796453.jpg\" alt=\"Dr.C Jose Ignacio Fernandez Montequin\" width=\"386\" height=\"488\" \/><\/p>\n<p>El editor del sitio es el\u00a0<strong>Doctor en Ciencias. C. Jos\u00e9 Ignacio Fern\u00e1ndez Montequin<\/strong>. Especialista de 1er y 2do. grado en Angiolog\u00eda y Cirug\u00eda vascular profesor titular y consultante de e la Universidad de Ciencias m\u00e9dicas de La Habana.\u00a0 Investigador titular del Instituto Nacional de Angiolog\u00eda y Cirug\u00eda vascular. Director del Instituto de Angiolog\u00eda y Cirug\u00eda vascular de 1995- .<\/p>\n<p>, Miembro del Board de la Uni\u00f3n Internacional de Angiolog\u00eda, y Miembro del Ejecutivo del <a href=\"https:\/\/www.ecured.cu\/index.php?title=Colegio_Mundial_de_Enfermedades_Vasculares&amp;action=edit&amp;redlink=1\">Colegio Mundial de Enfermedades Vasculares<\/a>.<\/p>\n<p>Director fundador de la Revista cubana de Angiolog\u00eda y cirug\u00eda vascular. Editor de cuatro\u00a0 sitios del Portal de Enfermedades de Infomed. Pionero en la aplicaci\u00f3n del Heberprot-p en Cuba y en el mundo. Premio anual de la Salud de Cuba 2021. Universidades<\/p>\n<p><strong>Sitios del Portal de Enfermedades<\/strong><\/p>\n<p><a href=\"https:\/\/blogs.sld.cu\/ttopiediabetico\" target=\"_blank\" rel=\"noopener\">Tratamiento M\u00e9dico quir\u00fargico del pie diab\u00e9tico<\/a><\/p>\n<p>Trombosis venosa (en construcci\u00f3n)<\/p>\n<p>Aneurisma AAA<\/p>\n<p>Varices (en construcci\u00f3n)<\/p>\n<p>Aneurisma AAA<\/p>\n<p>&nbsp;<\/p>\n","protected":false},"excerpt":{"rendered":"<p>El editor del sitio es el\u00a0Doctor en Ciencias. C. Jos\u00e9 Ignacio Fern\u00e1ndez Montequin. Especialista de 1er y 2do. grado en Angiolog\u00eda y Cirug\u00eda vascular profesor titular y consultante de e la Universidad de Ciencias m\u00e9dicas de La Habana.\u00a0 Investigador titular del Instituto Nacional de Angiolog\u00eda y Cirug\u00eda vascular. Director del Instituto de Angiolog\u00eda y Cirug\u00eda [&hellip;]<\/p>\n","protected":false},"author":208,"featured_media":0,"parent":0,"menu_order":0,"comment_status":"closed","ping_status":"closed","template":"","meta":[],"_links":{"self":[{"href":"https:\/\/blogs.sld.cu\/aneurismadelaaortaabdominal\/wp-json\/wp\/v2\/pages\/186"}],"collection":[{"href":"https:\/\/blogs.sld.cu\/aneurismadelaaortaabdominal\/wp-json\/wp\/v2\/pages"}],"about":[{"href":"https:\/\/blogs.sld.cu\/aneurismadelaaortaabdominal\/wp-json\/wp\/v2\/types\/page"}],"author":[{"embeddable":true,"href":"https:\/\/blogs.sld.cu\/aneurismadelaaortaabdominal\/wp-json\/wp\/v2\/users\/208"}],"replies":[{"embeddable":true,"href":"https:\/\/blogs.sld.cu\/aneurismadelaaortaabdominal\/wp-json\/wp\/v2\/comments?post=186"}],"version-history":[{"count":3,"href":"https:\/\/blogs.sld.cu\/aneurismadelaaortaabdominal\/wp-json\/wp\/v2\/pages\/186\/revisions"}],"predecessor-version":[{"id":189,"href":"https:\/\/blogs.sld.cu\/aneurismadelaaortaabdominal\/wp-json\/wp\/v2\/pages\/186\/revisions\/189"}],"wp:attachment":[{"href":"https:\/\/blogs.sld.cu\/aneurismadelaaortaabdominal\/wp-json\/wp\/v2\/media?parent=186"}],"curies":[{"name":"wp","href":"https:\/\/api.w.org\/{rel}","templated":true}]}}