{"id":22,"date":"2022-10-10T20:27:05","date_gmt":"2022-10-10T20:27:05","guid":{"rendered":"https:\/\/blogs.sld.cu\/aneurismadelaaortaabdominal\/?page_id=22"},"modified":"2023-04-29T09:34:18","modified_gmt":"2023-04-29T09:34:18","slug":"glosariodeangiologiaycv","status":"publish","type":"page","link":"https:\/\/blogs.sld.cu\/aneurismadelaaortaabdominal\/glosariodeangiologiaycv\/","title":{"rendered":"Glosario de t\u00e9rminos de Angiolog\u00eda"},"content":{"rendered":"<h3>T\u00e9rminos relacionados con Angiologia y cirug\u00eda vascular<\/h3>\n<h3>A<\/h3>\n<p><b>Angiograf\u00eda<\/b><strong>:<\/strong><\/p>\n<p>Angi\u00f3loga y angi\u00f3logo. El profesional femenino o masculino\u00a0 que trata las enfermedades vasculares.<\/p>\n<p>Arterias:<\/p>\n<p>Son vasos sangu\u00edneos que parten del coraz\u00f3n llevando sangre oxigenada y nutrientes, adem\u00e1s de otros componentes, a todos los \u00f3rganos del cuerpo. Son de 4 tama\u00f1os: grandes (el\u00e1sticas) como la aorta. Medianas o tambi\u00e9n llamadas musculares, que tienen nombre, seg\u00fan el \u00f3rgano al que lleguen, Y las arterias peque\u00f1as, y por \u00faltimo, l<b>as arteriolas , <\/b>que son los m\u00e1s peque\u00f1itos y que ayudan a controlar la presi\u00f3n de la sangre, antes de la llegada de esta a los lechos capilares, ya que las delgad\u00edsimas paredes de los capilares, no soportan, presiones elevadas y se romper\u00edan, causando hemorragias.<\/p>\n<h2>B<\/h2>\n<h2>C<\/h2>\n<h2>D<\/h2>\n<h2>E<\/h2>\n<p><strong>Ecocardiograf\u00eda<\/strong><\/p>\n<p><strong>Ectasia<\/strong><\/p>\n<p><strong>Enfermedad:<\/strong> no es sinonimo de patolog\u00eda, eso es incorrecto, Afecci\u00f3n si es sin\u00f3nimo. Patolog\u00eda es el estudio de las enfermedades, y es una palabra que vviene del griego. Pathos enfermedad, Logos. Estudio de en espa\u00f1ol es la terminaci\u00f3n logia. ej, Angiolog\u00eda, Histolog\u00eda estudio de\u00a0 los tejidos. Muchos profesionales las utilizan como sin\u00f3nimos Patolog\u00eda por Enfermedad, pero no es correcto. El AAA es una afecci\u00f3n, una enfermedad en griego un pathos, en franc\u00e9s una malade , y asi en diferentes idiomas.<\/p>\n<h2>F<\/h2>\n<p>Femoral<\/p>\n<p>Flebolog\u00eda. Estudio de las venas<\/p>\n<p>G<\/p>\n<h2>H<\/h2>\n<p><strong>Hemorragia<\/strong>: Salida de la sangre del interior de los vasos sangu\u00edneos, al tejido o cavidades circundantes que los contienen.ejemplo.<\/p>\n<p>Es lo que sucede cuando se rompe el aneurisma que la sangre contenida en la aorta, se\u00a0 derrama en la cavidad abdominal, provocando una extensa hemorragia. Al derramarse la sangre, no llega a los tejidos que tiene que nutrir y oxigenar, por lo que hay muerte de las c\u00e9lulas. En el ejemplo, deja de llegar sangre a los \u00f3rganos de la cavidad abdominal, a los \u00f3rganos de la pelvis, y a los de las extremidades inferiores, lo que conduce a la muerte.<\/p>\n<p><strong>Hipoxia:\u00a0<\/strong><\/p>\n<h2>I<\/h2>\n<p><strong>Inguinal:<\/strong><\/p>\n<h2>J<\/h2>\n<h2>K<\/h2>\n<h2>L<\/h2>\n<h2>M<\/h2>\n<h2>N<\/h2>\n<h2>O<\/h2>\n<h2>P<\/h2>\n<p>Patolog\u00eda Palabra de origen griego, que quiere decir, estudio de las enfermedades.<\/p>\n<p>Popl\u00edtea: por detr\u00e1s de la rodilla<\/p>\n<h2>Q<\/h2>\n<h2>R<\/h2>\n<h2>S<\/h2>\n<h2>T<\/h2>\n<h2>U<\/h2>\n<h2>V<\/h2>\n<p>&lt;venas: vasos sangu\u00edneos que llegan al coraz\u00f3n con la sangre no oxigenada y los metab\u00f3licos de todo el organismo.<\/p>\n<h2>W<\/h2>\n<h2>X<\/h2>\n<h2>Y<\/h2>\n<h2>Z<\/h2>\n","protected":false},"excerpt":{"rendered":"<p>T\u00e9rminos relacionados con Angiologia y cirug\u00eda vascular A Angiograf\u00eda: Angi\u00f3loga y angi\u00f3logo. El profesional femenino o masculino\u00a0 que trata las enfermedades vasculares. Arterias: Son vasos sangu\u00edneos que parten del coraz\u00f3n llevando sangre oxigenada y nutrientes, adem\u00e1s de otros componentes, a todos los \u00f3rganos del cuerpo. Son de 4 tama\u00f1os: grandes (el\u00e1sticas) como la aorta. Medianas [&hellip;]<\/p>\n","protected":false},"author":208,"featured_media":0,"parent":0,"menu_order":0,"comment_status":"closed","ping_status":"closed","template":"","meta":[],"_links":{"self":[{"href":"https:\/\/blogs.sld.cu\/aneurismadelaaortaabdominal\/wp-json\/wp\/v2\/pages\/22"}],"collection":[{"href":"https:\/\/blogs.sld.cu\/aneurismadelaaortaabdominal\/wp-json\/wp\/v2\/pages"}],"about":[{"href":"https:\/\/blogs.sld.cu\/aneurismadelaaortaabdominal\/wp-json\/wp\/v2\/types\/page"}],"author":[{"embeddable":true,"href":"https:\/\/blogs.sld.cu\/aneurismadelaaortaabdominal\/wp-json\/wp\/v2\/users\/208"}],"replies":[{"embeddable":true,"href":"https:\/\/blogs.sld.cu\/aneurismadelaaortaabdominal\/wp-json\/wp\/v2\/comments?post=22"}],"version-history":[{"count":13,"href":"https:\/\/blogs.sld.cu\/aneurismadelaaortaabdominal\/wp-json\/wp\/v2\/pages\/22\/revisions"}],"predecessor-version":[{"id":255,"href":"https:\/\/blogs.sld.cu\/aneurismadelaaortaabdominal\/wp-json\/wp\/v2\/pages\/22\/revisions\/255"}],"wp:attachment":[{"href":"https:\/\/blogs.sld.cu\/aneurismadelaaortaabdominal\/wp-json\/wp\/v2\/media?parent=22"}],"curies":[{"name":"wp","href":"https:\/\/api.w.org\/{rel}","templated":true}]}}