{"id":24,"date":"2022-10-10T20:28:59","date_gmt":"2022-10-10T20:28:59","guid":{"rendered":"https:\/\/blogs.sld.cu\/aneurismadelaaortaabdominal\/?page_id=24"},"modified":"2023-04-27T18:13:34","modified_gmt":"2023-04-27T18:13:34","slug":"preguntas-frecuentes","status":"publish","type":"page","link":"https:\/\/blogs.sld.cu\/aneurismadelaaortaabdominal\/preguntas-frecuentes\/","title":{"rendered":"Preguntas frecuentes"},"content":{"rendered":"<p>sobre\u00a0 AAA<\/p>\n<h3>Los aneurismas se forman solamente en la aorta abdominal?<\/h3>\n<p>Los aneurismas pueden formarse sobre cualquier vaso arterial del organismo humano. Las arterias que mas se ven afectadas por dilataciones aneurism\u00e1ticas son: las cerebrales, las car\u00f3tidas, coronarias, aorta tor\u00e1cica y abdominal, iliacas,femorales y popliteas<\/p>\n<p>&nbsp;<\/p>\n<h3>Despu\u00e9s de la cirug\u00eda abierta puede repetir en otra parte de la aorta?<\/h3>\n<p>Pueden aparecer en otras arterias el organismo<\/p>\n<p>&nbsp;<\/p>\n<h3>Puede morir una persona por la presencia del aneurisma?<\/h3>\n<p>Si, pueden sufrir de rupturas del saco aneurismatico y morir por hemorragias agudas. Son enfermedades\u00a0 de muy alto riesgo y deben atenderse y tener seguimiento medico en cuanto se diagnostican.<\/p>\n<p>&nbsp;<\/p>\n<p>Los aneurismas solo se forman en la aorta abdominal?<\/p>\n<p>&nbsp;<\/p>\n<p>Despu\u00e9s de la cirug\u00eda abierta puede repetir en otra parte de la aorta?<\/p>\n<p>&nbsp;<\/p>\n<p>Puede morir una persona por la presencia del aneurisma?<\/p>\n<p>&nbsp;<\/p>\n","protected":false},"excerpt":{"rendered":"<p>sobre\u00a0 AAA Los aneurismas se forman solamente en la aorta abdominal? Los aneurismas pueden formarse sobre cualquier vaso arterial del organismo humano. Las arterias que mas se ven afectadas por dilataciones aneurism\u00e1ticas son: las cerebrales, las car\u00f3tidas, coronarias, aorta tor\u00e1cica y abdominal, iliacas,femorales y popliteas &nbsp; Despu\u00e9s de la cirug\u00eda abierta puede repetir en otra [&hellip;]<\/p>\n","protected":false},"author":208,"featured_media":0,"parent":0,"menu_order":0,"comment_status":"closed","ping_status":"closed","template":"","meta":[],"_links":{"self":[{"href":"https:\/\/blogs.sld.cu\/aneurismadelaaortaabdominal\/wp-json\/wp\/v2\/pages\/24"}],"collection":[{"href":"https:\/\/blogs.sld.cu\/aneurismadelaaortaabdominal\/wp-json\/wp\/v2\/pages"}],"about":[{"href":"https:\/\/blogs.sld.cu\/aneurismadelaaortaabdominal\/wp-json\/wp\/v2\/types\/page"}],"author":[{"embeddable":true,"href":"https:\/\/blogs.sld.cu\/aneurismadelaaortaabdominal\/wp-json\/wp\/v2\/users\/208"}],"replies":[{"embeddable":true,"href":"https:\/\/blogs.sld.cu\/aneurismadelaaortaabdominal\/wp-json\/wp\/v2\/comments?post=24"}],"version-history":[{"count":5,"href":"https:\/\/blogs.sld.cu\/aneurismadelaaortaabdominal\/wp-json\/wp\/v2\/pages\/24\/revisions"}],"predecessor-version":[{"id":208,"href":"https:\/\/blogs.sld.cu\/aneurismadelaaortaabdominal\/wp-json\/wp\/v2\/pages\/24\/revisions\/208"}],"wp:attachment":[{"href":"https:\/\/blogs.sld.cu\/aneurismadelaaortaabdominal\/wp-json\/wp\/v2\/media?parent=24"}],"curies":[{"name":"wp","href":"https:\/\/api.w.org\/{rel}","templated":true}]}}