{"id":28,"date":"2022-10-10T21:04:04","date_gmt":"2022-10-10T21:04:04","guid":{"rendered":"https:\/\/blogs.sld.cu\/aneurismadelaaortaabdominal\/?page_id=28"},"modified":"2023-04-23T04:05:39","modified_gmt":"2023-04-23T04:05:39","slug":"recursos-deinformacion","status":"publish","type":"page","link":"https:\/\/blogs.sld.cu\/aneurismadelaaortaabdominal\/recursos-deinformacion\/","title":{"rendered":"Recursos deinformaci\u00f3n"},"content":{"rendered":"<p>El Dr.<a href=\"https:\/\/www.carlosvaqueropuerta.com\/\" target=\"_blank\" rel=\"noopener\">Carlos Vaquero Puerta<\/a> ha puesto a disposici\u00f3n de todos libros muy valiosos para nuestra especialidad, los ponemos a disposici\u00f3n de todos los interesados en los temas de Angiolog\u00eda.<\/p>\n<p>Estudiantes y residentes<\/p>\n","protected":false},"excerpt":{"rendered":"<p>El Dr.Carlos Vaquero Puerta ha puesto a disposici\u00f3n de todos libros muy valiosos para nuestra especialidad, los ponemos a disposici\u00f3n de todos los interesados en los temas de Angiolog\u00eda. Estudiantes y residentes<\/p>\n","protected":false},"author":208,"featured_media":0,"parent":0,"menu_order":0,"comment_status":"closed","ping_status":"closed","template":"","meta":[],"_links":{"self":[{"href":"https:\/\/blogs.sld.cu\/aneurismadelaaortaabdominal\/wp-json\/wp\/v2\/pages\/28"}],"collection":[{"href":"https:\/\/blogs.sld.cu\/aneurismadelaaortaabdominal\/wp-json\/wp\/v2\/pages"}],"about":[{"href":"https:\/\/blogs.sld.cu\/aneurismadelaaortaabdominal\/wp-json\/wp\/v2\/types\/page"}],"author":[{"embeddable":true,"href":"https:\/\/blogs.sld.cu\/aneurismadelaaortaabdominal\/wp-json\/wp\/v2\/users\/208"}],"replies":[{"embeddable":true,"href":"https:\/\/blogs.sld.cu\/aneurismadelaaortaabdominal\/wp-json\/wp\/v2\/comments?post=28"}],"version-history":[{"count":3,"href":"https:\/\/blogs.sld.cu\/aneurismadelaaortaabdominal\/wp-json\/wp\/v2\/pages\/28\/revisions"}],"predecessor-version":[{"id":198,"href":"https:\/\/blogs.sld.cu\/aneurismadelaaortaabdominal\/wp-json\/wp\/v2\/pages\/28\/revisions\/198"}],"wp:attachment":[{"href":"https:\/\/blogs.sld.cu\/aneurismadelaaortaabdominal\/wp-json\/wp\/v2\/media?parent=28"}],"curies":[{"name":"wp","href":"https:\/\/api.w.org\/{rel}","templated":true}]}}