{"id":35,"date":"2023-03-12T23:10:53","date_gmt":"2023-03-12T23:10:53","guid":{"rendered":"https:\/\/blogs.sld.cu\/aneurismadelaaortaabdominal\/?page_id=35"},"modified":"2023-04-29T08:54:47","modified_gmt":"2023-04-29T08:54:47","slug":"dr-c-jose-ignacio-fernandez-montequin","status":"publish","type":"page","link":"https:\/\/blogs.sld.cu\/aneurismadelaaortaabdominal\/dr-c-jose-ignacio-fernandez-montequin\/","title":{"rendered":"Dr.C. Jos\u00e9 Ignacio Fern\u00e1ndez Montequ\u00edn"},"content":{"rendered":"<p><img loading=\"lazy\" class=\"alignnone wp-image-102\" src=\"https:\/\/blogs.sld.cu\/aneurismadelaaortaabdominal\/files\/2023\/04\/FB_IMG_1676847673186_kindlephoto-30796453.jpg\" alt=\"Dr.C Jose Ignacio Fernandez Montequin\" width=\"419\" height=\"531\" \/><\/p>\n<p>&nbsp;<\/p>\n<p>El editor del sitio es el <strong>Dr. C. Jos\u00e9 Ignacio Fern\u00e1ndez Montequin<\/strong>. Especialista de 1er y 2do. grado en Angiolog\u00eda y Cirug\u00eda vascular profesor titular y consultante de\u00a0 la Universidad de Ciencias m\u00e9dicas de La Habana.\u00a0 Investigador titular del Instituto Nacional de Angiolog\u00eda y Cirug\u00eda vascular. Director fundador de la Revista cubana de Angiolog\u00eda y cirug\u00eda vascular en el a\u00f1o 2000.<\/p>\n<p>, Miembro del Board de la Uni\u00f3n Internacional de Angiolog\u00eda, y Miembro del ejecutivo del <a href=\"https:\/\/www.ecured.cu\/index.php?title=Colegio_Mundial_de_Enfermedades_Vasculares&amp;action=edit&amp;redlink=1\">Colegio Mundial de Enfermedades Vasculares<\/a>.Director del INACV desde 1995-<\/p>\n<p>Editor de cuatro\u00a0 sitios del Portal de Enfermedades de Infomed. Pionero en la aplicaci\u00f3n del Heberprot-p en Cuba y en el mundo. Premio anual de la Salud de Cuba 2021. Profesor invitado de variasUniversidades, de Cuba, Estados Unidos, Venezuela. Fue el iniciador en Cub (2001) y en varios pa\u00edses, en la aplicaci\u00f3n del Heberprot-p, medicamento producto de la biotecnolog\u00eda cubana, que ha reducido considerablemente el numero de amputaciones de extremidades en pacientes con pie diab\u00e9tico.<\/p>\n<p><strong>Sitios del Portal de Enfermedades<\/strong><\/p>\n<p><a href=\"https:\/\/blogs.sld.cu\/ttopiediabetico\" target=\"_blank\" rel=\"noopener\">Tratamiento M\u00e9dico quir\u00fargico del pie diab\u00e9tico<\/a><\/p>\n<p>Trombosis venosa (en construcci\u00f3n)<\/p>\n<p>Varices (en construcci\u00f3n)<\/p>\n<p>Aneurisma AAA<\/p>\n","protected":false},"excerpt":{"rendered":"<p>&nbsp; El editor del sitio es el Dr. C. Jos\u00e9 Ignacio Fern\u00e1ndez Montequin. Especialista de 1er y 2do. grado en Angiolog\u00eda y Cirug\u00eda vascular profesor titular y consultante de\u00a0 la Universidad de Ciencias m\u00e9dicas de La Habana.\u00a0 Investigador titular del Instituto Nacional de Angiolog\u00eda y Cirug\u00eda vascular. Director fundador de la Revista cubana de Angiolog\u00eda [&hellip;]<\/p>\n","protected":false},"author":208,"featured_media":0,"parent":0,"menu_order":0,"comment_status":"closed","ping_status":"closed","template":"","meta":[],"_links":{"self":[{"href":"https:\/\/blogs.sld.cu\/aneurismadelaaortaabdominal\/wp-json\/wp\/v2\/pages\/35"}],"collection":[{"href":"https:\/\/blogs.sld.cu\/aneurismadelaaortaabdominal\/wp-json\/wp\/v2\/pages"}],"about":[{"href":"https:\/\/blogs.sld.cu\/aneurismadelaaortaabdominal\/wp-json\/wp\/v2\/types\/page"}],"author":[{"embeddable":true,"href":"https:\/\/blogs.sld.cu\/aneurismadelaaortaabdominal\/wp-json\/wp\/v2\/users\/208"}],"replies":[{"embeddable":true,"href":"https:\/\/blogs.sld.cu\/aneurismadelaaortaabdominal\/wp-json\/wp\/v2\/comments?post=35"}],"version-history":[{"count":20,"href":"https:\/\/blogs.sld.cu\/aneurismadelaaortaabdominal\/wp-json\/wp\/v2\/pages\/35\/revisions"}],"predecessor-version":[{"id":248,"href":"https:\/\/blogs.sld.cu\/aneurismadelaaortaabdominal\/wp-json\/wp\/v2\/pages\/35\/revisions\/248"}],"wp:attachment":[{"href":"https:\/\/blogs.sld.cu\/aneurismadelaaortaabdominal\/wp-json\/wp\/v2\/media?parent=35"}],"curies":[{"name":"wp","href":"https:\/\/api.w.org\/{rel}","templated":true}]}}