{"id":33,"date":"2021-04-23T14:08:06","date_gmt":"2021-04-23T14:08:06","guid":{"rendered":"http:\/\/blogs.sld.cu\/areane\/?page_id=33"},"modified":"2021-05-21T14:29:55","modified_gmt":"2021-05-21T14:29:55","slug":"acerca-de","status":"publish","type":"page","link":"https:\/\/blogs.sld.cu\/areane\/acerca-de\/","title":{"rendered":"Acerca de"},"content":{"rendered":"<p><b><span lang=\"ES-TRAD\">Somos el Grupo Atenci\u00f3n a Usuarios (GAU), el cual surgi\u00f3 en el a\u00f1o 1997 con el objetivo de hacer cumplir la pol\u00edtica de los procedimientos del acceso de los usuarios a la red. Inicialmente se comenz\u00f3 con un peque\u00f1o servidor y 20 usuarios, hoy en d\u00eda ya contamos con m\u00e1s de\u00a0 55 000 usuarios en todo el pais.<\/span><\/b><\/p>\n<p><b><span lang=\"ES-TRAD\">En sus inicios la oficina estuvo ubicada en el propio <\/span><\/b><span lang=\"ES-TRAD\">Centro Nacional de Informaci\u00f3n de Ciencias M\u00e9dicas (CNICM), situado en Calle 27 e\/ N y M, Vedado, posteriormente pas\u00f3 a 23 y N donde se encuentra la Biblioteca\u00a0M\u00e9dica Nacional. En estos\u00a0 momentos nos encontramos en la <strong>Calle<\/strong><strong> 23 esq. a J<\/strong> desde junio del 2006.<\/span><\/p>\n","protected":false},"excerpt":{"rendered":"<p>Somos el Grupo Atenci\u00f3n a Usuarios (GAU), el cual surgi\u00f3 en el a\u00f1o 1997 con el objetivo de hacer cumplir la pol\u00edtica de los procedimientos del acceso de los usuarios a la red. Inicialmente se comenz\u00f3 con un peque\u00f1o servidor y 20 usuarios, hoy en d\u00eda ya contamos con m\u00e1s de\u00a0 55 000 usuarios en [&hellip;]<\/p>\n","protected":false},"author":198,"featured_media":0,"parent":0,"menu_order":0,"comment_status":"closed","ping_status":"closed","template":"","meta":[],"_links":{"self":[{"href":"https:\/\/blogs.sld.cu\/areane\/wp-json\/wp\/v2\/pages\/33"}],"collection":[{"href":"https:\/\/blogs.sld.cu\/areane\/wp-json\/wp\/v2\/pages"}],"about":[{"href":"https:\/\/blogs.sld.cu\/areane\/wp-json\/wp\/v2\/types\/page"}],"author":[{"embeddable":true,"href":"https:\/\/blogs.sld.cu\/areane\/wp-json\/wp\/v2\/users\/198"}],"replies":[{"embeddable":true,"href":"https:\/\/blogs.sld.cu\/areane\/wp-json\/wp\/v2\/comments?post=33"}],"version-history":[{"count":3,"href":"https:\/\/blogs.sld.cu\/areane\/wp-json\/wp\/v2\/pages\/33\/revisions"}],"predecessor-version":[{"id":76,"href":"https:\/\/blogs.sld.cu\/areane\/wp-json\/wp\/v2\/pages\/33\/revisions\/76"}],"wp:attachment":[{"href":"https:\/\/blogs.sld.cu\/areane\/wp-json\/wp\/v2\/media?parent=33"}],"curies":[{"name":"wp","href":"https:\/\/api.w.org\/{rel}","templated":true}]}}