{"id":53,"date":"2021-04-23T14:51:44","date_gmt":"2021-04-23T14:51:44","guid":{"rendered":"http:\/\/blogs.sld.cu\/areane\/?page_id=53"},"modified":"2021-04-23T14:51:44","modified_gmt":"2021-04-23T14:51:44","slug":"documentos-legales","status":"publish","type":"page","link":"https:\/\/blogs.sld.cu\/areane\/documentos-legales\/","title":{"rendered":"Documentos legales"},"content":{"rendered":"<p>Aqu\u00ed podr\u00e1 obtener los suplementos al contrato correspondientes a listas de distribuci\u00f3n y hospedaje web.<\/p>\n","protected":false},"excerpt":{"rendered":"<p>Aqu\u00ed podr\u00e1 obtener los suplementos al contrato correspondientes a listas de distribuci\u00f3n y hospedaje web.<\/p>\n","protected":false},"author":198,"featured_media":0,"parent":0,"menu_order":0,"comment_status":"closed","ping_status":"closed","template":"sidebar-content.php","meta":[],"_links":{"self":[{"href":"https:\/\/blogs.sld.cu\/areane\/wp-json\/wp\/v2\/pages\/53"}],"collection":[{"href":"https:\/\/blogs.sld.cu\/areane\/wp-json\/wp\/v2\/pages"}],"about":[{"href":"https:\/\/blogs.sld.cu\/areane\/wp-json\/wp\/v2\/types\/page"}],"author":[{"embeddable":true,"href":"https:\/\/blogs.sld.cu\/areane\/wp-json\/wp\/v2\/users\/198"}],"replies":[{"embeddable":true,"href":"https:\/\/blogs.sld.cu\/areane\/wp-json\/wp\/v2\/comments?post=53"}],"version-history":[{"count":1,"href":"https:\/\/blogs.sld.cu\/areane\/wp-json\/wp\/v2\/pages\/53\/revisions"}],"predecessor-version":[{"id":54,"href":"https:\/\/blogs.sld.cu\/areane\/wp-json\/wp\/v2\/pages\/53\/revisions\/54"}],"wp:attachment":[{"href":"https:\/\/blogs.sld.cu\/areane\/wp-json\/wp\/v2\/media?parent=53"}],"curies":[{"name":"wp","href":"https:\/\/api.w.org\/{rel}","templated":true}]}}